{"id":8814,"date":"2022-10-24T08:38:59","date_gmt":"2022-10-24T06:38:59","guid":{"rendered":"https:\/\/premek.it\/chi-siamo\/"},"modified":"2023-12-05T12:56:16","modified_gmt":"2023-12-05T11:56:16","slug":"ueber-uns","status":"publish","type":"page","link":"https:\/\/premek.it\/de\/ueber-uns\/","title":{"rendered":"\u00dcBER UNS"},"content":{"rendered":"<div class=\"intro-page\">\n<h1>\u00dcBER UNS<\/h1>\n<h2>Neue Horizonte: die Richtung unserer Erfahrung<\/h2>\n<p><i>\u201cWir tun und haben immer beschlossen, das zu tun, was andere nicht tun. Aus unserer Sicht bedeutet dies, \u00fcber den Tellerrand hinauszuschauen.\u201d<\/i><\/p>\n<p>Seit 1978 hat Premek Hi Tech den Weg des technologischen Fortschritts und der kontinuierlichen Innovation eingeschlagen, um neue Sektoren in Angriff auf einem sich st\u00e4ndig erweiternden Markt zu nehmen: ein Weg des Wachstums mit einem festen und entschlossenen Schritt, der das gesamte erworbene Know-how mit sich bringt.\n<\/p>\n<\/div>\n<div class=\"rows-hp anni\">\n<div class=\"row-hp odd\">\n<div class=\"column-text\">\n<div class=\"cont2img\">\n<div class=\"gallery-container\" id=\"animated-thumbnails-gallery\"><a data-lg-size=\"1200-800\" class=\"gallery-item\" data-src=\"\/wp-content\/uploads\/premek-chi-siamo-i-primi-dipendenti.jpg\"><br \/>\n<img loading=\"lazy\" decoding=\"async\" width=\"1200\" height=\"800\" src=\"https:\/\/premek.it\/wp-content\/uploads\/premek-chi-siamo-i-primi-dipendenti.jpg\" class=\"\" alt=\"I primi dipendenti - Premek\" srcset=\"https:\/\/premek.it\/wp-content\/uploads\/premek-chi-siamo-i-primi-dipendenti.jpg 1200w, https:\/\/premek.it\/wp-content\/uploads\/premek-chi-siamo-i-primi-dipendenti-300x200.jpg 300w, https:\/\/premek.it\/wp-content\/uploads\/premek-chi-siamo-i-primi-dipendenti-1024x683.jpg 1024w, https:\/\/premek.it\/wp-content\/uploads\/premek-chi-siamo-i-primi-dipendenti-768x512.jpg 768w, https:\/\/premek.it\/wp-content\/uploads\/premek-chi-siamo-i-primi-dipendenti-480x320.jpg 480w\" sizes=\"auto, (max-width: 1200px) 100vw, 1200px\" \/><br \/>\n<\/a><br \/>\n<a data-lg-size=\"1200-800\" class=\"gallery-item\" data-src=\"\/wp-content\/uploads\/premek-chi-siamo-il-primo-mezzo.jpg\"><br \/>\n<img loading=\"lazy\" decoding=\"async\" width=\"1200\" height=\"800\" src=\"https:\/\/premek.it\/wp-content\/uploads\/premek-chi-siamo-il-primo-mezzo.jpg\" class=\"\" alt=\"Il primo mezzo - Premek\" srcset=\"https:\/\/premek.it\/wp-content\/uploads\/premek-chi-siamo-il-primo-mezzo.jpg 1200w, https:\/\/premek.it\/wp-content\/uploads\/premek-chi-siamo-il-primo-mezzo-300x200.jpg 300w, https:\/\/premek.it\/wp-content\/uploads\/premek-chi-siamo-il-primo-mezzo-1024x683.jpg 1024w, https:\/\/premek.it\/wp-content\/uploads\/premek-chi-siamo-il-primo-mezzo-768x512.jpg 768w, https:\/\/premek.it\/wp-content\/uploads\/premek-chi-siamo-il-primo-mezzo-480x320.jpg 480w\" sizes=\"auto, (max-width: 1200px) 100vw, 1200px\" \/><br \/>\n<\/a><\/div>\n<\/div>\n<div class=\"row-hp-text\">In den 1970er und 1980er Jahren f\u00fchrte Premek Hi Tech mechanische Bearbeitungen mit konventionellen Drehverfahren durch und richtete sich dabei an italienische Kunden und nur an bestimmte Branchen.<\/div>\n<\/div>\n<div class=\"column-year column-img reveal\">\n<div><span class=\"year y70\">70<\/span><br \/>\n<span class=\"year y80-1\">80<\/span><\/div>\n<\/div>\n<\/div>\n<div class=\"row-hp even\">\n<div class=\"column-text\">\n<div class=\"row-hp-text\">\n<p>In den 1980er und 1990er Jahren erweiterte sich das Gesch\u00e4ft von Premek Hi Tech und \u00f6ffnete sich den Anforderungen der internationalen Kunden. Von der reinen mechanischen Bearbeitung durch CNC-Dreh- und Fr\u00e4sbearbeitung weitete sich die T\u00e4tigkeit des Unternehmens auf die Beschaffung von Rohmaterial, W\u00e4rmebehandlungen und die Ausf\u00fchrung von Oberfl\u00e4chenbehandlungen aus.<\/p>\n<\/div>\n<\/div>\n<div class=\"column-year column-img reveal\">\n<div>\n<p><span class=\"year y90\">90<\/span><br \/>\n<span class=\"year y80-2\">80<\/span><\/p>\n<\/div>\n<\/div>\n<\/div>\n<div class=\"row-hp odd\">\n<div class=\"column-text\">\n<div class=\"cont2img\">\n<div class=\"gallery-container\" id=\"animated-thumbnails-gallery\"><a data-lg-size=\"1200-800\" class=\"gallery-item\" data-src=\"\/wp-content\/uploads\/premek-chi-siamo-produzione.jpg\"><br \/>\n<img loading=\"lazy\" decoding=\"async\" width=\"1200\" height=\"800\" src=\"https:\/\/premek.it\/wp-content\/uploads\/premek-chi-siamo-produzione.jpg\" class=\"\" alt=\"\" srcset=\"https:\/\/premek.it\/wp-content\/uploads\/premek-chi-siamo-produzione.jpg 1200w, https:\/\/premek.it\/wp-content\/uploads\/premek-chi-siamo-produzione-300x200.jpg 300w, https:\/\/premek.it\/wp-content\/uploads\/premek-chi-siamo-produzione-1024x683.jpg 1024w, https:\/\/premek.it\/wp-content\/uploads\/premek-chi-siamo-produzione-768x512.jpg 768w, https:\/\/premek.it\/wp-content\/uploads\/premek-chi-siamo-produzione-480x320.jpg 480w\" sizes=\"auto, (max-width: 1200px) 100vw, 1200px\" \/><br \/>\n<\/a><br \/>\n<a data-lg-size=\"1200-800\" class=\"gallery-item\" data-src=\"\/wp-content\/uploads\/premek-chi-siamo-controlli.jpg\"><br \/>\n<img loading=\"lazy\" decoding=\"async\" width=\"1200\" height=\"800\" src=\"https:\/\/premek.it\/wp-content\/uploads\/premek-chi-siamo-controlli.jpg\" class=\"\" alt=\"\" srcset=\"https:\/\/premek.it\/wp-content\/uploads\/premek-chi-siamo-controlli.jpg 1200w, https:\/\/premek.it\/wp-content\/uploads\/premek-chi-siamo-controlli-300x200.jpg 300w, https:\/\/premek.it\/wp-content\/uploads\/premek-chi-siamo-controlli-1024x683.jpg 1024w, https:\/\/premek.it\/wp-content\/uploads\/premek-chi-siamo-controlli-768x512.jpg 768w, https:\/\/premek.it\/wp-content\/uploads\/premek-chi-siamo-controlli-480x320.jpg 480w\" sizes=\"auto, (max-width: 1200px) 100vw, 1200px\" \/><br \/>\n<\/a><\/div>\n<\/div>\n<div class=\"row-hp-text\">Im dritten Jahrtausend ist Premek Hi Tech in einem besonders intensiven Entwicklungsprozess begriffen. Neben der mechanischen Bearbeitung, der Rohmaterialbeschaffung, der W\u00e4rmebehandlung und der Oberfl\u00e4chenveredelung begann das Unternehmen mit der Montage von Systemen. Heute ist das Unternehmen in der Lage, die Bed\u00fcrfnisse von mehr als 400 Kunden auf der ganzen Welt und aus mehreren Branchen zu erf\u00fcllen.<\/div>\n<\/div>\n<div class=\"column-year column-img reveal\">\n<div>\n<p class=\"year ny\">Neu<span><\/span>es jahr<span><\/span>taus<span><\/span>end<\/p>\n<\/div>\n<\/div>\n<\/div>\n<\/div>\n<div class=\"vision\">\n<h2>VISION<\/h2>\n<p>\u201cPrinzipien helfen uns, einen weiten Weg zu gehen, wenn wir sie immer in uns tragen und sie konsequent in die Praxis umsetzen.\u201d<\/p>\n<div class=\"\"><picture><source media=\"(min-width: 481px)\" srcset=\"\/wp-content\/uploads\/premek-vision-desktop-de.jpg\" \/><\/picture>\n<picture><source media=\"(max-width: 480px)\" srcset=\"\/wp-content\/uploads\/premek-vision-mobile-de.jpg\" \/><\/picture>\n<picture><img decoding=\"async\" src=\"\/wp-content\/uploads\/premek-vision-desktop-de.jpg\" alt=\"\" \/><\/picture><\/div>\n<\/div>\n<div class=\"yt-video\">\n<h2>UNTERNEHMENSVIDEO<\/h2>\n<p>\t<iframe loading=\"lazy\" width=\"1120\" height=\"630\" src=\"https:\/\/www.youtube-nocookie.com\/embed\/i18GhyIY8d4?si=2RZ-ZmvPf1xwXu4b&amp;controls=0\" title=\"YouTube video player\" frameborder=\"0\" allow=\"accelerometer; autoplay; clipboard-write; encrypted-media; gyroscope; picture-in-picture; web-share\" allowfullscreen><\/iframe>\n<\/div>\n","protected":false},"excerpt":{"rendered":"<p>\u00dcBER UNS Neue Horizonte: die Richtung unserer Erfahrung \u201cWir tun und haben immer beschlossen, das zu tun, was andere nicht tun. Aus unserer Sicht bedeutet dies, \u00fcber den Tellerrand hinauszuschauen.\u201d Seit 1978 hat Premek Hi Tech den Weg des technologischen Fortschritts und der kontinuierlichen Innovation eingeschlagen, um neue Sektoren in Angriff auf einem sich st\u00e4ndig [&hellip;]<\/p>\n","protected":false},"author":1,"featured_media":0,"parent":0,"menu_order":0,"comment_status":"closed","ping_status":"closed","template":"","meta":{"_acf_changed":false,"inline_featured_image":false,"footnotes":""},"class_list":["post-8814","page","type-page","status-publish","hentry"],"acf":[],"yoast_head":"<!-- This site is optimized with the Yoast SEO plugin v27.4 - https:\/\/yoast.com\/product\/yoast-seo-wordpress\/ -->\n<title>\u00dcBER UNS - Premek Hi Tech<\/title>\n<meta name=\"description\" content=\"\u00dcBER UNS Neue Horizonte: die Richtung unserer Erfahrung \u201cWir tun und haben immer beschlossen, das zu tun, was andere nicht tun. Aus unserer Sicht bedeutet\" \/>\n<meta name=\"robots\" content=\"index, follow, max-snippet:-1, max-image-preview:large, max-video-preview:-1\" \/>\n<link rel=\"canonical\" href=\"https:\/\/premek.it\/de\/ueber-uns\/\" \/>\n<meta property=\"og:locale\" content=\"de_DE\" \/>\n<meta property=\"og:type\" content=\"article\" \/>\n<meta property=\"og:title\" content=\"\u00dcBER UNS - Premek Hi Tech\" \/>\n<meta property=\"og:description\" content=\"\u00dcBER UNS Neue Horizonte: die Richtung unserer Erfahrung \u201cWir tun und haben immer beschlossen, das zu tun, was andere nicht tun. Aus unserer Sicht bedeutet\" \/>\n<meta property=\"og:url\" content=\"https:\/\/premek.it\/de\/ueber-uns\/\" \/>\n<meta property=\"og:site_name\" content=\"Premek Hi Tech\" \/>\n<meta property=\"article:modified_time\" content=\"2023-12-05T11:56:16+00:00\" \/>\n<meta name=\"twitter:card\" content=\"summary_large_image\" \/>\n<meta name=\"twitter:label1\" content=\"Gesch\u00e4tzte Lesezeit\" \/>\n\t<meta name=\"twitter:data1\" content=\"2\u00a0Minuten\" \/>\n<script type=\"application\/ld+json\" class=\"yoast-schema-graph\">{\"@context\":\"https:\\\/\\\/schema.org\",\"@graph\":[{\"@type\":\"WebPage\",\"@id\":\"https:\\\/\\\/premek.it\\\/de\\\/ueber-uns\\\/\",\"url\":\"https:\\\/\\\/premek.it\\\/de\\\/ueber-uns\\\/\",\"name\":\"\u00dcBER UNS - Premek Hi Tech\",\"isPartOf\":{\"@id\":\"https:\\\/\\\/premek.it\\\/de\\\/#website\"},\"datePublished\":\"2022-10-24T06:38:59+00:00\",\"dateModified\":\"2023-12-05T11:56:16+00:00\",\"description\":\"\u00dcBER UNS Neue Horizonte: die Richtung unserer Erfahrung \u201cWir tun und haben immer beschlossen, das zu tun, was andere nicht tun. Aus unserer Sicht bedeutet\",\"breadcrumb\":{\"@id\":\"https:\\\/\\\/premek.it\\\/de\\\/ueber-uns\\\/#breadcrumb\"},\"inLanguage\":\"de\",\"potentialAction\":[{\"@type\":\"ReadAction\",\"target\":[\"https:\\\/\\\/premek.it\\\/de\\\/ueber-uns\\\/\"]}]},{\"@type\":\"BreadcrumbList\",\"@id\":\"https:\\\/\\\/premek.it\\\/de\\\/ueber-uns\\\/#breadcrumb\",\"itemListElement\":[{\"@type\":\"ListItem\",\"position\":1,\"name\":\"Home\",\"item\":\"https:\\\/\\\/premek.it\\\/de\\\/\"},{\"@type\":\"ListItem\",\"position\":2,\"name\":\"\u00dcBER UNS\"}]},{\"@type\":\"WebSite\",\"@id\":\"https:\\\/\\\/premek.it\\\/de\\\/#website\",\"url\":\"https:\\\/\\\/premek.it\\\/de\\\/\",\"name\":\"Premek Hi Tech\",\"description\":\"Pr\u00e4zisionsmechanik\",\"potentialAction\":[{\"@type\":\"SearchAction\",\"target\":{\"@type\":\"EntryPoint\",\"urlTemplate\":\"https:\\\/\\\/premek.it\\\/de\\\/?s={search_term_string}\"},\"query-input\":{\"@type\":\"PropertyValueSpecification\",\"valueRequired\":true,\"valueName\":\"search_term_string\"}}],\"inLanguage\":\"de\"}]}<\/script>\n<!-- \/ Yoast SEO plugin. -->","yoast_head_json":{"title":"\u00dcBER UNS - Premek Hi Tech","description":"\u00dcBER UNS Neue Horizonte: die Richtung unserer Erfahrung \u201cWir tun und haben immer beschlossen, das zu tun, was andere nicht tun. Aus unserer Sicht bedeutet","robots":{"index":"index","follow":"follow","max-snippet":"max-snippet:-1","max-image-preview":"max-image-preview:large","max-video-preview":"max-video-preview:-1"},"canonical":"https:\/\/premek.it\/de\/ueber-uns\/","og_locale":"de_DE","og_type":"article","og_title":"\u00dcBER UNS - Premek Hi Tech","og_description":"\u00dcBER UNS Neue Horizonte: die Richtung unserer Erfahrung \u201cWir tun und haben immer beschlossen, das zu tun, was andere nicht tun. Aus unserer Sicht bedeutet","og_url":"https:\/\/premek.it\/de\/ueber-uns\/","og_site_name":"Premek Hi Tech","article_modified_time":"2023-12-05T11:56:16+00:00","twitter_card":"summary_large_image","twitter_misc":{"Gesch\u00e4tzte Lesezeit":"2\u00a0Minuten"},"schema":{"@context":"https:\/\/schema.org","@graph":[{"@type":"WebPage","@id":"https:\/\/premek.it\/de\/ueber-uns\/","url":"https:\/\/premek.it\/de\/ueber-uns\/","name":"\u00dcBER UNS - Premek Hi Tech","isPartOf":{"@id":"https:\/\/premek.it\/de\/#website"},"datePublished":"2022-10-24T06:38:59+00:00","dateModified":"2023-12-05T11:56:16+00:00","description":"\u00dcBER UNS Neue Horizonte: die Richtung unserer Erfahrung \u201cWir tun und haben immer beschlossen, das zu tun, was andere nicht tun. Aus unserer Sicht bedeutet","breadcrumb":{"@id":"https:\/\/premek.it\/de\/ueber-uns\/#breadcrumb"},"inLanguage":"de","potentialAction":[{"@type":"ReadAction","target":["https:\/\/premek.it\/de\/ueber-uns\/"]}]},{"@type":"BreadcrumbList","@id":"https:\/\/premek.it\/de\/ueber-uns\/#breadcrumb","itemListElement":[{"@type":"ListItem","position":1,"name":"Home","item":"https:\/\/premek.it\/de\/"},{"@type":"ListItem","position":2,"name":"\u00dcBER UNS"}]},{"@type":"WebSite","@id":"https:\/\/premek.it\/de\/#website","url":"https:\/\/premek.it\/de\/","name":"Premek Hi Tech","description":"Pr\u00e4zisionsmechanik","potentialAction":[{"@type":"SearchAction","target":{"@type":"EntryPoint","urlTemplate":"https:\/\/premek.it\/de\/?s={search_term_string}"},"query-input":{"@type":"PropertyValueSpecification","valueRequired":true,"valueName":"search_term_string"}}],"inLanguage":"de"}]}},"_links":{"self":[{"href":"https:\/\/premek.it\/de\/wp-json\/wp\/v2\/pages\/8814","targetHints":{"allow":["GET"]}}],"collection":[{"href":"https:\/\/premek.it\/de\/wp-json\/wp\/v2\/pages"}],"about":[{"href":"https:\/\/premek.it\/de\/wp-json\/wp\/v2\/types\/page"}],"author":[{"embeddable":true,"href":"https:\/\/premek.it\/de\/wp-json\/wp\/v2\/users\/1"}],"replies":[{"embeddable":true,"href":"https:\/\/premek.it\/de\/wp-json\/wp\/v2\/comments?post=8814"}],"version-history":[{"count":4,"href":"https:\/\/premek.it\/de\/wp-json\/wp\/v2\/pages\/8814\/revisions"}],"predecessor-version":[{"id":9019,"href":"https:\/\/premek.it\/de\/wp-json\/wp\/v2\/pages\/8814\/revisions\/9019"}],"wp:attachment":[{"href":"https:\/\/premek.it\/de\/wp-json\/wp\/v2\/media?parent=8814"}],"curies":[{"name":"wp","href":"https:\/\/api.w.org\/{rel}","templated":true}]}}