{"id":8829,"date":"2022-10-24T12:47:47","date_gmt":"2022-10-24T10:47:47","guid":{"rendered":"https:\/\/premek.it\/il-gruppo\/"},"modified":"2025-12-05T11:00:55","modified_gmt":"2025-12-05T10:00:55","slug":"die-gruppe","status":"publish","type":"page","link":"https:\/\/premek.it\/de\/die-gruppe\/","title":{"rendered":"Die gruppe"},"content":{"rendered":"<div class=\"intro-page\">\n<h1>DIE GRUPPE<\/h1>\n<h2>Eine pr\u00e4zise Teamarbeit<\/h2>\n<p><i>\u201cDas Schicksal eines Produktionsunternehmens h\u00e4ngt zu einem gro\u00dfen Teil von Entscheidungen ab, die im industriellen Prozess vor- oder nachgelagert sind.\u201d<\/i><\/p>\n<p>Ordnung und Organisation sind die Schl\u00fcsselw\u00f6rter f\u00fcr ein Unternehmen, das nicht nur in seiner Produktionsspezialit\u00e4t, sondern auch in seinem Ansatz f\u00fcr den Markt gewachsen ist.<\/p>\n<\/div>\n<div class=\"intro-gruppo alto\">\n<div class=\"intro-gruppo-txt\">\n<div>\n<div>\n<h3>Premek Hi Tech<\/h3>\n<p><strong>Premek Hi Tech<\/strong> ist ein Unternehmen, das sich auf die Herstellung und Montage von Pr\u00e4zisionskomponenten haupts\u00e4chlich f\u00fcr den ausl\u00e4ndischen Markt spezialisiert hat und das einer Gruppe von miteinander verbundenen Unternehmen vorsteht. Dort arbeiten etwa sechzig Mitarbeiter, darunter Maschinenbediener und B\u00fcroangestellte.<\/p>\n<p>          Die wichtige Marktentwicklung in Nordeuropa war auch der Grund f\u00fcr die Er\u00f6ffnung von <strong>Premek Hi Tech Schweden<\/strong>, einer Verkaufsniederlassung in Karlstad, und <strong>Premek Hi Tech Deutschland<\/strong>, einer Verkaufsniederlassung in M\u00fcnchen.\n        <\/p>\n<\/p><\/div>\n<\/p><\/div>\n<\/p><\/div>\n<\/div>\n<div class=\"rows-hp\">\n<div class=\"row-hp odd\">\n<div class=\"column-text\">\n<h2>M\u00c4RKTE<\/h2>\n<div class=\"row-hp-text\">\n<p><i>\u201cDer konsolidierte Vergleich mit &#8218;pr\u00e4zisen&#8216; M\u00e4rkten, wie denen in Mittel- und Nordeuropa, ist ein fester Bestandteil unserer Unternehmenskultur.\u201d <\/i><\/p>\n<\/p><\/div>\n<\/p><\/div>\n<div class=\"column-img \">\n<div class=\"img-container reveal gallery-container-\">\n            <img loading=\"lazy\" decoding=\"async\" width=\"1000\" height=\"625\" src=\"https:\/\/premek.it\/wp-content\/uploads\/premek-mercati.jpg\" class=\"\" alt=\"\" srcset=\"https:\/\/premek.it\/wp-content\/uploads\/premek-mercati.jpg 1000w, https:\/\/premek.it\/wp-content\/uploads\/premek-mercati-300x188.jpg 300w, https:\/\/premek.it\/wp-content\/uploads\/premek-mercati-768x480.jpg 768w, https:\/\/premek.it\/wp-content\/uploads\/premek-mercati-480x300.jpg 480w\" sizes=\"auto, (max-width: 1000px) 100vw, 1000px\" \/>\n      <\/div>\n<\/p><\/div>\n<\/p><\/div>\n<div class=\"row-hp even\">\n<div class=\"column-text\">\n<h2>HAUPTBEREICHE DES AUSLANDSVERTRIEBS<\/h2>\n<div class=\"row-hp-text\">\n<p>\n          Heute sind mehr als 75% der Produktion f\u00fcr das Ausland bestimmt, und zwar sowohl f\u00fcr etablierte Gebiete wie Nordeuropa als auch f\u00fcr neue, in j\u00fcngster Zeit expandierende au\u00dfereurop\u00e4ische Absatzm\u00e4rkte.<\/p>\n<p>\n            \u00dcber die variablen Zahlen hinaus gibt es die Gewissheit und Zufriedenheit langfristiger Beziehungen mit wichtigen Industriegruppen, die eine stabile Basis und Voraussetzungen f\u00fcr die Entwicklung in der nahen Zukunft bieten.\n          <\/p>\n<\/p><\/div>\n<\/p><\/div>\n<div class=\"column-img \">\n<div class=\"img-container reveall\">\n<div class=\"chart-cont\">\n          <canvas id=\"myChart2\" width=\"400\" height=\"400\"><\/canvas>\n  <div id=\"legend-container2\">\n    <ul>\n\n    <\/ul>\n\n  <\/div>\n          <script>\n          \/\/gestione legenda custom\n          const getOrCreateLegendList2 = (chart, id) => {\n            const legendContainer2 = document.getElementById(id);\n            let listContainer2 = legendContainer2.querySelector(\"ul\");\n\n            if (!listContainer2) {\n              listContainer2 = document.createElement(\"ul\");\n              listContainer2.style.display = \"flex\";\n              listContainer2.style.flexDirection = \"row\";\n              listContainer2.style.margin = 0;\n              listContainer2.style.padding = 0;\n\n              legendContainer2.appendChild(listContainer2);\n            }\n\n            return listContainer2;\n          };\n\n          const htmlLegendPlugin2 = {\n            id: \"htmlLegend2\",\n            afterUpdate(chart, args, options) {\n              const ul2 = getOrCreateLegendList2(chart, options.containerID);\n\n              \/\/ Remove old legend items\n              while (ul2.firstChild) {\n                ul2.firstChild.remove();\n              }\n\n              \/\/ Reuse the built-in legendItems generator\n              const items2 = chart.options.plugins.legend.labels.generateLabels(chart);\n\n              items2.forEach(item => {\n                const li2 = document.createElement(\"li\");\n                li2.style.alignItems = \"center\";\n                li2.style.cursor = \"pointer\";\n                li2.style.display = \"flex\";\n                li2.style.flexDirection = \"row\";\n                li2.style.marginLeft = \"10px\";\n\n                li2.onclick = () => {\n                  const {type2} = chart.config;\n                  if (type2 === \"pie\" || type2 === \"doughnut\") {\n                    \/\/ Pie and doughnut charts only have a single dataset and visibility is per item\n                    chart.toggleDataVisibility(item.index);\n                  } else {\n                    chart.setDatasetVisibility(item.datasetIndex, !chart.isDatasetVisible(item.datasetIndex));\n                  }\n                  chart.update();\n                };\n\n                \/\/ Color box\n                const boxSpan = document.createElement(\"span\");\n                boxSpan.style.background = item.fillStyle;\n                boxSpan.style.borderColor = item.strokeStyle;\n                boxSpan.style.borderWidth = item.lineWidth + \"px\";\n                boxSpan.style.display = \"inline-block\";\n                boxSpan.style.height = \"20px\";\n                boxSpan.style.marginRight = \"10px\";\n                boxSpan.style.width = \"20px\";\n\n                \/\/ Text\n                const textContainer = document.createElement(\"p\");\n                textContainer.style.color = item.fontColor;\n                textContainer.style.margin = 0;\n                textContainer.style.padding = 0;\n                textContainer.style.textDecoration = item.hidden ? \"line-through\" : \"\";\n\n                const myvalue=(chart.config._config.data.datasets[0].data[item.index]);\n                const text = document.createTextNode(item.text +\" - \"+ myvalue +\"%\");\n                textContainer.appendChild(text);\n\n                li2.appendChild(boxSpan);\n                li2.appendChild(textContainer);\n                ul2.appendChild(li2);\n              });\n            }\n          };\n          \/\/fine gestione legenda custom\n          var viewport_width = window.innerWidth;\n          var leg_position=\"right\";\n\n          if(viewport_width<=767){\n            leg_position=\"bottom\";\n          }\n          var ctx = document.getElementById(\"myChart2\");\n          var myChart = new Chart(ctx, {\n            type: \"pie\",\n            data: {\n              labels: [\n                \"Italien\",\n                \"Schweden\",\n                \"Frankreich\",\n                \"Deutschland\",\n                \"D\u00e4nemark\",\n                \"Schweiz\",\n                \"Tschechische Republik\",\n                \"Gro\u00dfbritannien\",\n                \"Andere\",\n                \"\u00d6sterreich\",\n                \"Norwegen\",\n                \"Ungarn\",\n              ],\n              datasets: [{\n                label: \"Dataset\",\n                data: [27,25,15,13,4,3,3,3,3,2,1,1],\n                backgroundColor: [\n                  \"#4673b1\",\n                  \"#b44745\",\n                  \"#8cae4d\",\n                  \"#79609b\",\n                  \"#3a9ab7\",\n                  \"#e58036\",\n                  \"#538bd4\",\n                  \"#d54d4a\",\n                  \"#a2cb4d\",\n                  \"#8765b1\",\n                  \"#41bada\",\n                  \"#ff942e\",\n                ],\n                hoverOffset: 4\n              }]\n            },\n            options: {\n              plugins: {\n                htmlLegend2: {\n                  \/\/ ID of the container to put the legend in\n                  containerID: \"legend-container2\",\n                },\n                legend: {\n                  display: false,\n                  position: leg_position,\n                  labels: {\n                    color: \"rgb(0,0,0)\",\n                    boxWidth:15,\n                  }\n                },\n                tooltip :{\n                  enabled: true,\n                  callbacks : {\n                    label: function(context) {\n                      console.log(context);\n                        let label = context.label + \" - \" + context.parsed +\"%\";\n                        return label;\n                    }\n                  }\n                }\n              }\n            },\n            plugins: [htmlLegendPlugin2],\n\n          }\n        );\n\n\n      <\/script>\n          <\/div>\n<\/p><\/div>\n<\/p><\/div>\n<\/p><\/div>\n<div class=\"row-hp odd\">\n<div class=\"column-text\">\n<h2>DIVERSIFIZIERUNGSPOLITIK<\/h2>\n<div class=\"row-hp-text\">\n<p>\n          <i>\u201cIn einer sich st\u00e4ndig ver\u00e4ndernden Welt ist die Produktdifferenzierung eine &#8217;nat\u00fcrliche&#8216; Form der Anpassung. F\u00fcr uns ist sie aber auch ein kreativer Anreiz.\u201d <\/i><br \/>Mehr als vierhundert Kunden weltweit, darunter viele multinationale Unternehmen, mit einem au\u00dfergew\u00f6hnlichen Spektrum an Produktionssektoren, das weiter w\u00e4chst: <strong>Automobil, Industriefahrzeuge, Lebensmittel und Medizintechnik, Optomechanik, Luft- und Raumfahrt, Hydraulik und Pneumatik, Energie und Chemie, Industrieausr\u00fcstung und Automatisierung, allgemeine Mechanik, Freizeitprodukte, Bauwesen<\/strong> und <strong>andere Sektoren<\/strong> (Telekommunikation, mechanische Textilien, Haushaltsger\u00e4te, Badezimmereinrichtungen).\n          <\/p>\n<\/p><\/div>\n<\/p><\/div>\n<div class=\"column-img \">\n<div class=\"img-container reveal\"><img loading=\"lazy\" decoding=\"async\" width=\"570\" height=\"350\" src=\"https:\/\/premek.it\/wp-content\/uploads\/premek-prodotti-energia-chimico.jpg\" class=\"\" alt=\"\" srcset=\"https:\/\/premek.it\/wp-content\/uploads\/premek-prodotti-energia-chimico.jpg 570w, https:\/\/premek.it\/wp-content\/uploads\/premek-prodotti-energia-chimico-300x184.jpg 300w, https:\/\/premek.it\/wp-content\/uploads\/premek-prodotti-energia-chimico-480x295.jpg 480w\" sizes=\"auto, (max-width: 570px) 100vw, 570px\" \/>  <\/div>\n<\/p><\/div>\n<\/p><\/div>\n<div class=\"row-hp even\">\n<div class=\"column-text\">\n<div class=\"row-hp-text\">\n<p>\n          Die Differenzierung wird st\u00e4ndig von der Marktdynamik inspiriert: Es liegt in der DNA von Premek Hi Tech, neue Herausforderungen anzunehmen, wenn innovative technologische Inhalte zus\u00e4tzliche Produktionsm\u00f6glichkeiten bieten.\n          <\/p>\n<\/p><\/div>\n<\/p><\/div>\n<div class=\"column-img \">\n<div class=\"img-container reveall\">\n<div class=\"chart-cont\">\n          <canvas id=\"myChart3\" width=\"200\" height=\"200\"><\/canvas>\n  <div id=\"legend-container3\">\n    <ul>\n    <\/ul>\n\n  <\/div>\n          <script>\n          \/\/gestione legenda custom\n          const getOrCreateLegendList3 = (chart, id) => {\n            const legendContainer3 = document.getElementById(id);\n            let listContainer3 = legendContainer3.querySelector(\"ul\");\n\n            if (!listContainer3) {\n              listContainer3 = document.createElement(\"ul\");\n              listContainer3.style.display = \"flex\";\n              listContainer3.style.flexDirection = \"row\";\n              listContainer3.style.margin = 0;\n              listContainer3.style.padding = 0;\n\n              legendContainer3.appendChild(listContainer3);\n            }\n\n            return listContainer3;\n          };\n\n          const htmlLegendPlugin3 = {\n            id: \"htmlLegend3\",\n            afterUpdate(chart, args, options) {\n              const ul3 = getOrCreateLegendList3(chart, options.containerID);\n\n              \/\/ Remove old legend items\n              while (ul3.firstChild) {\n                ul3.firstChild.remove();\n              }\n\n              \/\/ Reuse the built-in legendItems generator\n              const items3 = chart.options.plugins.legend.labels.generateLabels(chart);\n\n              items3.forEach(item => {\n                const li3 = document.createElement(\"li\");\n                li3.style.alignItems = \"top\";\n                li3.style.cursor = \"pointer\";\n                li3.style.display = \"flex\";\n                li3.style.flexDirection = \"row\";\n                li3.style.marginLeft = \"10px\";\n\n                li3.onclick = () => {\n                  const {type3} = chart.config;\n                  if (type3 === \"pie\" || type3 === \"doughnut\") {\n                    \/\/ Pie and doughnut charts only have a single dataset and visibility is per item\n                    chart.toggleDataVisibility(item.index);\n                  } else {\n                    chart.setDatasetVisibility(item.datasetIndex, !chart.isDatasetVisible(item.datasetIndex));\n                  }\n                  chart.update();\n                };\n\n                \/\/ Color box\n                const boxSpan = document.createElement(\"span\");\n                boxSpan.style.background = item.fillStyle;\n                boxSpan.style.borderColor = item.strokeStyle;\n                boxSpan.style.borderWidth = item.lineWidth + \"px\";\n                boxSpan.style.display = \"inline-block\";\n                boxSpan.style.height = \"20px\";\n                boxSpan.style.marginRight = \"10px\";\n                boxSpan.style.width = \"20px\";\n\n                \/\/ Text\n                const textContainer = document.createElement(\"p\");\n                textContainer.style.color = item.fontColor;\n                textContainer.style.margin = 0;\n                textContainer.style.padding = 0;\n                textContainer.style.textDecoration = item.hidden ? \"line-through\" : \"\";\n\n                const myvalue=(chart.config._config.data.datasets[0].data[item.index]);\n                const text = document.createTextNode(item.text +\" - \"+ myvalue +\"%\");\n                textContainer.appendChild(text);\n\n                li3.appendChild(boxSpan);\n                li3.appendChild(textContainer);\n                ul3.appendChild(li3);\n              });\n            }\n          };\n          \/\/fine gestione legenda custom\n\n\n          var ctx = document.getElementById(\"myChart3\");\n          var myChart = new Chart(ctx, {\n            type: \"pie\",\n            data: {\n              labels: [\n                \"Industrielle Automatisierung\",\n                \"Aerospace\",\n                \"Optische Ger\u00e4te und Messger\u00e4te\",\n                \"Medizin-, Lebensmittel- und Pharmaindustrie\",\n                \"Hydraulik & Pneumatik\",\n                \"Industrieller Transport\",\n                \"Andere Industrien\",\n              ],\n              datasets: [{\n                label: \"Dataset\",\n                data: [36,8,9,24,17,2,3],\n                backgroundColor: [\n                  \"#4673b1\",\n                  \"#b44745\",\n                  \"#8cae4d\",\n                  \"#79609b\",\n                  \"#3a9ab7\",\n                  \"#e58036\",\n                  \"#538bd4\",\n                ],\n                hoverOffset: 4\n              }]\n            },\n            options: {\n              plugins: {\n                htmlLegend3: {\n                  \/\/ ID of the container to put the legend in\n                  containerID: \"legend-container3\",\n                },\n                legend: {\n                  display: false,\n                  labels: {\n                    color: \"rgb(0,0,0)\",\n                    boxWidth:15,\n                  }\n                },\n                tooltip :{\n                  enabled: true,\n\n                  callbacks : {\n                    label: function(context) {\n                        let label = context.label + \" - \" + context.parsed +\"%\";\n                        return label;\n                    }\n                  }\n                }\n              }\n            },plugins: [htmlLegendPlugin3],\n\n\n\n          }\n        );\n      <\/script>\n          <\/div>\n<\/div><\/div>\n<\/p><\/div>\n<\/div>\n<div class=\"intro-page enlarged\">\n<\/p>\n<h2>PREMEK HI TECH IST DER LEITER VON ZWEI UNTERNEHMENSNETZWERKEN,<br \/>DER MEDITECH GROUP UND VIS AQUA.<\/h2>\n<p><strong>Die Meditech Group ist auf L\u00f6sungen f\u00fcr die medizinische und pharmazeutische Industrie spezialisiert. <\/strong>Sie vereint Spitzenleistungen in den Bereichen Pr\u00e4zisionsmechanik, Elektronik, Kunststoffverarbeitung und Eloxierung von Aluminium und Titan, die nach der Logik der Komplementarit\u00e4t der F\u00e4higkeiten zusammengef\u00fchrt werden, um einen kompletten Lieferservice anzubieten, der vom Co-Design bis zum fertigen Produkt reicht. Neben Premek Hi Tech sind auch Alfa Elettronica, Al Ti Color, Brovedani, Carniaflex und SIOM Termoplast Mitglieder.<\/p>\n<p><strong>Vis Aqua ist f\u00fcr die Entwicklung von Innovationsprojekten im Bereich der Wasserkraft zust\u00e4ndig. <\/strong>Seit 2016 widmet es sich der Entwicklung einer innovativen Mikro-Wasserkrafttechnologie mit geringer Fallh\u00f6he und sehr geringen Umweltauswirkungen, die bisher zur Schaffung eines experimentellen Prototyps gef\u00fchrt hat, um die erzeugte Energie zu testen. Sandro Targa, ein Experte im Bereich der Wasserkraft, und Goriziane S.p.A., eine Gruppe, die technische L\u00f6sungen f\u00fcr den \u00d6l- und Gassektor, die Schifffahrt und die Industrie sowie die Wartung und Aufr\u00fcstung von Fahrzeugen, Maschinen und Anlagen anbietet, sind ebenfalls Teil des Netzwerks.<\/p>\n<\/div>\n","protected":false},"excerpt":{"rendered":"<p>DIE GRUPPE Eine pr\u00e4zise Teamarbeit \u201cDas Schicksal eines Produktionsunternehmens h\u00e4ngt zu einem gro\u00dfen Teil von Entscheidungen ab, die im industriellen Prozess vor- oder nachgelagert sind.\u201d Ordnung und Organisation sind die Schl\u00fcsselw\u00f6rter f\u00fcr ein Unternehmen, das nicht nur in seiner Produktionsspezialit\u00e4t, sondern auch in seinem Ansatz f\u00fcr den Markt gewachsen ist. Premek Hi Tech Premek Hi [&hellip;]<\/p>\n","protected":false},"author":1,"featured_media":0,"parent":0,"menu_order":0,"comment_status":"closed","ping_status":"closed","template":"","meta":{"_acf_changed":false,"inline_featured_image":false,"footnotes":""},"class_list":["post-8829","page","type-page","status-publish","hentry"],"acf":[],"yoast_head":"<!-- This site is optimized with the Yoast SEO plugin v27.4 - https:\/\/yoast.com\/product\/yoast-seo-wordpress\/ -->\n<title>Die gruppe - Premek Hi Tech<\/title>\n<meta name=\"description\" content=\"DIE GRUPPE Eine pr\u00e4zise Teamarbeit \u201cDas Schicksal eines Produktionsunternehmens h\u00e4ngt zu einem gro\u00dfen Teil von Entscheidungen ab, die im industriellen\" \/>\n<meta name=\"robots\" content=\"index, follow, max-snippet:-1, max-image-preview:large, max-video-preview:-1\" \/>\n<link rel=\"canonical\" href=\"https:\/\/premek.it\/de\/die-gruppe\/\" \/>\n<meta property=\"og:locale\" content=\"de_DE\" \/>\n<meta property=\"og:type\" content=\"article\" \/>\n<meta property=\"og:title\" content=\"Die gruppe - Premek Hi Tech\" \/>\n<meta property=\"og:description\" content=\"DIE GRUPPE Eine pr\u00e4zise Teamarbeit \u201cDas Schicksal eines Produktionsunternehmens h\u00e4ngt zu einem gro\u00dfen Teil von Entscheidungen ab, die im industriellen\" \/>\n<meta property=\"og:url\" content=\"https:\/\/premek.it\/de\/die-gruppe\/\" \/>\n<meta property=\"og:site_name\" content=\"Premek Hi Tech\" \/>\n<meta property=\"article:modified_time\" content=\"2025-12-05T10:00:55+00:00\" \/>\n<meta name=\"twitter:card\" content=\"summary_large_image\" \/>\n<meta name=\"twitter:label1\" content=\"Gesch\u00e4tzte Lesezeit\" \/>\n\t<meta name=\"twitter:data1\" content=\"3\u00a0Minuten\" \/>\n<script type=\"application\/ld+json\" class=\"yoast-schema-graph\">{\"@context\":\"https:\\\/\\\/schema.org\",\"@graph\":[{\"@type\":\"WebPage\",\"@id\":\"https:\\\/\\\/premek.it\\\/de\\\/die-gruppe\\\/\",\"url\":\"https:\\\/\\\/premek.it\\\/de\\\/die-gruppe\\\/\",\"name\":\"Die gruppe - Premek Hi Tech\",\"isPartOf\":{\"@id\":\"https:\\\/\\\/premek.it\\\/de\\\/#website\"},\"datePublished\":\"2022-10-24T10:47:47+00:00\",\"dateModified\":\"2025-12-05T10:00:55+00:00\",\"description\":\"DIE GRUPPE Eine pr\u00e4zise Teamarbeit \u201cDas Schicksal eines Produktionsunternehmens h\u00e4ngt zu einem gro\u00dfen Teil von Entscheidungen ab, die im industriellen\",\"breadcrumb\":{\"@id\":\"https:\\\/\\\/premek.it\\\/de\\\/die-gruppe\\\/#breadcrumb\"},\"inLanguage\":\"de\",\"potentialAction\":[{\"@type\":\"ReadAction\",\"target\":[\"https:\\\/\\\/premek.it\\\/de\\\/die-gruppe\\\/\"]}]},{\"@type\":\"BreadcrumbList\",\"@id\":\"https:\\\/\\\/premek.it\\\/de\\\/die-gruppe\\\/#breadcrumb\",\"itemListElement\":[{\"@type\":\"ListItem\",\"position\":1,\"name\":\"Home\",\"item\":\"https:\\\/\\\/premek.it\\\/de\\\/\"},{\"@type\":\"ListItem\",\"position\":2,\"name\":\"Die gruppe\"}]},{\"@type\":\"WebSite\",\"@id\":\"https:\\\/\\\/premek.it\\\/de\\\/#website\",\"url\":\"https:\\\/\\\/premek.it\\\/de\\\/\",\"name\":\"Premek Hi Tech\",\"description\":\"Pr\u00e4zisionsmechanik\",\"potentialAction\":[{\"@type\":\"SearchAction\",\"target\":{\"@type\":\"EntryPoint\",\"urlTemplate\":\"https:\\\/\\\/premek.it\\\/de\\\/?s={search_term_string}\"},\"query-input\":{\"@type\":\"PropertyValueSpecification\",\"valueRequired\":true,\"valueName\":\"search_term_string\"}}],\"inLanguage\":\"de\"}]}<\/script>\n<!-- \/ Yoast SEO plugin. -->","yoast_head_json":{"title":"Die gruppe - Premek Hi Tech","description":"DIE GRUPPE Eine pr\u00e4zise Teamarbeit \u201cDas Schicksal eines Produktionsunternehmens h\u00e4ngt zu einem gro\u00dfen Teil von Entscheidungen ab, die im industriellen","robots":{"index":"index","follow":"follow","max-snippet":"max-snippet:-1","max-image-preview":"max-image-preview:large","max-video-preview":"max-video-preview:-1"},"canonical":"https:\/\/premek.it\/de\/die-gruppe\/","og_locale":"de_DE","og_type":"article","og_title":"Die gruppe - Premek Hi Tech","og_description":"DIE GRUPPE Eine pr\u00e4zise Teamarbeit \u201cDas Schicksal eines Produktionsunternehmens h\u00e4ngt zu einem gro\u00dfen Teil von Entscheidungen ab, die im industriellen","og_url":"https:\/\/premek.it\/de\/die-gruppe\/","og_site_name":"Premek Hi Tech","article_modified_time":"2025-12-05T10:00:55+00:00","twitter_card":"summary_large_image","twitter_misc":{"Gesch\u00e4tzte Lesezeit":"3\u00a0Minuten"},"schema":{"@context":"https:\/\/schema.org","@graph":[{"@type":"WebPage","@id":"https:\/\/premek.it\/de\/die-gruppe\/","url":"https:\/\/premek.it\/de\/die-gruppe\/","name":"Die gruppe - Premek Hi Tech","isPartOf":{"@id":"https:\/\/premek.it\/de\/#website"},"datePublished":"2022-10-24T10:47:47+00:00","dateModified":"2025-12-05T10:00:55+00:00","description":"DIE GRUPPE Eine pr\u00e4zise Teamarbeit \u201cDas Schicksal eines Produktionsunternehmens h\u00e4ngt zu einem gro\u00dfen Teil von Entscheidungen ab, die im industriellen","breadcrumb":{"@id":"https:\/\/premek.it\/de\/die-gruppe\/#breadcrumb"},"inLanguage":"de","potentialAction":[{"@type":"ReadAction","target":["https:\/\/premek.it\/de\/die-gruppe\/"]}]},{"@type":"BreadcrumbList","@id":"https:\/\/premek.it\/de\/die-gruppe\/#breadcrumb","itemListElement":[{"@type":"ListItem","position":1,"name":"Home","item":"https:\/\/premek.it\/de\/"},{"@type":"ListItem","position":2,"name":"Die gruppe"}]},{"@type":"WebSite","@id":"https:\/\/premek.it\/de\/#website","url":"https:\/\/premek.it\/de\/","name":"Premek Hi Tech","description":"Pr\u00e4zisionsmechanik","potentialAction":[{"@type":"SearchAction","target":{"@type":"EntryPoint","urlTemplate":"https:\/\/premek.it\/de\/?s={search_term_string}"},"query-input":{"@type":"PropertyValueSpecification","valueRequired":true,"valueName":"search_term_string"}}],"inLanguage":"de"}]}},"_links":{"self":[{"href":"https:\/\/premek.it\/de\/wp-json\/wp\/v2\/pages\/8829","targetHints":{"allow":["GET"]}}],"collection":[{"href":"https:\/\/premek.it\/de\/wp-json\/wp\/v2\/pages"}],"about":[{"href":"https:\/\/premek.it\/de\/wp-json\/wp\/v2\/types\/page"}],"author":[{"embeddable":true,"href":"https:\/\/premek.it\/de\/wp-json\/wp\/v2\/users\/1"}],"replies":[{"embeddable":true,"href":"https:\/\/premek.it\/de\/wp-json\/wp\/v2\/comments?post=8829"}],"version-history":[{"count":3,"href":"https:\/\/premek.it\/de\/wp-json\/wp\/v2\/pages\/8829\/revisions"}],"predecessor-version":[{"id":27929,"href":"https:\/\/premek.it\/de\/wp-json\/wp\/v2\/pages\/8829\/revisions\/27929"}],"wp:attachment":[{"href":"https:\/\/premek.it\/de\/wp-json\/wp\/v2\/media?parent=8829"}],"curies":[{"name":"wp","href":"https:\/\/api.w.org\/{rel}","templated":true}]}}