{"id":8839,"date":"2022-09-27T11:32:23","date_gmt":"2022-09-27T09:32:23","guid":{"rendered":"https:\/\/premek.it\/produzione\/"},"modified":"2023-12-05T11:45:08","modified_gmt":"2023-12-05T10:45:08","slug":"produktion","status":"publish","type":"page","link":"https:\/\/premek.it\/de\/produktion\/","title":{"rendered":"Produktion"},"content":{"rendered":"<div class=\"intro-page\">\n<h1>UNSERE PRODUKTE<\/h1>\n<h2>Mehr als Komponenten: System-Lieferanten<\/h2>\n<p><i>&#8222;Der Wechsel vom konventionellen Drehen zur Pr\u00e4zisionsmontage bedeutet den \u00dcbergang von einer lokalen Managementmentalit\u00e4t zu einer proaktiven Vision&#8220;<\/i><br \/>\n<!--\n\n<div class=\"pk-anchor\"><a href=\"#settori\" class=\"pk-btn smooth\">Anwendungsbereiche <span class=\"link-icon\"><\/span><\/a><\/div>\n\n-->\n<\/div>\n<div class=\"rows-hp\">\n<div class=\"row-hp odd\">\n<div class=\"column-text\">\n<h2>DIE VERARBEITUNGEN<\/h2>\n<div class=\"row-hp-text\">\n<p><strong>Die Produktion von Premek Hi Tech konzentriert sich auf mechanische Pr\u00e4zisionsteile und kleine Baugruppen nach Kundenzeichnung.<\/strong> Das Unternehmen ist auf die Bearbeitung von rostfreien St\u00e4hlen und Aluminiumlegierungen spezialisiert, bearbeitet aber auch Bronze, Messing, Kunststoffe und Sonderwerkstoffe wie Titan, Inconel und Hastelloy. Neben dem Drehen und Fr\u00e4sen werden erg\u00e4nzende Bearbeitungen in Form von Bohren, Gewindeschneiden mit Sp\u00e4nebeseitigung oder Gewinderollen, Reiben, R\u00e4umen, Stanzen, Biegen und Schleifen durchgef\u00fchrt.<\/p>\n<p>&nbsp;<\/p>\n<p>Die W\u00e4rmebehandlungen und die Oberfl\u00e4chenveredelungen werden einem Netzwerk von spezialisierten lokalen Partnern anvertraut.<\/p>\n<\/div>\n<\/div>\n<div class=\"column-img \">\n<div class=\"img-container reveal\"><img loading=\"lazy\" decoding=\"async\" width=\"700\" height=\"360\" src=\"https:\/\/premek.it\/wp-content\/uploads\/premek-produzione-lavorazioni.jpg\" class=\"\" alt=\"La produzione di Premek Hi Tech \u00e8 concentrata su particolari meccanici di precisione e piccoli assiemi conformi al disegno del cliente\" srcset=\"https:\/\/premek.it\/wp-content\/uploads\/premek-produzione-lavorazioni.jpg 700w, https:\/\/premek.it\/wp-content\/uploads\/premek-produzione-lavorazioni-300x154.jpg 300w, https:\/\/premek.it\/wp-content\/uploads\/premek-produzione-lavorazioni-480x247.jpg 480w\" sizes=\"auto, (max-width: 700px) 100vw, 700px\" \/><\/div>\n<\/div>\n<\/div>\n<div class=\"row-hp even\">\n<div class=\"column-text\">\n<h2>PR\u00c4ZISIONSMONTAGE<\/h2>\n<div class=\"row-hp-text\">\n<p>Ein immer gr\u00f6\u00dferer Teil der Produktion von Premek Hi Tech ist der Montage von mechanischen Baugruppen gewidmet, und zwar in zwei verschiedenen Bereichen:<\/p>\n<p>&nbsp;<\/p>\n<p><strong>Montageabteilung und Reinraum<\/strong><br \/>\nf\u00fcr kleine Baugruppen mit hohen Anforderungen an Sauberkeit und Pr\u00e4zision. In dieser Umgebung kann eine Filterleistung bis zur Klasse 7 nach ISO 14644.1 erreicht werden.<\/p>\n<\/div>\n<\/div>\n<div class=\"column-img \">\n<div class=\"img-container reveal\"><img loading=\"lazy\" decoding=\"async\" width=\"700\" height=\"360\" src=\"https:\/\/premek.it\/wp-content\/uploads\/premek-produzione-clean-room.jpg\" class=\"\" alt=\"Assemblaggio d\u2019insiemi meccanici, in due aree distinte: Reparto Assemblaggi e Clean Room\" srcset=\"https:\/\/premek.it\/wp-content\/uploads\/premek-produzione-clean-room.jpg 700w, https:\/\/premek.it\/wp-content\/uploads\/premek-produzione-clean-room-300x154.jpg 300w, https:\/\/premek.it\/wp-content\/uploads\/premek-produzione-clean-room-480x247.jpg 480w\" sizes=\"auto, (max-width: 700px) 100vw, 700px\" \/><\/div>\n<\/div>\n<\/div>\n<\/div>\n<p><!--\n\n\n<div class=\"anchor-settori\" id=\"settori\">\n\n\n<h3 class=\"tit-sector\">Anwendungsbereiche<\/h3>\n\n\n<\/div>\n\n\n\n\n<div class=\"prod_list\">[prod_list]<\/div>\n\n\n--><\/p>\n<style>\n.rows-hp:after,\n.rows-hp .row-hp.even:after {\n    display: none;\n}\n<\/style>\n","protected":false},"excerpt":{"rendered":"<p>UNSERE PRODUKTE Mehr als Komponenten: System-Lieferanten &#8222;Der Wechsel vom konventionellen Drehen zur Pr\u00e4zisionsmontage bedeutet den \u00dcbergang von einer lokalen Managementmentalit\u00e4t zu einer proaktiven Vision&#8220; DIE VERARBEITUNGEN Die Produktion von Premek Hi Tech konzentriert sich auf mechanische Pr\u00e4zisionsteile und kleine Baugruppen nach Kundenzeichnung. Das Unternehmen ist auf die Bearbeitung von rostfreien St\u00e4hlen und Aluminiumlegierungen spezialisiert, bearbeitet [&hellip;]<\/p>\n","protected":false},"author":1,"featured_media":0,"parent":0,"menu_order":0,"comment_status":"closed","ping_status":"closed","template":"","meta":{"_acf_changed":false,"inline_featured_image":false,"footnotes":""},"class_list":["post-8839","page","type-page","status-publish","hentry"],"acf":[],"yoast_head":"<!-- This site is optimized with the Yoast SEO plugin v27.4 - https:\/\/yoast.com\/product\/yoast-seo-wordpress\/ -->\n<title>Produktion - Premek Hi Tech<\/title>\n<meta name=\"description\" content=\"UNSERE PRODUKTE Mehr als Komponenten: System-Lieferanten &quot;Der Wechsel vom konventionellen Drehen zur Pr\u00e4zisionsmontage bedeutet den \u00dcbergang von einer\" \/>\n<meta name=\"robots\" content=\"index, follow, max-snippet:-1, max-image-preview:large, max-video-preview:-1\" \/>\n<link rel=\"canonical\" href=\"https:\/\/premek.it\/de\/produktion\/\" \/>\n<meta property=\"og:locale\" content=\"de_DE\" \/>\n<meta property=\"og:type\" content=\"article\" \/>\n<meta property=\"og:title\" content=\"Produktion - Premek Hi Tech\" \/>\n<meta property=\"og:description\" content=\"UNSERE PRODUKTE Mehr als Komponenten: System-Lieferanten &quot;Der Wechsel vom konventionellen Drehen zur Pr\u00e4zisionsmontage bedeutet den \u00dcbergang von einer\" \/>\n<meta property=\"og:url\" content=\"https:\/\/premek.it\/de\/produktion\/\" \/>\n<meta property=\"og:site_name\" content=\"Premek Hi Tech\" \/>\n<meta property=\"article:modified_time\" content=\"2023-12-05T10:45:08+00:00\" \/>\n<meta name=\"twitter:card\" content=\"summary_large_image\" \/>\n<meta name=\"twitter:label1\" content=\"Gesch\u00e4tzte Lesezeit\" \/>\n\t<meta name=\"twitter:data1\" content=\"1\u00a0Minute\" \/>\n<script type=\"application\/ld+json\" class=\"yoast-schema-graph\">{\"@context\":\"https:\\\/\\\/schema.org\",\"@graph\":[{\"@type\":\"WebPage\",\"@id\":\"https:\\\/\\\/premek.it\\\/de\\\/produktion\\\/\",\"url\":\"https:\\\/\\\/premek.it\\\/de\\\/produktion\\\/\",\"name\":\"Produktion - Premek Hi Tech\",\"isPartOf\":{\"@id\":\"https:\\\/\\\/premek.it\\\/de\\\/#website\"},\"datePublished\":\"2022-09-27T09:32:23+00:00\",\"dateModified\":\"2023-12-05T10:45:08+00:00\",\"description\":\"UNSERE PRODUKTE Mehr als Komponenten: System-Lieferanten \\\"Der Wechsel vom konventionellen Drehen zur Pr\u00e4zisionsmontage bedeutet den \u00dcbergang von einer\",\"breadcrumb\":{\"@id\":\"https:\\\/\\\/premek.it\\\/de\\\/produktion\\\/#breadcrumb\"},\"inLanguage\":\"de\",\"potentialAction\":[{\"@type\":\"ReadAction\",\"target\":[\"https:\\\/\\\/premek.it\\\/de\\\/produktion\\\/\"]}]},{\"@type\":\"BreadcrumbList\",\"@id\":\"https:\\\/\\\/premek.it\\\/de\\\/produktion\\\/#breadcrumb\",\"itemListElement\":[{\"@type\":\"ListItem\",\"position\":1,\"name\":\"Home\",\"item\":\"https:\\\/\\\/premek.it\\\/de\\\/\"},{\"@type\":\"ListItem\",\"position\":2,\"name\":\"Produktion\"}]},{\"@type\":\"WebSite\",\"@id\":\"https:\\\/\\\/premek.it\\\/de\\\/#website\",\"url\":\"https:\\\/\\\/premek.it\\\/de\\\/\",\"name\":\"Premek Hi Tech\",\"description\":\"Pr\u00e4zisionsmechanik\",\"potentialAction\":[{\"@type\":\"SearchAction\",\"target\":{\"@type\":\"EntryPoint\",\"urlTemplate\":\"https:\\\/\\\/premek.it\\\/de\\\/?s={search_term_string}\"},\"query-input\":{\"@type\":\"PropertyValueSpecification\",\"valueRequired\":true,\"valueName\":\"search_term_string\"}}],\"inLanguage\":\"de\"}]}<\/script>\n<!-- \/ Yoast SEO plugin. -->","yoast_head_json":{"title":"Produktion - Premek Hi Tech","description":"UNSERE PRODUKTE Mehr als Komponenten: System-Lieferanten \"Der Wechsel vom konventionellen Drehen zur Pr\u00e4zisionsmontage bedeutet den \u00dcbergang von einer","robots":{"index":"index","follow":"follow","max-snippet":"max-snippet:-1","max-image-preview":"max-image-preview:large","max-video-preview":"max-video-preview:-1"},"canonical":"https:\/\/premek.it\/de\/produktion\/","og_locale":"de_DE","og_type":"article","og_title":"Produktion - Premek Hi Tech","og_description":"UNSERE PRODUKTE Mehr als Komponenten: System-Lieferanten \"Der Wechsel vom konventionellen Drehen zur Pr\u00e4zisionsmontage bedeutet den \u00dcbergang von einer","og_url":"https:\/\/premek.it\/de\/produktion\/","og_site_name":"Premek Hi Tech","article_modified_time":"2023-12-05T10:45:08+00:00","twitter_card":"summary_large_image","twitter_misc":{"Gesch\u00e4tzte Lesezeit":"1\u00a0Minute"},"schema":{"@context":"https:\/\/schema.org","@graph":[{"@type":"WebPage","@id":"https:\/\/premek.it\/de\/produktion\/","url":"https:\/\/premek.it\/de\/produktion\/","name":"Produktion - Premek Hi Tech","isPartOf":{"@id":"https:\/\/premek.it\/de\/#website"},"datePublished":"2022-09-27T09:32:23+00:00","dateModified":"2023-12-05T10:45:08+00:00","description":"UNSERE PRODUKTE Mehr als Komponenten: System-Lieferanten \"Der Wechsel vom konventionellen Drehen zur Pr\u00e4zisionsmontage bedeutet den \u00dcbergang von einer","breadcrumb":{"@id":"https:\/\/premek.it\/de\/produktion\/#breadcrumb"},"inLanguage":"de","potentialAction":[{"@type":"ReadAction","target":["https:\/\/premek.it\/de\/produktion\/"]}]},{"@type":"BreadcrumbList","@id":"https:\/\/premek.it\/de\/produktion\/#breadcrumb","itemListElement":[{"@type":"ListItem","position":1,"name":"Home","item":"https:\/\/premek.it\/de\/"},{"@type":"ListItem","position":2,"name":"Produktion"}]},{"@type":"WebSite","@id":"https:\/\/premek.it\/de\/#website","url":"https:\/\/premek.it\/de\/","name":"Premek Hi Tech","description":"Pr\u00e4zisionsmechanik","potentialAction":[{"@type":"SearchAction","target":{"@type":"EntryPoint","urlTemplate":"https:\/\/premek.it\/de\/?s={search_term_string}"},"query-input":{"@type":"PropertyValueSpecification","valueRequired":true,"valueName":"search_term_string"}}],"inLanguage":"de"}]}},"_links":{"self":[{"href":"https:\/\/premek.it\/de\/wp-json\/wp\/v2\/pages\/8839","targetHints":{"allow":["GET"]}}],"collection":[{"href":"https:\/\/premek.it\/de\/wp-json\/wp\/v2\/pages"}],"about":[{"href":"https:\/\/premek.it\/de\/wp-json\/wp\/v2\/types\/page"}],"author":[{"embeddable":true,"href":"https:\/\/premek.it\/de\/wp-json\/wp\/v2\/users\/1"}],"replies":[{"embeddable":true,"href":"https:\/\/premek.it\/de\/wp-json\/wp\/v2\/comments?post=8839"}],"version-history":[{"count":3,"href":"https:\/\/premek.it\/de\/wp-json\/wp\/v2\/pages\/8839\/revisions"}],"predecessor-version":[{"id":8842,"href":"https:\/\/premek.it\/de\/wp-json\/wp\/v2\/pages\/8839\/revisions\/8842"}],"wp:attachment":[{"href":"https:\/\/premek.it\/de\/wp-json\/wp\/v2\/media?parent=8839"}],"curies":[{"name":"wp","href":"https:\/\/api.w.org\/{rel}","templated":true}]}}