{"id":8943,"date":"2022-10-24T14:30:02","date_gmt":"2022-10-24T12:30:02","guid":{"rendered":"https:\/\/premek.it\/qualita-e-certificazione\/"},"modified":"2025-12-02T18:15:06","modified_gmt":"2025-12-02T17:15:06","slug":"qualitaet-und-zertifizierung","status":"publish","type":"page","link":"https:\/\/premek.it\/de\/qualitaet-und-zertifizierung\/","title":{"rendered":"Qualit\u00e4t und Zertifizierung"},"content":{"rendered":"<div class=\"intro-page\">\n<h1>QUALIT\u00c4T UND ZERTIFIZIERUNG<\/h1>\n<h2>QUALIT\u00c4T: DER SCHWERPUNKT DES PREMEK-SYSTEMS<\/h2>\n<p><i>\u201cDer Erhalt der ersten ISO 9002-Zertifizierung im Jahr 1997 war nur die Formalisierung einer nat\u00fcrlichen Ausrichtung auf Qualit\u00e4t in jeder Phase des Produktionsprozesses.\u201d <\/i><\/p>\n<\/div>\n<div class=\"rows-hp anni\">\n<div class=\"row-hp odd\">\n<div class=\"column-text\">\n<div class=\"row-hp-text\">\n<p>Premek Hi Tech besch\u00e4ftigt heute 4 Mitarbeiter ausschlie\u00dflich f\u00fcr die Qualit\u00e4tssicherung. Bereits 1997 erhielt das Unternehmen die Qualit\u00e4tszertifizierung ISO 9002 von DNV (Det Norske Veritas), die sp\u00e4ter in ISO 9001 umgewandelt wurde, und neue Zertifizierungen sind in Vorbereitung.<\/p>\n<p>Die st\u00e4ndigen Bem\u00fchungen, das Zertifizierungssystem des Unternehmens zu verbessern, haben dazu gef\u00fchrt, dass Premek Hi Tech im Jahr 2018 die Zertifizierung nach ISO 14001 erhalten hat.     <\/p>\n<\/p><\/div>\n<\/p><\/div>\n<div class=\"column-img\">\n<div class=\"img-container reveal\"><img loading=\"lazy\" decoding=\"async\" width=\"700\" height=\"360\" src=\"https:\/\/premek.it\/wp-content\/uploads\/premek-quality.jpg\" class=\"\" alt=\"\" srcset=\"https:\/\/premek.it\/wp-content\/uploads\/premek-quality.jpg 700w, https:\/\/premek.it\/wp-content\/uploads\/premek-quality-300x154.jpg 300w, https:\/\/premek.it\/wp-content\/uploads\/premek-quality-480x247.jpg 480w\" sizes=\"auto, (max-width: 700px) 100vw, 700px\" \/><\/div>\n<\/p><\/div>\n<\/p><\/div>\n<div class=\"row-hp even\">\n<div class=\"column-text\">\n<div class=\"row-hp-text\">\n<p>F\u00fcr Premek Hi Tech ist Qualit\u00e4t jedoch viel mehr als eine Fahne, die man schwenkt, es ist eher ein Stil und eine Art zu sein: Alles f\u00e4ngt mit Qualit\u00e4t an. Alles muss mit der Qualit\u00e4t enden, die den Kunde zugesichert werden muss, die in jeder Phase des Produktionszyklus verfolgen soll und die ein integraler Bestandteil des Unternehmenssystems geworden ist. Vor dem Inverkehrbringen des Produkts strengsten Kontrollen unterzogen werden.<\/p>\n<p><a href=\"\/wp-content\/uploads\/premek-ISO-9001-en.pdf\" class=\"pk-btn\" download>Download ISO 9001 <span class=\"link-icon\"><\/span><\/a><\/p>\n<p><a href=\"\/wp-content\/uploads\/premek-ISO-14001-en.pdf\" class=\"pk-btn\" download>Download ISO 14001 <span class=\"link-icon\"><\/span><\/a><\/p>\n<p><a href=\"\/wp-content\/uploads\/premek-ISO-45001-en.pdf\" class=\"pk-btn\" download>Download ISO 45001 <span class=\"link-icon\"><\/span><\/a>\n<\/p>\n<\/p><\/div>\n<\/p><\/div>\n<div class=\"column-img\">\n<div class=\"img-container reveal\"><img loading=\"lazy\" decoding=\"async\" width=\"700\" height=\"264\" src=\"https:\/\/premek.it\/wp-content\/uploads\/premek-quality-ISO-9001-ISO-14001-ISO-45001.jpg\" class=\"\" alt=\"\" srcset=\"https:\/\/premek.it\/wp-content\/uploads\/premek-quality-ISO-9001-ISO-14001-ISO-45001.jpg 700w, https:\/\/premek.it\/wp-content\/uploads\/premek-quality-ISO-9001-ISO-14001-ISO-45001-300x113.jpg 300w, https:\/\/premek.it\/wp-content\/uploads\/premek-quality-ISO-9001-ISO-14001-ISO-45001-480x181.jpg 480w\" sizes=\"auto, (max-width: 700px) 100vw, 700px\" \/><\/div>\n<\/p><\/div>\n<\/p><\/div>\n<div class=\"row-hp odd\">\n<div class=\"column-text\">\n<div class=\"row-hp-text\">\n<p>Im Jahr 2024 hat sich Premek Hi Tech dem ersten <strong>Nachhaltigkeitsbericht<\/strong> unterzogen, einem vollst\u00e4ndigen Bericht \u00fcber die Unternehmensentscheidungen in Bezug auf \u00f6kologische und soziale Nachhaltigkeit sowie Corporate Governance, der genaue Daten zu den Auswirkungen der T\u00e4tigkeit gem\u00e4\u00df dem <strong>ESG-Modell<\/strong> enth\u00e4lt. Ein Beweis f\u00fcr die guten Ergebnisse ist <strong>die Bronzemedaille von EcoVadis<\/strong>, einer unabh\u00e4ngigen Plattform, die die Nachhaltigkeit von Unternehmen weltweit misst. <\/p>\n<\/p><\/div>\n<\/p><\/div>\n<div class=\"column-img\">\n<div class=\"img-container reveal\"><img loading=\"lazy\" decoding=\"async\" width=\"700\" height=\"360\" src=\"https:\/\/premek.it\/wp-content\/uploads\/premek-ecovadis-2025.jpg\" class=\"\" alt=\"\" srcset=\"https:\/\/premek.it\/wp-content\/uploads\/premek-ecovadis-2025.jpg 700w, https:\/\/premek.it\/wp-content\/uploads\/premek-ecovadis-2025-300x154.jpg 300w, https:\/\/premek.it\/wp-content\/uploads\/premek-ecovadis-2025-480x247.jpg 480w\" sizes=\"auto, (max-width: 700px) 100vw, 700px\" \/><\/div>\n<\/p><\/div>\n<\/p><\/div>\n<div class=\"row-hp even\">\n<div class=\"column-text\">\n<div class=\"row-hp-text\">\n<p>Premek Hi Tech hat sich dem Projekt <strong>WHP<\/strong> angeschlossen, einer Abk\u00fcrzung f\u00fcr <strong>Workplace Health Promotion<\/strong>, ein internationales Programm, das Unternehmen dazu ermutigt, ein Arbeitsumfeld zu schaffen, das das Wohlbefinden f\u00f6rdert. In Friaul-Julisch Venetien hat die Initiative in Form eines Netzwerks Gestalt angenommen, an dem Unternehmen, Institutionen und Fachleute aus dem Gesundheitswesen beteiligt sind: Teil davon zu sein bedeutet f\u00fcr das Unternehmen, Werte, Erfahrungen und bew\u00e4hrte Praktiken zu teilen, die den Menschen noch mehr in den Mittelpunkt stellen.\n        <\/p>\n<\/p><\/div>\n<\/p><\/div>\n<div class=\"column-img\">\n<div class=\"img-container reveal\"><img loading=\"lazy\" decoding=\"async\" width=\"700\" height=\"360\" src=\"https:\/\/premek.it\/wp-content\/uploads\/premek-whp.jpg\" class=\"\" alt=\"\" srcset=\"https:\/\/premek.it\/wp-content\/uploads\/premek-whp.jpg 700w, https:\/\/premek.it\/wp-content\/uploads\/premek-whp-300x154.jpg 300w, https:\/\/premek.it\/wp-content\/uploads\/premek-whp-480x247.jpg 480w\" sizes=\"auto, (max-width: 700px) 100vw, 700px\" \/><\/div>\n<\/p><\/div>\n<\/p><\/div>\n<div class=\"row-hp odd\">\n<div class=\"column-text\">\n<div class=\"row-hp-text\">\n<p>Premek Hi Tech erhielt im Jahr 2025 au\u00dferdem die <strong>CRIBIS Prime Company-Zertifizierung<\/strong> von CRIBIS, einem f\u00fchrenden italienischen Unternehmen im Bereich Handelskreditmanagement und Gesch\u00e4ftsentwicklungsdienstleistungen, <strong>was seine Zuverl\u00e4ssigkeit und finanzielle Solidit\u00e4t best\u00e4tigt<\/strong>.<\/p>\n<\/p><\/div>\n<\/p><\/div>\n<div class=\"column-img\">\n<div class=\"img-container reveal\"><img loading=\"lazy\" decoding=\"async\" width=\"700\" height=\"360\" src=\"https:\/\/premek.it\/wp-content\/uploads\/premek-cribis.jpg\" class=\"\" alt=\"\" srcset=\"https:\/\/premek.it\/wp-content\/uploads\/premek-cribis.jpg 700w, https:\/\/premek.it\/wp-content\/uploads\/premek-cribis-300x154.jpg 300w, https:\/\/premek.it\/wp-content\/uploads\/premek-cribis-480x247.jpg 480w\" sizes=\"auto, (max-width: 700px) 100vw, 700px\" \/><\/div>\n<\/p><\/div>\n<\/p><\/div>\n<\/div>\n","protected":false},"excerpt":{"rendered":"<p>QUALIT\u00c4T UND ZERTIFIZIERUNG QUALIT\u00c4T: DER SCHWERPUNKT DES PREMEK-SYSTEMS \u201cDer Erhalt der ersten ISO 9002-Zertifizierung im Jahr 1997 war nur die Formalisierung einer nat\u00fcrlichen Ausrichtung auf Qualit\u00e4t in jeder Phase des Produktionsprozesses.\u201d Premek Hi Tech besch\u00e4ftigt heute 4 Mitarbeiter ausschlie\u00dflich f\u00fcr die Qualit\u00e4tssicherung. Bereits 1997 erhielt das Unternehmen die Qualit\u00e4tszertifizierung ISO 9002 von DNV (Det Norske [&hellip;]<\/p>\n","protected":false},"author":1,"featured_media":0,"parent":0,"menu_order":0,"comment_status":"closed","ping_status":"closed","template":"","meta":{"_acf_changed":false,"inline_featured_image":false,"footnotes":""},"class_list":["post-8943","page","type-page","status-publish","hentry"],"acf":[],"yoast_head":"<!-- This site is optimized with the Yoast SEO plugin v27.3 - https:\/\/yoast.com\/product\/yoast-seo-wordpress\/ -->\n<title>Qualit\u00e4t und Zertifizierung - Premek Hi Tech<\/title>\n<meta name=\"description\" content=\"QUALIT\u00c4T UND ZERTIFIZIERUNG QUALIT\u00c4T: DER SCHWERPUNKT DES PREMEK-SYSTEMS \u201cDer Erhalt der ersten ISO 9002-Zertifizierung im Jahr 1997 war nur die\" \/>\n<meta name=\"robots\" content=\"index, follow, max-snippet:-1, max-image-preview:large, max-video-preview:-1\" \/>\n<link rel=\"canonical\" href=\"https:\/\/premek.it\/de\/qualitaet-und-zertifizierung\/\" \/>\n<meta property=\"og:locale\" content=\"de_DE\" \/>\n<meta property=\"og:type\" content=\"article\" \/>\n<meta property=\"og:title\" content=\"Qualit\u00e4t und Zertifizierung - Premek Hi Tech\" \/>\n<meta property=\"og:description\" content=\"QUALIT\u00c4T UND ZERTIFIZIERUNG QUALIT\u00c4T: DER SCHWERPUNKT DES PREMEK-SYSTEMS \u201cDer Erhalt der ersten ISO 9002-Zertifizierung im Jahr 1997 war nur die\" \/>\n<meta property=\"og:url\" content=\"https:\/\/premek.it\/de\/qualitaet-und-zertifizierung\/\" \/>\n<meta property=\"og:site_name\" content=\"Premek Hi Tech\" \/>\n<meta property=\"article:modified_time\" content=\"2025-12-02T17:15:06+00:00\" \/>\n<meta name=\"twitter:card\" content=\"summary_large_image\" \/>\n<meta name=\"twitter:label1\" content=\"Gesch\u00e4tzte Lesezeit\" \/>\n\t<meta name=\"twitter:data1\" content=\"1\u00a0Minute\" \/>\n<script type=\"application\/ld+json\" class=\"yoast-schema-graph\">{\"@context\":\"https:\\\/\\\/schema.org\",\"@graph\":[{\"@type\":\"WebPage\",\"@id\":\"https:\\\/\\\/premek.it\\\/de\\\/qualitaet-und-zertifizierung\\\/\",\"url\":\"https:\\\/\\\/premek.it\\\/de\\\/qualitaet-und-zertifizierung\\\/\",\"name\":\"Qualit\u00e4t und Zertifizierung - Premek Hi Tech\",\"isPartOf\":{\"@id\":\"https:\\\/\\\/premek.it\\\/de\\\/#website\"},\"datePublished\":\"2022-10-24T12:30:02+00:00\",\"dateModified\":\"2025-12-02T17:15:06+00:00\",\"description\":\"QUALIT\u00c4T UND ZERTIFIZIERUNG QUALIT\u00c4T: DER SCHWERPUNKT DES PREMEK-SYSTEMS \u201cDer Erhalt der ersten ISO 9002-Zertifizierung im Jahr 1997 war nur die\",\"breadcrumb\":{\"@id\":\"https:\\\/\\\/premek.it\\\/de\\\/qualitaet-und-zertifizierung\\\/#breadcrumb\"},\"inLanguage\":\"de\",\"potentialAction\":[{\"@type\":\"ReadAction\",\"target\":[\"https:\\\/\\\/premek.it\\\/de\\\/qualitaet-und-zertifizierung\\\/\"]}]},{\"@type\":\"BreadcrumbList\",\"@id\":\"https:\\\/\\\/premek.it\\\/de\\\/qualitaet-und-zertifizierung\\\/#breadcrumb\",\"itemListElement\":[{\"@type\":\"ListItem\",\"position\":1,\"name\":\"Home\",\"item\":\"https:\\\/\\\/premek.it\\\/de\\\/\"},{\"@type\":\"ListItem\",\"position\":2,\"name\":\"Qualit\u00e4t und Zertifizierung\"}]},{\"@type\":\"WebSite\",\"@id\":\"https:\\\/\\\/premek.it\\\/de\\\/#website\",\"url\":\"https:\\\/\\\/premek.it\\\/de\\\/\",\"name\":\"Premek Hi Tech\",\"description\":\"Pr\u00e4zisionsmechanik\",\"potentialAction\":[{\"@type\":\"SearchAction\",\"target\":{\"@type\":\"EntryPoint\",\"urlTemplate\":\"https:\\\/\\\/premek.it\\\/de\\\/?s={search_term_string}\"},\"query-input\":{\"@type\":\"PropertyValueSpecification\",\"valueRequired\":true,\"valueName\":\"search_term_string\"}}],\"inLanguage\":\"de\"}]}<\/script>\n<!-- \/ Yoast SEO plugin. -->","yoast_head_json":{"title":"Qualit\u00e4t und Zertifizierung - Premek Hi Tech","description":"QUALIT\u00c4T UND ZERTIFIZIERUNG QUALIT\u00c4T: DER SCHWERPUNKT DES PREMEK-SYSTEMS \u201cDer Erhalt der ersten ISO 9002-Zertifizierung im Jahr 1997 war nur die","robots":{"index":"index","follow":"follow","max-snippet":"max-snippet:-1","max-image-preview":"max-image-preview:large","max-video-preview":"max-video-preview:-1"},"canonical":"https:\/\/premek.it\/de\/qualitaet-und-zertifizierung\/","og_locale":"de_DE","og_type":"article","og_title":"Qualit\u00e4t und Zertifizierung - Premek Hi Tech","og_description":"QUALIT\u00c4T UND ZERTIFIZIERUNG QUALIT\u00c4T: DER SCHWERPUNKT DES PREMEK-SYSTEMS \u201cDer Erhalt der ersten ISO 9002-Zertifizierung im Jahr 1997 war nur die","og_url":"https:\/\/premek.it\/de\/qualitaet-und-zertifizierung\/","og_site_name":"Premek Hi Tech","article_modified_time":"2025-12-02T17:15:06+00:00","twitter_card":"summary_large_image","twitter_misc":{"Gesch\u00e4tzte Lesezeit":"1\u00a0Minute"},"schema":{"@context":"https:\/\/schema.org","@graph":[{"@type":"WebPage","@id":"https:\/\/premek.it\/de\/qualitaet-und-zertifizierung\/","url":"https:\/\/premek.it\/de\/qualitaet-und-zertifizierung\/","name":"Qualit\u00e4t und Zertifizierung - Premek Hi Tech","isPartOf":{"@id":"https:\/\/premek.it\/de\/#website"},"datePublished":"2022-10-24T12:30:02+00:00","dateModified":"2025-12-02T17:15:06+00:00","description":"QUALIT\u00c4T UND ZERTIFIZIERUNG QUALIT\u00c4T: DER SCHWERPUNKT DES PREMEK-SYSTEMS \u201cDer Erhalt der ersten ISO 9002-Zertifizierung im Jahr 1997 war nur die","breadcrumb":{"@id":"https:\/\/premek.it\/de\/qualitaet-und-zertifizierung\/#breadcrumb"},"inLanguage":"de","potentialAction":[{"@type":"ReadAction","target":["https:\/\/premek.it\/de\/qualitaet-und-zertifizierung\/"]}]},{"@type":"BreadcrumbList","@id":"https:\/\/premek.it\/de\/qualitaet-und-zertifizierung\/#breadcrumb","itemListElement":[{"@type":"ListItem","position":1,"name":"Home","item":"https:\/\/premek.it\/de\/"},{"@type":"ListItem","position":2,"name":"Qualit\u00e4t und Zertifizierung"}]},{"@type":"WebSite","@id":"https:\/\/premek.it\/de\/#website","url":"https:\/\/premek.it\/de\/","name":"Premek Hi Tech","description":"Pr\u00e4zisionsmechanik","potentialAction":[{"@type":"SearchAction","target":{"@type":"EntryPoint","urlTemplate":"https:\/\/premek.it\/de\/?s={search_term_string}"},"query-input":{"@type":"PropertyValueSpecification","valueRequired":true,"valueName":"search_term_string"}}],"inLanguage":"de"}]}},"_links":{"self":[{"href":"https:\/\/premek.it\/de\/wp-json\/wp\/v2\/pages\/8943","targetHints":{"allow":["GET"]}}],"collection":[{"href":"https:\/\/premek.it\/de\/wp-json\/wp\/v2\/pages"}],"about":[{"href":"https:\/\/premek.it\/de\/wp-json\/wp\/v2\/types\/page"}],"author":[{"embeddable":true,"href":"https:\/\/premek.it\/de\/wp-json\/wp\/v2\/users\/1"}],"replies":[{"embeddable":true,"href":"https:\/\/premek.it\/de\/wp-json\/wp\/v2\/comments?post=8943"}],"version-history":[{"count":4,"href":"https:\/\/premek.it\/de\/wp-json\/wp\/v2\/pages\/8943\/revisions"}],"predecessor-version":[{"id":27902,"href":"https:\/\/premek.it\/de\/wp-json\/wp\/v2\/pages\/8943\/revisions\/27902"}],"wp:attachment":[{"href":"https:\/\/premek.it\/de\/wp-json\/wp\/v2\/media?parent=8943"}],"curies":[{"name":"wp","href":"https:\/\/api.w.org\/{rel}","templated":true}]}}