{"id":8949,"date":"2022-09-30T11:09:21","date_gmt":"2022-09-30T09:09:21","guid":{"rendered":"https:\/\/premek.it\/download\/"},"modified":"2023-12-05T12:08:23","modified_gmt":"2023-12-05T11:08:23","slug":"download","status":"publish","type":"page","link":"https:\/\/premek.it\/de\/download\/","title":{"rendered":"Download"},"content":{"rendered":"<div class=\"intro-page\">\n<h1>DOWNLOAD<\/h1>\n<p>M\u00f6chten Sie mehr \u00fcber die Aktivit\u00e4ten von Premek Hi Tech erfahren? Hier k\u00f6nnen Sie mit einem einfachen Klick das gesamte verf\u00fcgbare Informationsmaterial \u00fcber das Unternehmen und seine Zertifizierungen herunterladen.<\/p>\n<\/div>\n<div class=\"prod_list down_list\"><div class=\"prod-list-cont\"><div class=\"sing-prod-list-item\">\n           <div class=\"prod-list-item\">\n             <a href=\"https:\/\/premek.it\/wp-content\/uploads\/Premek-Hitech-Machine-list-2026.pdf\"  download><h3>Premek Hi Tech Maschinenpark<\/h3>\n             <\/a>\n             <a href=\"https:\/\/premek.it\/wp-content\/uploads\/Premek-Hitech-Machine-list-2026.pdf\" class=\"pk-btn\" download>Download <span class=\"link-icon\"><\/span><\/a>\n           <\/div>\n\n         <\/div><div class=\"sing-prod-list-item\">\n           <div class=\"prod-list-item\">\n             <a href=\"https:\/\/premek.it\/wp-content\/uploads\/Premek-Meditech_BROCHURE_ENG.pdf\"  download><h3>MEDITECH GROUP Medizin-Netzwerk<\/h3>\n             <\/a>\n             <a href=\"https:\/\/premek.it\/wp-content\/uploads\/Premek-Meditech_BROCHURE_ENG.pdf\" class=\"pk-btn\" download>Download <span class=\"link-icon\"><\/span><\/a>\n           <\/div>\n\n         <\/div><div class=\"sing-prod-list-item\">\n           <div class=\"prod-list-item\">\n             <a href=\"https:\/\/premek.it\/wp-content\/uploads\/PREMEK_Flyer.pdf\"  download><h3>Premek Hi Tech Unternehmensbrosch\u00fcre<\/h3>\n             <\/a>\n             <a href=\"https:\/\/premek.it\/wp-content\/uploads\/PREMEK_Flyer.pdf\" class=\"pk-btn\" download>Download <span class=\"link-icon\"><\/span><\/a>\n           <\/div>\n\n         <\/div><div class=\"sing-prod-list-item\">\n           <div class=\"prod-list-item\">\n             <a href=\"https:\/\/premek.it\/wp-content\/uploads\/premek-ISO-9001-en.pdf\"  download><h3>Zertifikat ISO 9001<\/h3>\n             <\/a>\n             <a href=\"https:\/\/premek.it\/wp-content\/uploads\/premek-ISO-9001-en.pdf\" class=\"pk-btn\" download>Download <span class=\"link-icon\"><\/span><\/a>\n           <\/div>\n\n         <\/div><div class=\"sing-prod-list-item\">\n           <div class=\"prod-list-item\">\n             <a href=\"https:\/\/premek.it\/wp-content\/uploads\/premek-ISO-14001-en.pdf\"  download><h3>Zertifikat ISO 14001<\/h3>\n             <\/a>\n             <a href=\"https:\/\/premek.it\/wp-content\/uploads\/premek-ISO-14001-en.pdf\" class=\"pk-btn\" download>Download <span class=\"link-icon\"><\/span><\/a>\n           <\/div>\n\n         <\/div><div class=\"sing-prod-list-item\">\n           <div class=\"prod-list-item\">\n             <a href=\"https:\/\/premek.it\/wp-content\/uploads\/premek-ISO-45001-en.pdf\"  download><h3>Zertifikat ISO 45001<\/h3>\n             <\/a>\n             <a href=\"https:\/\/premek.it\/wp-content\/uploads\/premek-ISO-45001-en.pdf\" class=\"pk-btn\" download>Download <span class=\"link-icon\"><\/span><\/a>\n           <\/div>\n\n         <\/div><\/div>\n","protected":false},"excerpt":{"rendered":"<p>DOWNLOAD M\u00f6chten Sie mehr \u00fcber die Aktivit\u00e4ten von Premek Hi Tech erfahren? Hier k\u00f6nnen Sie mit einem einfachen Klick das gesamte verf\u00fcgbare Informationsmaterial \u00fcber das Unternehmen und seine Zertifizierungen herunterladen.<\/p>\n","protected":false},"author":1,"featured_media":0,"parent":0,"menu_order":0,"comment_status":"closed","ping_status":"closed","template":"","meta":{"_acf_changed":false,"inline_featured_image":false,"footnotes":""},"class_list":["post-8949","page","type-page","status-publish","hentry"],"acf":[],"yoast_head":"<!-- This site is optimized with the Yoast SEO plugin v27.4 - https:\/\/yoast.com\/product\/yoast-seo-wordpress\/ -->\n<title>Download - Premek Hi Tech<\/title>\n<meta name=\"description\" content=\"DOWNLOAD M\u00f6chten Sie mehr \u00fcber die Aktivit\u00e4ten von Premek Hi Tech erfahren? Hier k\u00f6nnen Sie mit einem einfachen Klick das gesamte verf\u00fcgbare\" \/>\n<meta name=\"robots\" content=\"index, follow, max-snippet:-1, max-image-preview:large, max-video-preview:-1\" \/>\n<link rel=\"canonical\" href=\"https:\/\/premek.it\/de\/download\/\" \/>\n<meta property=\"og:locale\" content=\"de_DE\" \/>\n<meta property=\"og:type\" content=\"article\" \/>\n<meta property=\"og:title\" content=\"Download - Premek Hi Tech\" \/>\n<meta property=\"og:description\" content=\"DOWNLOAD M\u00f6chten Sie mehr \u00fcber die Aktivit\u00e4ten von Premek Hi Tech erfahren? Hier k\u00f6nnen Sie mit einem einfachen Klick das gesamte verf\u00fcgbare\" \/>\n<meta property=\"og:url\" content=\"https:\/\/premek.it\/de\/download\/\" \/>\n<meta property=\"og:site_name\" content=\"Premek Hi Tech\" \/>\n<meta property=\"article:modified_time\" content=\"2023-12-05T11:08:23+00:00\" \/>\n<meta name=\"twitter:card\" content=\"summary_large_image\" \/>\n<meta name=\"twitter:label1\" content=\"Gesch\u00e4tzte Lesezeit\" \/>\n\t<meta name=\"twitter:data1\" content=\"1\u00a0Minute\" \/>\n<script type=\"application\/ld+json\" class=\"yoast-schema-graph\">{\"@context\":\"https:\\\/\\\/schema.org\",\"@graph\":[{\"@type\":\"WebPage\",\"@id\":\"https:\\\/\\\/premek.it\\\/de\\\/download\\\/\",\"url\":\"https:\\\/\\\/premek.it\\\/de\\\/download\\\/\",\"name\":\"Download - Premek Hi Tech\",\"isPartOf\":{\"@id\":\"https:\\\/\\\/premek.it\\\/de\\\/#website\"},\"datePublished\":\"2022-09-30T09:09:21+00:00\",\"dateModified\":\"2023-12-05T11:08:23+00:00\",\"description\":\"DOWNLOAD M\u00f6chten Sie mehr \u00fcber die Aktivit\u00e4ten von Premek Hi Tech erfahren? Hier k\u00f6nnen Sie mit einem einfachen Klick das gesamte verf\u00fcgbare\",\"breadcrumb\":{\"@id\":\"https:\\\/\\\/premek.it\\\/de\\\/download\\\/#breadcrumb\"},\"inLanguage\":\"de\",\"potentialAction\":[{\"@type\":\"ReadAction\",\"target\":[\"https:\\\/\\\/premek.it\\\/de\\\/download\\\/\"]}]},{\"@type\":\"BreadcrumbList\",\"@id\":\"https:\\\/\\\/premek.it\\\/de\\\/download\\\/#breadcrumb\",\"itemListElement\":[{\"@type\":\"ListItem\",\"position\":1,\"name\":\"Home\",\"item\":\"https:\\\/\\\/premek.it\\\/de\\\/\"},{\"@type\":\"ListItem\",\"position\":2,\"name\":\"Download\"}]},{\"@type\":\"WebSite\",\"@id\":\"https:\\\/\\\/premek.it\\\/de\\\/#website\",\"url\":\"https:\\\/\\\/premek.it\\\/de\\\/\",\"name\":\"Premek Hi Tech\",\"description\":\"Pr\u00e4zisionsmechanik\",\"potentialAction\":[{\"@type\":\"SearchAction\",\"target\":{\"@type\":\"EntryPoint\",\"urlTemplate\":\"https:\\\/\\\/premek.it\\\/de\\\/?s={search_term_string}\"},\"query-input\":{\"@type\":\"PropertyValueSpecification\",\"valueRequired\":true,\"valueName\":\"search_term_string\"}}],\"inLanguage\":\"de\"}]}<\/script>\n<!-- \/ Yoast SEO plugin. -->","yoast_head_json":{"title":"Download - Premek Hi Tech","description":"DOWNLOAD M\u00f6chten Sie mehr \u00fcber die Aktivit\u00e4ten von Premek Hi Tech erfahren? Hier k\u00f6nnen Sie mit einem einfachen Klick das gesamte verf\u00fcgbare","robots":{"index":"index","follow":"follow","max-snippet":"max-snippet:-1","max-image-preview":"max-image-preview:large","max-video-preview":"max-video-preview:-1"},"canonical":"https:\/\/premek.it\/de\/download\/","og_locale":"de_DE","og_type":"article","og_title":"Download - Premek Hi Tech","og_description":"DOWNLOAD M\u00f6chten Sie mehr \u00fcber die Aktivit\u00e4ten von Premek Hi Tech erfahren? Hier k\u00f6nnen Sie mit einem einfachen Klick das gesamte verf\u00fcgbare","og_url":"https:\/\/premek.it\/de\/download\/","og_site_name":"Premek Hi Tech","article_modified_time":"2023-12-05T11:08:23+00:00","twitter_card":"summary_large_image","twitter_misc":{"Gesch\u00e4tzte Lesezeit":"1\u00a0Minute"},"schema":{"@context":"https:\/\/schema.org","@graph":[{"@type":"WebPage","@id":"https:\/\/premek.it\/de\/download\/","url":"https:\/\/premek.it\/de\/download\/","name":"Download - Premek Hi Tech","isPartOf":{"@id":"https:\/\/premek.it\/de\/#website"},"datePublished":"2022-09-30T09:09:21+00:00","dateModified":"2023-12-05T11:08:23+00:00","description":"DOWNLOAD M\u00f6chten Sie mehr \u00fcber die Aktivit\u00e4ten von Premek Hi Tech erfahren? Hier k\u00f6nnen Sie mit einem einfachen Klick das gesamte verf\u00fcgbare","breadcrumb":{"@id":"https:\/\/premek.it\/de\/download\/#breadcrumb"},"inLanguage":"de","potentialAction":[{"@type":"ReadAction","target":["https:\/\/premek.it\/de\/download\/"]}]},{"@type":"BreadcrumbList","@id":"https:\/\/premek.it\/de\/download\/#breadcrumb","itemListElement":[{"@type":"ListItem","position":1,"name":"Home","item":"https:\/\/premek.it\/de\/"},{"@type":"ListItem","position":2,"name":"Download"}]},{"@type":"WebSite","@id":"https:\/\/premek.it\/de\/#website","url":"https:\/\/premek.it\/de\/","name":"Premek Hi Tech","description":"Pr\u00e4zisionsmechanik","potentialAction":[{"@type":"SearchAction","target":{"@type":"EntryPoint","urlTemplate":"https:\/\/premek.it\/de\/?s={search_term_string}"},"query-input":{"@type":"PropertyValueSpecification","valueRequired":true,"valueName":"search_term_string"}}],"inLanguage":"de"}]}},"_links":{"self":[{"href":"https:\/\/premek.it\/de\/wp-json\/wp\/v2\/pages\/8949","targetHints":{"allow":["GET"]}}],"collection":[{"href":"https:\/\/premek.it\/de\/wp-json\/wp\/v2\/pages"}],"about":[{"href":"https:\/\/premek.it\/de\/wp-json\/wp\/v2\/types\/page"}],"author":[{"embeddable":true,"href":"https:\/\/premek.it\/de\/wp-json\/wp\/v2\/users\/1"}],"replies":[{"embeddable":true,"href":"https:\/\/premek.it\/de\/wp-json\/wp\/v2\/comments?post=8949"}],"version-history":[{"count":2,"href":"https:\/\/premek.it\/de\/wp-json\/wp\/v2\/pages\/8949\/revisions"}],"predecessor-version":[{"id":27852,"href":"https:\/\/premek.it\/de\/wp-json\/wp\/v2\/pages\/8949\/revisions\/27852"}],"wp:attachment":[{"href":"https:\/\/premek.it\/de\/wp-json\/wp\/v2\/media?parent=8949"}],"curies":[{"name":"wp","href":"https:\/\/api.w.org\/{rel}","templated":true}]}}