{"id":8977,"date":"2022-10-24T16:06:04","date_gmt":"2022-10-24T14:06:04","guid":{"rendered":"https:\/\/premek.it\/contatti\/"},"modified":"2023-12-05T12:17:48","modified_gmt":"2023-12-05T11:17:48","slug":"kontakt","status":"publish","type":"page","link":"https:\/\/premek.it\/de\/kontakt\/","title":{"rendered":"Kontakt"},"content":{"rendered":"<div class=\"intro-page\">\n<h1>KONTAKT<\/h1>\n<p>Premek Hi Tech deckt Europa und seine wichtigsten M\u00e4rkte ab, indem es die Aktivit\u00e4ten seines Hauptsitzes in Italien, seiner Tochtergesellschaft in Schweden und seines Vertriebsb\u00fcros in Deutschland koordiniert. Nachfolgend finden Sie die vollst\u00e4ndigen Adressen f\u00fcr jeden Kontakt.<\/p>\n<\/div>\n<div class=\"intro-gruppo\">\n<div class=\"intro-gruppo-txt\">\n<div>\n<div>\n<h3>PREMEK HI TECH SRL<\/h3>\n<p>Via Jacopo Linussio 3-5<br \/>\n          33170 Pordenone \u2013 Italien<\/p>\n<p>          T. <a href=\"tel:+390434517511\">+39.0434.517511<\/a><br \/>\n          F. +39.0434.573462<br \/>\n          E. <a href=\"mailto:info@premek.it\">info@premek.it<\/a><\/p>\n<\/p><\/div>\n<\/p><\/div>\n<div>\n<div>\n<h3>PREMEK HI TECH SRL ITALY &#8211; SCANDINAVIAN FILIAL<\/h3>\n<p>Lagergrens gata 2<br \/>\n          SE-65226 Karlstad Schweden<\/p>\n<p>          T. <a href=\"tel:+46706556678\">+46.70.655.6678<\/a><br \/>\n          E. <a href=\"mailto:info@premek.se\">info@premek.se<\/a>\n        <\/p>\n<\/p><\/div>\n<\/p><\/div>\n<div>\n<div>\n<h3>PREMEK HI TECH SRL \u2013 GERMAN OFFICE<\/h3>\n<p>Sonnenstra\u00dfe 31<br \/>\n          80331 M\u00fcnchen &#8211; Deutschland<\/p>\n<p>          T. <a href=\"tel:+4989262074514\">+49.89.26207.4514<\/a><br \/>\n          E. <a href=\"mailto:info@premek.de\">info@premek.de<\/a>\n        <\/p>\n<\/p><\/div>\n<\/p><\/div>\n<\/p><\/div>\n<\/div>\n<div class=\"row-mappa\">\n  <div class=\"map-container\">\n  <div id=\"map_canvas\"><\/div>\n  <\/div><script>function isBreakpoint( alias ) {\n    return jQuery(\".device-\" + alias).is(\":visible\");\n}\nfunction initialize() {\n\tvar draggableOpt = true;\n\tvar mapZoom = 4;\n\n\t\/\/ if( Modernizr.touch ){\n\t\/\/ \tdraggableOpt = false;\n\t\/\/ }\n\tif( isBreakpoint(\"xs\") || isBreakpoint(\"sm\") ) {\n\t\tmapZoom = 3;\n\t}\n  var viewport_width = window.innerWidth;\n\n  if(viewport_width<=767){\n    mapZoom = 3;\n  }\n\n\tvar is_internetExplorer11= navigator.userAgent.toLowerCase().indexOf(\"trident\") > -1;\n\tvar marker_url = ( is_internetExplorer11 ) ?  \"\/wp-content\/themes\/premek\/img\/marker.png\" : \"\/wp-content\/themes\/premek\/img\/marker.svg\";\n\n\tvar mapOptions = {\n\t\tzoom: mapZoom,\n\t\tcenter: new google.maps.LatLng(52.937594,12.652022),\n\t\tmapTypeControl: false,\n\t\toverviewMapControl: false,\n\t\tpanControl: false,\n\t\trotateControl: false,\n\t\tscaleControl: false,\n\t\tscrollwheel: false,\n\t\tstreetViewControl: false,\n\t\tdraggable: draggableOpt,\n\t\tzoomControl: true,\n\t\tzoomControlOptions: {\n\t\t\t\tstyle: google.maps.ZoomControlStyle.SMALL,\n\t\t\t\tposition: google.maps.ControlPosition.RIGHT_CENTER\n\t\t},\n\t\tpanControlOptions: {\n\t\t\t\tposition: google.maps.ControlPosition.LEFT_CENTER\n\t\t},\n\t\tstyles: [\n\t\t\t{\n\t\t\t\t\"featureType\": \"administrative\",\n\t\t\t\t\"elementType\": \"labels.text.fill\",\n\t\t\t\t\"stylers\": [\n\t\t\t\t\t{\n\t\t\t\t\t\t\"color\": \"#444444\"\n\t\t\t\t\t}\n\t\t\t\t]\n\t\t\t},\n\t\t\t{\n\t\t\t\t\"featureType\": \"landscape\",\n\t\t\t\t\"elementType\": \"all\",\n\t\t\t\t\"stylers\": [\n\t\t\t\t\t{\n\t\t\t\t\t\t\"color\": \"#f2f2f2\"\n\t\t\t\t\t}\n\t\t\t\t]\n\t\t\t},\n\t\t\t{\n\t\t\t\t\"featureType\": \"poi\",\n\t\t\t\t\"elementType\": \"all\",\n\t\t\t\t\"stylers\": [\n\t\t\t\t\t{\n\t\t\t\t\t\t\"visibility\": \"off\"\n\t\t\t\t\t}\n\t\t\t\t]\n\t\t\t},\n\t\t\t{\n\t\t\t\t\"featureType\": \"road\",\n\t\t\t\t\"elementType\": \"all\",\n\t\t\t\t\"stylers\": [\n\t\t\t\t\t{\n\t\t\t\t\t\t\"saturation\": -100\n\t\t\t\t\t},\n\t\t\t\t\t{\n\t\t\t\t\t\t\"lightness\": 45\n\t\t\t\t\t}\n\t\t\t\t]\n\t\t\t},\n\t\t\t{\n\t\t\t\t\"featureType\": \"road.highway\",\n\t\t\t\t\"elementType\": \"all\",\n\t\t\t\t\"stylers\": [\n\t\t\t\t\t{\n\t\t\t\t\t\t\"visibility\": \"simplified\"\n\t\t\t\t\t}\n\t\t\t\t]\n\t\t\t},\n\t\t\t{\n\t\t\t\t\"featureType\": \"road.arterial\",\n\t\t\t\t\"elementType\": \"labels.icon\",\n\t\t\t\t\"stylers\": [\n\t\t\t\t\t{\n\t\t\t\t\t\t\"visibility\": \"off\"\n\t\t\t\t\t}\n\t\t\t\t]\n\t\t\t},\n\t\t\t{\n\t\t\t\t\"featureType\": \"transit\",\n\t\t\t\t\"elementType\": \"all\",\n\t\t\t\t\"stylers\": [\n\t\t\t\t\t{\n\t\t\t\t\t\t\"visibility\": \"off\"\n\t\t\t\t\t}\n\t\t\t\t]\n\t\t\t},\n\t\t\t{\n\t\t\t\t\"featureType\": \"water\",\n\t\t\t\t\"elementType\": \"all\",\n\t\t\t\t\"stylers\": [\n\t\t\t\t\t{\n\t\t\t\t\t\t\"color\": \"#c3dfec\"\n\t\t\t\t\t},\n\t\t\t\t\t{\n\t\t\t\t\t\t\"visibility\": \"on\"\n\t\t\t\t\t}\n\t\t\t\t]\n\t\t\t}\n\t\t]\n\t};\n\n\tvar mapElement = document.getElementById(\"map_canvas\");\n\tvar map = new google.maps.Map(mapElement, mapOptions);\n\n\tvar marker0 = new google.maps.Marker({\n\t\tposition: new google.maps.LatLng(45.937594,12.652022),\n\t\tmap: map,\n\t\ticon: marker_url\n\t});\n\n\tvar marker1 = new google.maps.Marker({\n\t\tposition: new google.maps.LatLng(59.374211, 13.508842),\n\t\tmap: map,\n\t\ticon: marker_url\n\t});\n\tvar marker2 = new google.maps.Marker({\n\t\tposition: new google.maps.LatLng(48.134610, 11.566300),\n\t\tmap: map,\n\t\ticon: marker_url\n\t});\n}\n\nfunction loadScript() {\n\tvar script = document.createElement(\"script\");\n\tscript.type = \"text\/javascript\";\n\tscript.src = \"https:\/\/maps.googleapis.com\/maps\/api\/js?key=AIzaSyD7uKMuus317cCcoc9lnFJL063E4Q-Rp5I&callback=initialize\";\n\tdocument.body.appendChild(script);\n}\n\nif( document.getElementById(\"map_canvas\") ){\n\twindow.onload = loadScript;\n}<\/script>\n<\/div>\n","protected":false},"excerpt":{"rendered":"<p>KONTAKT Premek Hi Tech deckt Europa und seine wichtigsten M\u00e4rkte ab, indem es die Aktivit\u00e4ten seines Hauptsitzes in Italien, seiner Tochtergesellschaft in Schweden und seines Vertriebsb\u00fcros in Deutschland koordiniert. Nachfolgend finden Sie die vollst\u00e4ndigen Adressen f\u00fcr jeden Kontakt. PREMEK HI TECH SRL Via Jacopo Linussio 3-5 33170 Pordenone \u2013 Italien T. +39.0434.517511 F. +39.0434.573462 E. [&hellip;]<\/p>\n","protected":false},"author":1,"featured_media":0,"parent":0,"menu_order":0,"comment_status":"closed","ping_status":"closed","template":"","meta":{"_acf_changed":false,"inline_featured_image":false,"footnotes":""},"class_list":["post-8977","page","type-page","status-publish","hentry"],"acf":[],"yoast_head":"<!-- This site is optimized with the Yoast SEO plugin v27.3 - https:\/\/yoast.com\/product\/yoast-seo-wordpress\/ -->\n<title>Kontakt - Premek Hi Tech<\/title>\n<meta name=\"description\" content=\"KONTAKT Premek Hi Tech deckt Europa und seine wichtigsten M\u00e4rkte ab, indem es die Aktivit\u00e4ten seines Hauptsitzes in Italien, seiner Tochtergesellschaft in\" \/>\n<meta name=\"robots\" content=\"index, follow, max-snippet:-1, max-image-preview:large, max-video-preview:-1\" \/>\n<link rel=\"canonical\" href=\"https:\/\/premek.it\/de\/kontakt\/\" \/>\n<meta property=\"og:locale\" content=\"de_DE\" \/>\n<meta property=\"og:type\" content=\"article\" \/>\n<meta property=\"og:title\" content=\"Kontakt - Premek Hi Tech\" \/>\n<meta property=\"og:description\" content=\"KONTAKT Premek Hi Tech deckt Europa und seine wichtigsten M\u00e4rkte ab, indem es die Aktivit\u00e4ten seines Hauptsitzes in Italien, seiner Tochtergesellschaft in\" \/>\n<meta property=\"og:url\" content=\"https:\/\/premek.it\/de\/kontakt\/\" \/>\n<meta property=\"og:site_name\" content=\"Premek Hi Tech\" \/>\n<meta property=\"article:modified_time\" content=\"2023-12-05T11:17:48+00:00\" \/>\n<meta name=\"twitter:card\" content=\"summary_large_image\" \/>\n<meta name=\"twitter:label1\" content=\"Gesch\u00e4tzte Lesezeit\" \/>\n\t<meta name=\"twitter:data1\" content=\"1\u00a0Minute\" \/>\n<script type=\"application\/ld+json\" class=\"yoast-schema-graph\">{\"@context\":\"https:\\\/\\\/schema.org\",\"@graph\":[{\"@type\":\"WebPage\",\"@id\":\"https:\\\/\\\/premek.it\\\/de\\\/kontakt\\\/\",\"url\":\"https:\\\/\\\/premek.it\\\/de\\\/kontakt\\\/\",\"name\":\"Kontakt - Premek Hi Tech\",\"isPartOf\":{\"@id\":\"https:\\\/\\\/premek.it\\\/de\\\/#website\"},\"datePublished\":\"2022-10-24T14:06:04+00:00\",\"dateModified\":\"2023-12-05T11:17:48+00:00\",\"description\":\"KONTAKT Premek Hi Tech deckt Europa und seine wichtigsten M\u00e4rkte ab, indem es die Aktivit\u00e4ten seines Hauptsitzes in Italien, seiner Tochtergesellschaft in\",\"breadcrumb\":{\"@id\":\"https:\\\/\\\/premek.it\\\/de\\\/kontakt\\\/#breadcrumb\"},\"inLanguage\":\"de\",\"potentialAction\":[{\"@type\":\"ReadAction\",\"target\":[\"https:\\\/\\\/premek.it\\\/de\\\/kontakt\\\/\"]}]},{\"@type\":\"BreadcrumbList\",\"@id\":\"https:\\\/\\\/premek.it\\\/de\\\/kontakt\\\/#breadcrumb\",\"itemListElement\":[{\"@type\":\"ListItem\",\"position\":1,\"name\":\"Home\",\"item\":\"https:\\\/\\\/premek.it\\\/de\\\/\"},{\"@type\":\"ListItem\",\"position\":2,\"name\":\"Kontakt\"}]},{\"@type\":\"WebSite\",\"@id\":\"https:\\\/\\\/premek.it\\\/de\\\/#website\",\"url\":\"https:\\\/\\\/premek.it\\\/de\\\/\",\"name\":\"Premek Hi Tech\",\"description\":\"Pr\u00e4zisionsmechanik\",\"potentialAction\":[{\"@type\":\"SearchAction\",\"target\":{\"@type\":\"EntryPoint\",\"urlTemplate\":\"https:\\\/\\\/premek.it\\\/de\\\/?s={search_term_string}\"},\"query-input\":{\"@type\":\"PropertyValueSpecification\",\"valueRequired\":true,\"valueName\":\"search_term_string\"}}],\"inLanguage\":\"de\"}]}<\/script>\n<!-- \/ Yoast SEO plugin. -->","yoast_head_json":{"title":"Kontakt - Premek Hi Tech","description":"KONTAKT Premek Hi Tech deckt Europa und seine wichtigsten M\u00e4rkte ab, indem es die Aktivit\u00e4ten seines Hauptsitzes in Italien, seiner Tochtergesellschaft in","robots":{"index":"index","follow":"follow","max-snippet":"max-snippet:-1","max-image-preview":"max-image-preview:large","max-video-preview":"max-video-preview:-1"},"canonical":"https:\/\/premek.it\/de\/kontakt\/","og_locale":"de_DE","og_type":"article","og_title":"Kontakt - Premek Hi Tech","og_description":"KONTAKT Premek Hi Tech deckt Europa und seine wichtigsten M\u00e4rkte ab, indem es die Aktivit\u00e4ten seines Hauptsitzes in Italien, seiner Tochtergesellschaft in","og_url":"https:\/\/premek.it\/de\/kontakt\/","og_site_name":"Premek Hi Tech","article_modified_time":"2023-12-05T11:17:48+00:00","twitter_card":"summary_large_image","twitter_misc":{"Gesch\u00e4tzte Lesezeit":"1\u00a0Minute"},"schema":{"@context":"https:\/\/schema.org","@graph":[{"@type":"WebPage","@id":"https:\/\/premek.it\/de\/kontakt\/","url":"https:\/\/premek.it\/de\/kontakt\/","name":"Kontakt - Premek Hi Tech","isPartOf":{"@id":"https:\/\/premek.it\/de\/#website"},"datePublished":"2022-10-24T14:06:04+00:00","dateModified":"2023-12-05T11:17:48+00:00","description":"KONTAKT Premek Hi Tech deckt Europa und seine wichtigsten M\u00e4rkte ab, indem es die Aktivit\u00e4ten seines Hauptsitzes in Italien, seiner Tochtergesellschaft in","breadcrumb":{"@id":"https:\/\/premek.it\/de\/kontakt\/#breadcrumb"},"inLanguage":"de","potentialAction":[{"@type":"ReadAction","target":["https:\/\/premek.it\/de\/kontakt\/"]}]},{"@type":"BreadcrumbList","@id":"https:\/\/premek.it\/de\/kontakt\/#breadcrumb","itemListElement":[{"@type":"ListItem","position":1,"name":"Home","item":"https:\/\/premek.it\/de\/"},{"@type":"ListItem","position":2,"name":"Kontakt"}]},{"@type":"WebSite","@id":"https:\/\/premek.it\/de\/#website","url":"https:\/\/premek.it\/de\/","name":"Premek Hi Tech","description":"Pr\u00e4zisionsmechanik","potentialAction":[{"@type":"SearchAction","target":{"@type":"EntryPoint","urlTemplate":"https:\/\/premek.it\/de\/?s={search_term_string}"},"query-input":{"@type":"PropertyValueSpecification","valueRequired":true,"valueName":"search_term_string"}}],"inLanguage":"de"}]}},"_links":{"self":[{"href":"https:\/\/premek.it\/de\/wp-json\/wp\/v2\/pages\/8977","targetHints":{"allow":["GET"]}}],"collection":[{"href":"https:\/\/premek.it\/de\/wp-json\/wp\/v2\/pages"}],"about":[{"href":"https:\/\/premek.it\/de\/wp-json\/wp\/v2\/types\/page"}],"author":[{"embeddable":true,"href":"https:\/\/premek.it\/de\/wp-json\/wp\/v2\/users\/1"}],"replies":[{"embeddable":true,"href":"https:\/\/premek.it\/de\/wp-json\/wp\/v2\/comments?post=8977"}],"version-history":[{"count":1,"href":"https:\/\/premek.it\/de\/wp-json\/wp\/v2\/pages\/8977\/revisions"}],"predecessor-version":[{"id":8978,"href":"https:\/\/premek.it\/de\/wp-json\/wp\/v2\/pages\/8977\/revisions\/8978"}],"wp:attachment":[{"href":"https:\/\/premek.it\/de\/wp-json\/wp\/v2\/media?parent=8977"}],"curies":[{"name":"wp","href":"https:\/\/api.w.org\/{rel}","templated":true}]}}