{"id":7775,"date":"2022-10-24T08:38:59","date_gmt":"2022-10-24T06:38:59","guid":{"rendered":"https:\/\/premek.it\/chi-siamo\/"},"modified":"2023-10-30T10:58:48","modified_gmt":"2023-10-30T09:58:48","slug":"qui-sommes-nous","status":"publish","type":"page","link":"https:\/\/premek.it\/fr\/qui-sommes-nous\/","title":{"rendered":"Qui sommes-nous"},"content":{"rendered":"<div class=\"intro-page\">\n<h1>QUI SOMMES-NOUS ?<\/h1>\n<h2>Nouveaux horizons : l&rsquo;orientation de notre exp\u00e9rience<\/h2>\n<p><i>\u201cNous avons toujours d\u00e9cid\u00e9 de faire ce que les autres ne font pas. De notre point de vue, cela signifie regarder au-del\u00e0.\u201d<\/i><\/p>\n<p>\t\tDepuis 1978, Premek Hi Tech a choisi la voie de l&rsquo;am\u00e9lioration technologique et de l&rsquo;innovation continue, s&rsquo;attaquant \u00e0 de nouveaux secteurs sur un march\u00e9 en constante expansion : une voie de croissance \u00e0 un rythme r\u00e9gulier et pr\u00e9cis, apportant avec elle toute l&rsquo;expertise acquise.\n\t<\/p>\n<\/div>\n<div class=\"rows-hp anni\">\n<div class=\"row-hp odd\">\n<div class=\"column-text\">\n<div class=\"cont2img\">\n<div class=\"gallery-container\" id=\"animated-thumbnails-gallery\"><a data-lg-size=\"1200-800\"\n\t\t\t\t\t\tclass=\"gallery-item\" data-src=\"\/wp-content\/uploads\/premek-chi-siamo-i-primi-dipendenti.jpg\"><br \/>\n\t\t\t\t\t\t<img loading=\"lazy\" decoding=\"async\" width=\"1200\" height=\"800\" src=\"https:\/\/premek.it\/wp-content\/uploads\/premek-chi-siamo-i-primi-dipendenti.jpg\" class=\"\" alt=\"I primi dipendenti - Premek\" srcset=\"https:\/\/premek.it\/wp-content\/uploads\/premek-chi-siamo-i-primi-dipendenti.jpg 1200w, https:\/\/premek.it\/wp-content\/uploads\/premek-chi-siamo-i-primi-dipendenti-300x200.jpg 300w, https:\/\/premek.it\/wp-content\/uploads\/premek-chi-siamo-i-primi-dipendenti-1024x683.jpg 1024w, https:\/\/premek.it\/wp-content\/uploads\/premek-chi-siamo-i-primi-dipendenti-768x512.jpg 768w, https:\/\/premek.it\/wp-content\/uploads\/premek-chi-siamo-i-primi-dipendenti-480x320.jpg 480w\" sizes=\"auto, (max-width: 1200px) 100vw, 1200px\" \/><br \/>\n\t\t\t\t\t<\/a><br \/>\n\t\t\t\t\t<a data-lg-size=\"1200-800\" class=\"gallery-item\"\n\t\t\t\t\t\tdata-src=\"\/wp-content\/uploads\/premek-chi-siamo-il-primo-mezzo.jpg\"><br \/>\n\t\t\t\t\t\t<img loading=\"lazy\" decoding=\"async\" width=\"1200\" height=\"800\" src=\"https:\/\/premek.it\/wp-content\/uploads\/premek-chi-siamo-il-primo-mezzo.jpg\" class=\"\" alt=\"Il primo mezzo - Premek\" srcset=\"https:\/\/premek.it\/wp-content\/uploads\/premek-chi-siamo-il-primo-mezzo.jpg 1200w, https:\/\/premek.it\/wp-content\/uploads\/premek-chi-siamo-il-primo-mezzo-300x200.jpg 300w, https:\/\/premek.it\/wp-content\/uploads\/premek-chi-siamo-il-primo-mezzo-1024x683.jpg 1024w, https:\/\/premek.it\/wp-content\/uploads\/premek-chi-siamo-il-primo-mezzo-768x512.jpg 768w, https:\/\/premek.it\/wp-content\/uploads\/premek-chi-siamo-il-primo-mezzo-480x320.jpg 480w\" sizes=\"auto, (max-width: 1200px) 100vw, 1200px\" \/><br \/>\n\t\t\t\t\t<\/a>\n\t\t\t\t<\/div>\n<\/p><\/div>\n<div class=\"row-hp-text\">Au cours des ann\u00e9es 1970 et 1980, Premek Hi Tech a r\u00e9alis\u00e9 des travaux d&rsquo;usinage m\u00e9canique avec des proc\u00e9d\u00e9s de tournage conventionnels, en s&rsquo;adressant \u00e0 des clients italiens et uniquement \u00e0 certains secteurs.\n\t\t\t<\/div>\n<\/p><\/div>\n<div class=\"column-year column-img reveal\">\n<div><span class=\"year y70\">70<\/span><br \/>\n\t\t\t\t<span class=\"year y80-1\">80<\/span>\n\t\t\t<\/div>\n<\/p><\/div>\n<\/p><\/div>\n<div class=\"row-hp even\">\n<div class=\"column-text\">\n<div class=\"row-hp-text\">\n<p>\t\t\t\tDans les ann\u00e9es 1980 et 1990, l&rsquo;activit\u00e9 de Premek Hi tech s&rsquo;est d\u00e9velopp\u00e9e, s&rsquo;ouvrant \u00e0 la demande de clients internationaux. Du seul usinage m\u00e9canique, r\u00e9alis\u00e9 \u00e0 l&rsquo;aide de proc\u00e9d\u00e9s de tournage et de fraisage CNC, l&rsquo;activit\u00e9 de l&rsquo;entreprise s&rsquo;est \u00e9tendue \u00e0 l&rsquo;approvisionnement en mati\u00e8res premi\u00e8res, aux traitements thermiques et \u00e0 l&rsquo;ex\u00e9cution de finitions de surface.<\/p><\/div>\n<\/p><\/div>\n<div class=\"column-year column-img reveal\">\n<div>\n<p>\t\t\t\t<span class=\"year y90\">90<\/span><br \/>\n\t\t\t\t<span class=\"year y80-2\">80<\/span><\/p><\/div>\n<\/p><\/div>\n<\/p><\/div>\n<div class=\"row-hp odd\">\n<div class=\"column-text\">\n<div class=\"cont2img\">\n<div class=\"gallery-container\" id=\"animated-thumbnails-gallery\"><a data-lg-size=\"1200-800\"\n\t\t\t\t\t\tclass=\"gallery-item\" data-src=\"\/wp-content\/uploads\/premek-chi-siamo-produzione.jpg\"><br \/>\n\t\t\t\t\t\t<img loading=\"lazy\" decoding=\"async\" width=\"1200\" height=\"800\" src=\"https:\/\/premek.it\/wp-content\/uploads\/premek-chi-siamo-produzione.jpg\" class=\"\" alt=\"\" srcset=\"https:\/\/premek.it\/wp-content\/uploads\/premek-chi-siamo-produzione.jpg 1200w, https:\/\/premek.it\/wp-content\/uploads\/premek-chi-siamo-produzione-300x200.jpg 300w, https:\/\/premek.it\/wp-content\/uploads\/premek-chi-siamo-produzione-1024x683.jpg 1024w, https:\/\/premek.it\/wp-content\/uploads\/premek-chi-siamo-produzione-768x512.jpg 768w, https:\/\/premek.it\/wp-content\/uploads\/premek-chi-siamo-produzione-480x320.jpg 480w\" sizes=\"auto, (max-width: 1200px) 100vw, 1200px\" \/><br \/>\n\t\t\t\t\t<\/a><br \/>\n\t\t\t\t\t<a data-lg-size=\"1200-800\" class=\"gallery-item\"\n\t\t\t\t\t\tdata-src=\"\/wp-content\/uploads\/premek-chi-siamo-controlli.jpg\"><br \/>\n\t\t\t\t\t\t<img loading=\"lazy\" decoding=\"async\" width=\"1200\" height=\"800\" src=\"https:\/\/premek.it\/wp-content\/uploads\/premek-chi-siamo-controlli.jpg\" class=\"\" alt=\"\" srcset=\"https:\/\/premek.it\/wp-content\/uploads\/premek-chi-siamo-controlli.jpg 1200w, https:\/\/premek.it\/wp-content\/uploads\/premek-chi-siamo-controlli-300x200.jpg 300w, https:\/\/premek.it\/wp-content\/uploads\/premek-chi-siamo-controlli-1024x683.jpg 1024w, https:\/\/premek.it\/wp-content\/uploads\/premek-chi-siamo-controlli-768x512.jpg 768w, https:\/\/premek.it\/wp-content\/uploads\/premek-chi-siamo-controlli-480x320.jpg 480w\" sizes=\"auto, (max-width: 1200px) 100vw, 1200px\" \/><br \/>\n\t\t\t\t\t<\/a>\n\t\t\t\t<\/div>\n<\/p><\/div>\n<div class=\"row-hp-text\">Au troisi\u00e8me mill\u00e9naire, Premek Hi Tech s&rsquo;engage dans un processus de d\u00e9veloppement particuli\u00e8rement intensif. En plus de l&rsquo;usinage, de l&rsquo;approvisionnement en mati\u00e8res premi\u00e8res, du traitement thermique et de la finition des surfaces, l&rsquo;entreprise se lance dans l&rsquo;assemblage de syst\u00e8mes. Aujourd&rsquo;hui, l&rsquo;entreprise est en mesure de r\u00e9pondre aux besoins de plus de 400 clients dans le monde entier et dans plusieurs secteurs.<\/div>\n<\/p><\/div>\n<div class=\"column-year column-img reveal\">\n<div>\n<p class=\"year ny\">Nou<span><\/span>veau mil<span><\/span>l\u00e9<span><\/span>naire<\/p>\n<\/p><\/div>\n<\/p><\/div>\n<\/p><\/div>\n<\/div>\n<div class=\"vision\">\n<h2>VISION<\/h2>\n<p>\t\u201cLes principes nous aident \u00e0 aller loin si nous les gardons toujours en nous et si nous les mettons en pratique de mani\u00e8re coh\u00e9rente.\u201d<\/p>\n<div class=\"\">\n\t\t<picture><source media=\"(min-width: 481px)\" srcset=\"\/wp-content\/uploads\/premek-vision-desk-fr.jpg\" \/><\/picture>\n\t\t<picture><source media=\"(max-width: 480px)\" srcset=\"\/wp-content\/uploads\/premek-vision-mobile-fr.jpg\" \/><\/picture>\n\t\t<picture><img decoding=\"async\" src=\"\/wp-content\/uploads\/premek-vision-desk-fr.jpg\" alt=\"\" \/><\/picture>\n\t<\/div>\n<\/div>\n<div class=\"yt-video\">\n<h2>FILM D&rsquo;ENTREPRISE<\/h2>\n<p>\t<iframe width=\"1120\" height=\"630\"\n\t\tsrc=\"https:\/\/www.youtube-nocookie.com\/embed\/ncUxEBVm3nE?si=2RZ-ZmvPf1xwXu4b&amp;controls=0\"\n\t\ttitle=\"YouTube video player\" frameborder=\"0\"\n\t\tallow=\"accelerometer; autoplay; clipboard-write; encrypted-media; gyroscope; picture-in-picture; web-share\"\n\t\tallowfullscreen><\/iframe>\n<\/div>\n","protected":false},"excerpt":{"rendered":"<p>QUI SOMMES-NOUS ? Nouveaux horizons : l&rsquo;orientation de notre exp\u00e9rience \u201cNous avons toujours d\u00e9cid\u00e9 de faire ce que les autres ne font pas. De notre point de vue, cela signifie regarder au-del\u00e0.\u201d Depuis 1978, Premek Hi Tech a choisi la voie de l&rsquo;am\u00e9lioration technologique et de l&rsquo;innovation continue, s&rsquo;attaquant \u00e0 de nouveaux secteurs sur un [&hellip;]<\/p>\n","protected":false},"author":1,"featured_media":0,"parent":0,"menu_order":0,"comment_status":"closed","ping_status":"closed","template":"","meta":{"_acf_changed":false,"inline_featured_image":false,"footnotes":""},"class_list":["post-7775","page","type-page","status-publish","hentry"],"acf":[],"yoast_head":"<!-- This site is optimized with the Yoast SEO plugin v27.4 - https:\/\/yoast.com\/product\/yoast-seo-wordpress\/ -->\n<title>Qui sommes-nous - Premek Hi Tech<\/title>\n<meta name=\"description\" content=\"QUI SOMMES-NOUS ? Nouveaux horizons : l&#039;orientation de notre exp\u00e9rience \u201cNous avons toujours d\u00e9cid\u00e9 de faire ce que les autres ne font pas. De notre point\" \/>\n<meta name=\"robots\" content=\"index, follow, max-snippet:-1, max-image-preview:large, max-video-preview:-1\" \/>\n<link rel=\"canonical\" href=\"https:\/\/premek.it\/fr\/qui-sommes-nous\/\" \/>\n<meta property=\"og:locale\" content=\"fr_FR\" \/>\n<meta property=\"og:type\" content=\"article\" \/>\n<meta property=\"og:title\" content=\"Qui sommes-nous - Premek Hi Tech\" \/>\n<meta property=\"og:description\" content=\"QUI SOMMES-NOUS ? Nouveaux horizons : l&#039;orientation de notre exp\u00e9rience \u201cNous avons toujours d\u00e9cid\u00e9 de faire ce que les autres ne font pas. De notre point\" \/>\n<meta property=\"og:url\" content=\"https:\/\/premek.it\/fr\/qui-sommes-nous\/\" \/>\n<meta property=\"og:site_name\" content=\"Premek Hi Tech\" \/>\n<meta property=\"article:modified_time\" content=\"2023-10-30T09:58:48+00:00\" \/>\n<meta name=\"twitter:card\" content=\"summary_large_image\" \/>\n<meta name=\"twitter:label1\" content=\"Dur\u00e9e de lecture estim\u00e9e\" \/>\n\t<meta name=\"twitter:data1\" content=\"2 minutes\" \/>\n<script type=\"application\/ld+json\" class=\"yoast-schema-graph\">{\"@context\":\"https:\\\/\\\/schema.org\",\"@graph\":[{\"@type\":\"WebPage\",\"@id\":\"https:\\\/\\\/premek.it\\\/fr\\\/qui-sommes-nous\\\/\",\"url\":\"https:\\\/\\\/premek.it\\\/fr\\\/qui-sommes-nous\\\/\",\"name\":\"Qui sommes-nous - Premek Hi Tech\",\"isPartOf\":{\"@id\":\"https:\\\/\\\/premek.it\\\/fr\\\/#website\"},\"datePublished\":\"2022-10-24T06:38:59+00:00\",\"dateModified\":\"2023-10-30T09:58:48+00:00\",\"description\":\"QUI SOMMES-NOUS ? Nouveaux horizons : l'orientation de notre exp\u00e9rience \u201cNous avons toujours d\u00e9cid\u00e9 de faire ce que les autres ne font pas. De notre point\",\"breadcrumb\":{\"@id\":\"https:\\\/\\\/premek.it\\\/fr\\\/qui-sommes-nous\\\/#breadcrumb\"},\"inLanguage\":\"fr-FR\",\"potentialAction\":[{\"@type\":\"ReadAction\",\"target\":[\"https:\\\/\\\/premek.it\\\/fr\\\/qui-sommes-nous\\\/\"]}]},{\"@type\":\"BreadcrumbList\",\"@id\":\"https:\\\/\\\/premek.it\\\/fr\\\/qui-sommes-nous\\\/#breadcrumb\",\"itemListElement\":[{\"@type\":\"ListItem\",\"position\":1,\"name\":\"Home\",\"item\":\"https:\\\/\\\/premek.it\\\/fr\\\/\"},{\"@type\":\"ListItem\",\"position\":2,\"name\":\"Qui sommes-nous\"}]},{\"@type\":\"WebSite\",\"@id\":\"https:\\\/\\\/premek.it\\\/fr\\\/#website\",\"url\":\"https:\\\/\\\/premek.it\\\/fr\\\/\",\"name\":\"Premek Hi Tech\",\"description\":\"Meccanica di precisione\",\"potentialAction\":[{\"@type\":\"SearchAction\",\"target\":{\"@type\":\"EntryPoint\",\"urlTemplate\":\"https:\\\/\\\/premek.it\\\/fr\\\/?s={search_term_string}\"},\"query-input\":{\"@type\":\"PropertyValueSpecification\",\"valueRequired\":true,\"valueName\":\"search_term_string\"}}],\"inLanguage\":\"fr-FR\"}]}<\/script>\n<!-- \/ Yoast SEO plugin. -->","yoast_head_json":{"title":"Qui sommes-nous - Premek Hi Tech","description":"QUI SOMMES-NOUS ? Nouveaux horizons : l'orientation de notre exp\u00e9rience \u201cNous avons toujours d\u00e9cid\u00e9 de faire ce que les autres ne font pas. De notre point","robots":{"index":"index","follow":"follow","max-snippet":"max-snippet:-1","max-image-preview":"max-image-preview:large","max-video-preview":"max-video-preview:-1"},"canonical":"https:\/\/premek.it\/fr\/qui-sommes-nous\/","og_locale":"fr_FR","og_type":"article","og_title":"Qui sommes-nous - Premek Hi Tech","og_description":"QUI SOMMES-NOUS ? Nouveaux horizons : l'orientation de notre exp\u00e9rience \u201cNous avons toujours d\u00e9cid\u00e9 de faire ce que les autres ne font pas. De notre point","og_url":"https:\/\/premek.it\/fr\/qui-sommes-nous\/","og_site_name":"Premek Hi Tech","article_modified_time":"2023-10-30T09:58:48+00:00","twitter_card":"summary_large_image","twitter_misc":{"Dur\u00e9e de lecture estim\u00e9e":"2 minutes"},"schema":{"@context":"https:\/\/schema.org","@graph":[{"@type":"WebPage","@id":"https:\/\/premek.it\/fr\/qui-sommes-nous\/","url":"https:\/\/premek.it\/fr\/qui-sommes-nous\/","name":"Qui sommes-nous - Premek Hi Tech","isPartOf":{"@id":"https:\/\/premek.it\/fr\/#website"},"datePublished":"2022-10-24T06:38:59+00:00","dateModified":"2023-10-30T09:58:48+00:00","description":"QUI SOMMES-NOUS ? Nouveaux horizons : l'orientation de notre exp\u00e9rience \u201cNous avons toujours d\u00e9cid\u00e9 de faire ce que les autres ne font pas. De notre point","breadcrumb":{"@id":"https:\/\/premek.it\/fr\/qui-sommes-nous\/#breadcrumb"},"inLanguage":"fr-FR","potentialAction":[{"@type":"ReadAction","target":["https:\/\/premek.it\/fr\/qui-sommes-nous\/"]}]},{"@type":"BreadcrumbList","@id":"https:\/\/premek.it\/fr\/qui-sommes-nous\/#breadcrumb","itemListElement":[{"@type":"ListItem","position":1,"name":"Home","item":"https:\/\/premek.it\/fr\/"},{"@type":"ListItem","position":2,"name":"Qui sommes-nous"}]},{"@type":"WebSite","@id":"https:\/\/premek.it\/fr\/#website","url":"https:\/\/premek.it\/fr\/","name":"Premek Hi Tech","description":"Meccanica di precisione","potentialAction":[{"@type":"SearchAction","target":{"@type":"EntryPoint","urlTemplate":"https:\/\/premek.it\/fr\/?s={search_term_string}"},"query-input":{"@type":"PropertyValueSpecification","valueRequired":true,"valueName":"search_term_string"}}],"inLanguage":"fr-FR"}]}},"_links":{"self":[{"href":"https:\/\/premek.it\/fr\/wp-json\/wp\/v2\/pages\/7775","targetHints":{"allow":["GET"]}}],"collection":[{"href":"https:\/\/premek.it\/fr\/wp-json\/wp\/v2\/pages"}],"about":[{"href":"https:\/\/premek.it\/fr\/wp-json\/wp\/v2\/types\/page"}],"author":[{"embeddable":true,"href":"https:\/\/premek.it\/fr\/wp-json\/wp\/v2\/users\/1"}],"replies":[{"embeddable":true,"href":"https:\/\/premek.it\/fr\/wp-json\/wp\/v2\/comments?post=7775"}],"version-history":[{"count":2,"href":"https:\/\/premek.it\/fr\/wp-json\/wp\/v2\/pages\/7775\/revisions"}],"predecessor-version":[{"id":7786,"href":"https:\/\/premek.it\/fr\/wp-json\/wp\/v2\/pages\/7775\/revisions\/7786"}],"wp:attachment":[{"href":"https:\/\/premek.it\/fr\/wp-json\/wp\/v2\/media?parent=7775"}],"curies":[{"name":"wp","href":"https:\/\/api.w.org\/{rel}","templated":true}]}}