{"id":7787,"date":"2022-10-24T12:47:47","date_gmt":"2022-10-24T10:47:47","guid":{"rendered":"https:\/\/premek.it\/il-gruppo\/"},"modified":"2025-12-05T10:57:56","modified_gmt":"2025-12-05T09:57:56","slug":"le-groupe","status":"publish","type":"page","link":"https:\/\/premek.it\/fr\/le-groupe\/","title":{"rendered":"Le groupe"},"content":{"rendered":"<div class=\"intro-page\">\n<h1>LE GROUPE<\/h1>\n<h2>Un travail d&rsquo;\u00e9quipe pr\u00e9cis<\/h2>\n<p><i>\u201cLa fortune d&rsquo;une entreprise manufacturi\u00e8re d\u00e9pend, dans une large mesure, des choix effectu\u00e9s en amont ou en aval du processus industriel.\u201d<\/i><\/p>\n<p>Mettre de l&rsquo;ordre et organiser sont les mots cl\u00e9s d&rsquo;une entreprise qui s&rsquo;est d\u00e9velopp\u00e9e non seulement dans sa sp\u00e9cialit\u00e9 de production, mais aussi dans son approche du march\u00e9.<\/p>\n<\/p><\/div>\n<div class=\"intro-gruppo alto\">\n<div class=\"intro-gruppo-txt\">\n<div>\n<div>\n<h3>Premek Hi Tech<\/h3>\n<p>\n\t\t\t<strong>Premek Hi Tech<\/strong> est une entreprise sp\u00e9cialis\u00e9e dans la production et l&rsquo;assemblage de composants de pr\u00e9cision, principalement pour le march\u00e9 \u00e9tranger, et est \u00e0 la t\u00eate d&rsquo;un groupe d&rsquo;entreprises interconnect\u00e9es. Une soixantaine d&#8217;employ\u00e9s y travaillent, dont des op\u00e9rateurs de machines et des employ\u00e9s.<\/p>\n<p>\t\t\tLe d\u00e9veloppement significatif du march\u00e9 en Europe du Nord a \u00e9galement motiv\u00e9 l&rsquo;ouverture de <strong>Premek Hi Tech Su\u00e8de<\/strong>, un bureau de vente bas\u00e9 \u00e0 Karlstad, et de <strong>Premek Hi Tech Allemagne<\/strong>, un bureau de vente bas\u00e9 \u00e0 Munich.\n\t\t  <\/p>\n<\/p><\/div>\n<\/p><\/div>\n<\/p><\/div>\n<\/p><\/div>\n<div class=\"rows-hp\">\n<div class=\"row-hp odd\">\n<div class=\"column-text\">\n<h2>MARCH\u00c9S<\/h2>\n<div class=\"row-hp-text\">\n<p><i>\u201cLa confrontation consolid\u00e9e avec des march\u00e9s \u00ab\u00a0pr\u00e9cis\u00a0\u00bb, tels que ceux de l&rsquo;Europe centrale et du Nord, fait partie int\u00e9grante de notre culture d&rsquo;entreprise.\u201d <\/i><\/p>\n<\/p><\/div>\n<\/p><\/div>\n<div class=\"column-img \">\n<div class=\"img-container reveal gallery-container-\">\n\t\t\t  <img loading=\"lazy\" decoding=\"async\" width=\"1000\" height=\"625\" src=\"https:\/\/premek.it\/wp-content\/uploads\/premek-mercati.jpg\" class=\"\" alt=\"\" srcset=\"https:\/\/premek.it\/wp-content\/uploads\/premek-mercati.jpg 1000w, https:\/\/premek.it\/wp-content\/uploads\/premek-mercati-300x188.jpg 300w, https:\/\/premek.it\/wp-content\/uploads\/premek-mercati-768x480.jpg 768w, https:\/\/premek.it\/wp-content\/uploads\/premek-mercati-480x300.jpg 480w\" sizes=\"auto, (max-width: 1000px) 100vw, 1000px\" \/>\n\t\t<\/div>\n<\/p><\/div>\n<\/p><\/div>\n<div class=\"row-hp even\">\n<div class=\"column-text\">\n<h2>PRINCIPALES ZONES DE VENTE \u00c0 L&rsquo;\u00c9TRANGER<\/h2>\n<div class=\"row-hp-text\">\n<p>\n\t\t\tAujourd&rsquo;hui, plus de 75 % de la production est destin\u00e9e aux pays \u00e9trangers, dans des zones \u00e9tablies telles que l&rsquo;Europe du Nord et dans des d\u00e9bouch\u00e9s extra-europ\u00e9ens en expansion.<\/p>\n<p>\n\t\t\t\tAu-del\u00e0 des chiffres variables, il y a la certitude et la satisfaction de relations \u00e0 long terme avec d&rsquo;importants groupes industriels, qui constituent une base de stabilit\u00e9 et de d\u00e9veloppement pour l&rsquo;avenir pr\u00e9visible.\n\t\t\t<\/p>\n<\/p><\/div>\n<\/p><\/div>\n<div class=\"column-img \">\n<div class=\"img-container reveall\">\n<div class=\"chart-cont\">\n\t\t\t<canvas id=\"myChart2\" width=\"400\" height=\"400\"><\/canvas>\n  <div id=\"legend-container2\">\n    <ul>\n\n    <\/ul>\n\n  <\/div>\n          <script>\n          \/\/gestione legenda custom\n          const getOrCreateLegendList2 = (chart, id) => {\n            const legendContainer2 = document.getElementById(id);\n            let listContainer2 = legendContainer2.querySelector(\"ul\");\n\n            if (!listContainer2) {\n              listContainer2 = document.createElement(\"ul\");\n              listContainer2.style.display = \"flex\";\n              listContainer2.style.flexDirection = \"row\";\n              listContainer2.style.margin = 0;\n              listContainer2.style.padding = 0;\n\n              legendContainer2.appendChild(listContainer2);\n            }\n\n            return listContainer2;\n          };\n\n          const htmlLegendPlugin2 = {\n            id: \"htmlLegend2\",\n            afterUpdate(chart, args, options) {\n              const ul2 = getOrCreateLegendList2(chart, options.containerID);\n\n              \/\/ Remove old legend items\n              while (ul2.firstChild) {\n                ul2.firstChild.remove();\n              }\n\n              \/\/ Reuse the built-in legendItems generator\n              const items2 = chart.options.plugins.legend.labels.generateLabels(chart);\n\n              items2.forEach(item => {\n                const li2 = document.createElement(\"li\");\n                li2.style.alignItems = \"center\";\n                li2.style.cursor = \"pointer\";\n                li2.style.display = \"flex\";\n                li2.style.flexDirection = \"row\";\n                li2.style.marginLeft = \"10px\";\n\n                li2.onclick = () => {\n                  const {type2} = chart.config;\n                  if (type2 === \"pie\" || type2 === \"doughnut\") {\n                    \/\/ Pie and doughnut charts only have a single dataset and visibility is per item\n                    chart.toggleDataVisibility(item.index);\n                  } else {\n                    chart.setDatasetVisibility(item.datasetIndex, !chart.isDatasetVisible(item.datasetIndex));\n                  }\n                  chart.update();\n                };\n\n                \/\/ Color box\n                const boxSpan = document.createElement(\"span\");\n                boxSpan.style.background = item.fillStyle;\n                boxSpan.style.borderColor = item.strokeStyle;\n                boxSpan.style.borderWidth = item.lineWidth + \"px\";\n                boxSpan.style.display = \"inline-block\";\n                boxSpan.style.height = \"20px\";\n                boxSpan.style.marginRight = \"10px\";\n                boxSpan.style.width = \"20px\";\n\n                \/\/ Text\n                const textContainer = document.createElement(\"p\");\n                textContainer.style.color = item.fontColor;\n                textContainer.style.margin = 0;\n                textContainer.style.padding = 0;\n                textContainer.style.textDecoration = item.hidden ? \"line-through\" : \"\";\n\n                const myvalue=(chart.config._config.data.datasets[0].data[item.index]);\n                const text = document.createTextNode(item.text +\" - \"+ myvalue +\"%\");\n                textContainer.appendChild(text);\n\n                li2.appendChild(boxSpan);\n                li2.appendChild(textContainer);\n                ul2.appendChild(li2);\n              });\n            }\n          };\n          \/\/fine gestione legenda custom\n          var viewport_width = window.innerWidth;\n          var leg_position=\"right\";\n\n          if(viewport_width<=767){\n            leg_position=\"bottom\";\n          }\n          var ctx = document.getElementById(\"myChart2\");\n          var myChart = new Chart(ctx, {\n            type: \"pie\",\n            data: {\n              labels: [\n                \"Italy\",\n                \"Sweden\",\n                \"France\",\n                \"Germany\",\n                \"Denmark\",\n                \"Switzerland\",\n                \"Czech Republic\",\n                \"Great Britan\",\n                \"Others\",\n                \"Austria\",\n                \"Norway\",\n                \"Hungary\",\n              ],\n              datasets: [{\n                label: \"Dataset\",\n                data: [27,25,15,13,4,3,3,3,3,2,1,1],\n                backgroundColor: [\n                  \"#4673b1\",\n                  \"#b44745\",\n                  \"#8cae4d\",\n                  \"#79609b\",\n                  \"#3a9ab7\",\n                  \"#e58036\",\n                  \"#538bd4\",\n                  \"#d54d4a\",\n                  \"#a2cb4d\",\n                  \"#8765b1\",\n                  \"#41bada\",\n                  \"#ff942e\",\n                ],\n                hoverOffset: 4\n              }]\n            },\n            options: {\n              plugins: {\n                htmlLegend2: {\n                  \/\/ ID of the container to put the legend in\n                  containerID: \"legend-container2\",\n                },\n                legend: {\n                  display: false,\n                  position: leg_position,\n                  labels: {\n                    color: \"rgb(0,0,0)\",\n                    boxWidth:15,\n                  }\n                },\n                tooltip :{\n                  enabled: true,\n                  callbacks : {\n                    label: function(context) {\n                      console.log(context);\n                        let label = context.label + \" - \" + context.parsed +\"%\";\n                        return label;\n                    }\n                  }\n                }\n              }\n            },\n            plugins: [htmlLegendPlugin2],\n\n          }\n        );\n\n\n      <\/script>\n\t\t\t<\/div>\n<\/p><\/div>\n<\/p><\/div>\n<\/p><\/div>\n<div class=\"row-hp odd\">\n<div class=\"column-text\">\n<h2>POLITIQUE DE DIVERSIFICATION<\/h2>\n<div class=\"row-hp-text\">\n<p>\n\t\t\t<i>\u201cDans un monde en constante \u00e9volution, la diff\u00e9renciation des produits est une forme \u00ab\u00a0naturelle\u00a0\u00bb d&rsquo;adaptation. Mais pour nous, c&rsquo;est aussi un stimulant cr\u00e9atif\u201d.<\/i><br \/>Plus de quatre cents clients dans le monde, dont de nombreuses multinationales, avec un extraordinaire \u00e9ventail de secteurs de production, qui ne cesse de s&rsquo;\u00e9largir : <strong>automobile, v\u00e9hicules industriels, alimentaire et m\u00e9dical, optom\u00e9canique, a\u00e9rospatiale, hydraulique et pneumatique, \u00e9nergie et chimie, \u00e9quipements industriels et automatisation, m\u00e9canique g\u00e9n\u00e9rale, produits r\u00e9cr\u00e9atifs, construction<\/strong> et <strong>autres secteurs<\/strong> (t\u00e9l\u00e9communications, textiles m\u00e9caniques, appareils m\u00e9nagers, mobilier de salle de bains).\n\t\t\t<\/p>\n<\/p><\/div>\n<\/p><\/div>\n<div class=\"column-img \">\n<div class=\"img-container reveal\"><img loading=\"lazy\" decoding=\"async\" width=\"570\" height=\"350\" src=\"https:\/\/premek.it\/wp-content\/uploads\/premek-prodotti-energia-chimico.jpg\" class=\"\" alt=\"\" srcset=\"https:\/\/premek.it\/wp-content\/uploads\/premek-prodotti-energia-chimico.jpg 570w, https:\/\/premek.it\/wp-content\/uploads\/premek-prodotti-energia-chimico-300x184.jpg 300w, https:\/\/premek.it\/wp-content\/uploads\/premek-prodotti-energia-chimico-480x295.jpg 480w\" sizes=\"auto, (max-width: 570px) 100vw, 570px\" \/>  <\/div>\n<\/p><\/div>\n<\/p><\/div>\n<div class=\"row-hp even\">\n<div class=\"column-text\">\n<div class=\"row-hp-text\">\n<p>\n\t\t\tLa diff\u00e9renciation est constamment inspir\u00e9e par la dynamique du march\u00e9 : il est dans l&rsquo;ADN de Premek Hi Tech de relever de nouveaux d\u00e9fis o\u00f9 un contenu technologique innovant offre des opportunit\u00e9s de production suppl\u00e9mentaire.\n\t\t\t<\/p>\n<\/p><\/div>\n<\/p><\/div>\n<div class=\"column-img \">\n<div class=\"img-container reveall\">\n<div class=\"chart-cont\">\n\t\t\t<canvas id=\"myChart3\" width=\"200\" height=\"200\"><\/canvas>\n  <div id=\"legend-container3\">\n    <ul>\n    <\/ul>\n\n  <\/div>\n          <script>\n          \/\/gestione legenda custom\n          const getOrCreateLegendList3 = (chart, id) => {\n            const legendContainer3 = document.getElementById(id);\n            let listContainer3 = legendContainer3.querySelector(\"ul\");\n\n            if (!listContainer3) {\n              listContainer3 = document.createElement(\"ul\");\n              listContainer3.style.display = \"flex\";\n              listContainer3.style.flexDirection = \"row\";\n              listContainer3.style.margin = 0;\n              listContainer3.style.padding = 0;\n\n              legendContainer3.appendChild(listContainer3);\n            }\n\n            return listContainer3;\n          };\n\n          const htmlLegendPlugin3 = {\n            id: \"htmlLegend3\",\n            afterUpdate(chart, args, options) {\n              const ul3 = getOrCreateLegendList3(chart, options.containerID);\n\n              \/\/ Remove old legend items\n              while (ul3.firstChild) {\n                ul3.firstChild.remove();\n              }\n\n              \/\/ Reuse the built-in legendItems generator\n              const items3 = chart.options.plugins.legend.labels.generateLabels(chart);\n\n              items3.forEach(item => {\n                const li3 = document.createElement(\"li\");\n                li3.style.alignItems = \"top\";\n                li3.style.cursor = \"pointer\";\n                li3.style.display = \"flex\";\n                li3.style.flexDirection = \"row\";\n                li3.style.marginLeft = \"10px\";\n\n                li3.onclick = () => {\n                  const {type3} = chart.config;\n                  if (type3 === \"pie\" || type3 === \"doughnut\") {\n                    \/\/ Pie and doughnut charts only have a single dataset and visibility is per item\n                    chart.toggleDataVisibility(item.index);\n                  } else {\n                    chart.setDatasetVisibility(item.datasetIndex, !chart.isDatasetVisible(item.datasetIndex));\n                  }\n                  chart.update();\n                };\n\n                \/\/ Color box\n                const boxSpan = document.createElement(\"span\");\n                boxSpan.style.background = item.fillStyle;\n                boxSpan.style.borderColor = item.strokeStyle;\n                boxSpan.style.borderWidth = item.lineWidth + \"px\";\n                boxSpan.style.display = \"inline-block\";\n                boxSpan.style.height = \"20px\";\n                boxSpan.style.marginRight = \"10px\";\n                boxSpan.style.width = \"20px\";\n\n                \/\/ Text\n                const textContainer = document.createElement(\"p\");\n                textContainer.style.color = item.fontColor;\n                textContainer.style.margin = 0;\n                textContainer.style.padding = 0;\n                textContainer.style.textDecoration = item.hidden ? \"line-through\" : \"\";\n\n                const myvalue=(chart.config._config.data.datasets[0].data[item.index]);\n                const text = document.createTextNode(item.text +\" - \"+ myvalue +\"%\");\n                textContainer.appendChild(text);\n\n                li3.appendChild(boxSpan);\n                li3.appendChild(textContainer);\n                ul3.appendChild(li3);\n              });\n            }\n          };\n          \/\/fine gestione legenda custom\n\n\n          var ctx = document.getElementById(\"myChart3\");\n          var myChart = new Chart(ctx, {\n            type: \"pie\",\n            data: {\n              labels: [\n                \"Industrial automation\",\n                \"Aerospace\",\n                \"Optical and measurement devices\",\n                \"Medical, food & pharmaceutical industry\",\n                \"Hydraulics & pneumatics\",\n                \"Industrial transportation\",\n                \"Other industries\",\n              ],\n              datasets: [{\n                label: \"Dataset\",\n                data: [36,8,9,24,17,2,3],\n                backgroundColor: [\n                  \"#4673b1\",\n                  \"#b44745\",\n                  \"#8cae4d\",\n                  \"#79609b\",\n                  \"#3a9ab7\",\n                  \"#e58036\",\n                  \"#538bd4\",\n                ],\n                hoverOffset: 4\n              }]\n            },\n            options: {\n              plugins: {\n                htmlLegend3: {\n                  \/\/ ID of the container to put the legend in\n                  containerID: \"legend-container3\",\n                },\n                legend: {\n                  display: false,\n                  labels: {\n                    color: \"rgb(0,0,0)\",\n                    boxWidth:15,\n                  }\n                },\n                tooltip :{\n                  enabled: true,\n\n                  callbacks : {\n                    label: function(context) {\n                        let label = context.label + \" - \" + context.parsed +\"%\";\n                        return label;\n                    }\n                  }\n                }\n              }\n            },plugins: [htmlLegendPlugin3],\n\n\n\n          }\n        );\n      <\/script>\n\t\t\t<\/div>\n<\/div><\/div>\n<\/p><\/div>\n<\/p><\/div>\n<div class=\"intro-page enlarged\">\n<\/p>\n<h2>PREMEK HI TECH EST \u00c0 LA T\u00caTE DE DEUX R\u00c9SEAUX D&rsquo;ENTREPRISES,<br \/>MEDITECH GROUP ET VIS AQUA.<\/h2>\n<p><strong>Le groupe Meditech est sp\u00e9cialis\u00e9 dans les solutions pour l&rsquo;industrie m\u00e9dicale et pharmaceutique.<\/strong> Il regroupe des r\u00e9alit\u00e9s d&rsquo;excellence en m\u00e9canique de pr\u00e9cision, en \u00e9lectronique, en plasturgie et en anodisation de l&rsquo;aluminium et du titane, unies selon une logique de compl\u00e9mentarit\u00e9 des comp\u00e9tences pour fournir un service d&rsquo;approvisionnement complet, de la co-conception au produit fini. Outre Premek Hi Tech, Alfa Elettronica, Al Ti Color, Brovedani, Carniaflex et SIOM Termoplast en sont membres.<\/p>\n<p><strong>Vis Aqua est charg\u00e9e de d\u00e9velopper des projets d&rsquo;innovation dans le domaine de l&rsquo;hydro\u00e9lectricit\u00e9.<\/strong> Depuis 2016, elle s&rsquo;est engag\u00e9e dans le d\u00e9veloppement d&rsquo;une technologie micro-hydro\u00e9lectrique innovante, \u00e0 faible hauteur de chute et \u00e0 tr\u00e8s faible impact environnemental, qui a conduit \u00e0 ce jour \u00e0 la r\u00e9alisation d&rsquo;un prototype exp\u00e9rimental pour la v\u00e9rification de l&rsquo;\u00e9nergie g\u00e9n\u00e9r\u00e9e. Sandro Targa, expert dans le secteur hydro\u00e9lectrique, et Goriziane S.p.A., un groupe qui fournit des solutions d&rsquo;ing\u00e9nierie aux secteurs p\u00e9trolier et gazier, maritime et industriel, ainsi que des services de maintenance et de modernisation de v\u00e9hicules, de machines et d&rsquo;installations, font \u00e9galement partie du r\u00e9seau.<\/p>\n<\/p><\/div>\n","protected":false},"excerpt":{"rendered":"<p>LE GROUPE Un travail d&rsquo;\u00e9quipe pr\u00e9cis \u201cLa fortune d&rsquo;une entreprise manufacturi\u00e8re d\u00e9pend, dans une large mesure, des choix effectu\u00e9s en amont ou en aval du processus industriel.\u201d Mettre de l&rsquo;ordre et organiser sont les mots cl\u00e9s d&rsquo;une entreprise qui s&rsquo;est d\u00e9velopp\u00e9e non seulement dans sa sp\u00e9cialit\u00e9 de production, mais aussi dans son approche du march\u00e9. [&hellip;]<\/p>\n","protected":false},"author":1,"featured_media":0,"parent":0,"menu_order":0,"comment_status":"closed","ping_status":"closed","template":"","meta":{"_acf_changed":false,"inline_featured_image":false,"footnotes":""},"class_list":["post-7787","page","type-page","status-publish","hentry"],"acf":[],"yoast_head":"<!-- This site is optimized with the Yoast SEO plugin v27.3 - https:\/\/yoast.com\/product\/yoast-seo-wordpress\/ -->\n<title>Le groupe - Premek Hi Tech<\/title>\n<meta name=\"description\" content=\"LE GROUPE Un travail d&#039;\u00e9quipe pr\u00e9cis \u201cLa fortune d&#039;une entreprise manufacturi\u00e8re d\u00e9pend, dans une large mesure, des choix effectu\u00e9s en amont ou en aval du\" \/>\n<meta name=\"robots\" content=\"index, follow, max-snippet:-1, max-image-preview:large, max-video-preview:-1\" \/>\n<link rel=\"canonical\" href=\"https:\/\/premek.it\/fr\/le-groupe\/\" \/>\n<meta property=\"og:locale\" content=\"fr_FR\" \/>\n<meta property=\"og:type\" content=\"article\" \/>\n<meta property=\"og:title\" content=\"Le groupe - Premek Hi Tech\" \/>\n<meta property=\"og:description\" content=\"LE GROUPE Un travail d&#039;\u00e9quipe pr\u00e9cis \u201cLa fortune d&#039;une entreprise manufacturi\u00e8re d\u00e9pend, dans une large mesure, des choix effectu\u00e9s en amont ou en aval du\" \/>\n<meta property=\"og:url\" content=\"https:\/\/premek.it\/fr\/le-groupe\/\" \/>\n<meta property=\"og:site_name\" content=\"Premek Hi Tech\" \/>\n<meta property=\"article:modified_time\" content=\"2025-12-05T09:57:56+00:00\" \/>\n<meta name=\"twitter:card\" content=\"summary_large_image\" \/>\n<meta name=\"twitter:label1\" content=\"Dur\u00e9e de lecture estim\u00e9e\" \/>\n\t<meta name=\"twitter:data1\" content=\"4 minutes\" \/>\n<script type=\"application\/ld+json\" class=\"yoast-schema-graph\">{\"@context\":\"https:\\\/\\\/schema.org\",\"@graph\":[{\"@type\":\"WebPage\",\"@id\":\"https:\\\/\\\/premek.it\\\/fr\\\/le-groupe\\\/\",\"url\":\"https:\\\/\\\/premek.it\\\/fr\\\/le-groupe\\\/\",\"name\":\"Le groupe - Premek Hi Tech\",\"isPartOf\":{\"@id\":\"https:\\\/\\\/premek.it\\\/fr\\\/#website\"},\"datePublished\":\"2022-10-24T10:47:47+00:00\",\"dateModified\":\"2025-12-05T09:57:56+00:00\",\"description\":\"LE GROUPE Un travail d'\u00e9quipe pr\u00e9cis \u201cLa fortune d'une entreprise manufacturi\u00e8re d\u00e9pend, dans une large mesure, des choix effectu\u00e9s en amont ou en aval du\",\"breadcrumb\":{\"@id\":\"https:\\\/\\\/premek.it\\\/fr\\\/le-groupe\\\/#breadcrumb\"},\"inLanguage\":\"fr-FR\",\"potentialAction\":[{\"@type\":\"ReadAction\",\"target\":[\"https:\\\/\\\/premek.it\\\/fr\\\/le-groupe\\\/\"]}]},{\"@type\":\"BreadcrumbList\",\"@id\":\"https:\\\/\\\/premek.it\\\/fr\\\/le-groupe\\\/#breadcrumb\",\"itemListElement\":[{\"@type\":\"ListItem\",\"position\":1,\"name\":\"Home\",\"item\":\"https:\\\/\\\/premek.it\\\/fr\\\/\"},{\"@type\":\"ListItem\",\"position\":2,\"name\":\"Le groupe\"}]},{\"@type\":\"WebSite\",\"@id\":\"https:\\\/\\\/premek.it\\\/fr\\\/#website\",\"url\":\"https:\\\/\\\/premek.it\\\/fr\\\/\",\"name\":\"Premek Hi Tech\",\"description\":\"Meccanica di precisione\",\"potentialAction\":[{\"@type\":\"SearchAction\",\"target\":{\"@type\":\"EntryPoint\",\"urlTemplate\":\"https:\\\/\\\/premek.it\\\/fr\\\/?s={search_term_string}\"},\"query-input\":{\"@type\":\"PropertyValueSpecification\",\"valueRequired\":true,\"valueName\":\"search_term_string\"}}],\"inLanguage\":\"fr-FR\"}]}<\/script>\n<!-- \/ Yoast SEO plugin. -->","yoast_head_json":{"title":"Le groupe - Premek Hi Tech","description":"LE GROUPE Un travail d'\u00e9quipe pr\u00e9cis \u201cLa fortune d'une entreprise manufacturi\u00e8re d\u00e9pend, dans une large mesure, des choix effectu\u00e9s en amont ou en aval du","robots":{"index":"index","follow":"follow","max-snippet":"max-snippet:-1","max-image-preview":"max-image-preview:large","max-video-preview":"max-video-preview:-1"},"canonical":"https:\/\/premek.it\/fr\/le-groupe\/","og_locale":"fr_FR","og_type":"article","og_title":"Le groupe - Premek Hi Tech","og_description":"LE GROUPE Un travail d'\u00e9quipe pr\u00e9cis \u201cLa fortune d'une entreprise manufacturi\u00e8re d\u00e9pend, dans une large mesure, des choix effectu\u00e9s en amont ou en aval du","og_url":"https:\/\/premek.it\/fr\/le-groupe\/","og_site_name":"Premek Hi Tech","article_modified_time":"2025-12-05T09:57:56+00:00","twitter_card":"summary_large_image","twitter_misc":{"Dur\u00e9e de lecture estim\u00e9e":"4 minutes"},"schema":{"@context":"https:\/\/schema.org","@graph":[{"@type":"WebPage","@id":"https:\/\/premek.it\/fr\/le-groupe\/","url":"https:\/\/premek.it\/fr\/le-groupe\/","name":"Le groupe - Premek Hi Tech","isPartOf":{"@id":"https:\/\/premek.it\/fr\/#website"},"datePublished":"2022-10-24T10:47:47+00:00","dateModified":"2025-12-05T09:57:56+00:00","description":"LE GROUPE Un travail d'\u00e9quipe pr\u00e9cis \u201cLa fortune d'une entreprise manufacturi\u00e8re d\u00e9pend, dans une large mesure, des choix effectu\u00e9s en amont ou en aval du","breadcrumb":{"@id":"https:\/\/premek.it\/fr\/le-groupe\/#breadcrumb"},"inLanguage":"fr-FR","potentialAction":[{"@type":"ReadAction","target":["https:\/\/premek.it\/fr\/le-groupe\/"]}]},{"@type":"BreadcrumbList","@id":"https:\/\/premek.it\/fr\/le-groupe\/#breadcrumb","itemListElement":[{"@type":"ListItem","position":1,"name":"Home","item":"https:\/\/premek.it\/fr\/"},{"@type":"ListItem","position":2,"name":"Le groupe"}]},{"@type":"WebSite","@id":"https:\/\/premek.it\/fr\/#website","url":"https:\/\/premek.it\/fr\/","name":"Premek Hi Tech","description":"Meccanica di precisione","potentialAction":[{"@type":"SearchAction","target":{"@type":"EntryPoint","urlTemplate":"https:\/\/premek.it\/fr\/?s={search_term_string}"},"query-input":{"@type":"PropertyValueSpecification","valueRequired":true,"valueName":"search_term_string"}}],"inLanguage":"fr-FR"}]}},"_links":{"self":[{"href":"https:\/\/premek.it\/fr\/wp-json\/wp\/v2\/pages\/7787","targetHints":{"allow":["GET"]}}],"collection":[{"href":"https:\/\/premek.it\/fr\/wp-json\/wp\/v2\/pages"}],"about":[{"href":"https:\/\/premek.it\/fr\/wp-json\/wp\/v2\/types\/page"}],"author":[{"embeddable":true,"href":"https:\/\/premek.it\/fr\/wp-json\/wp\/v2\/users\/1"}],"replies":[{"embeddable":true,"href":"https:\/\/premek.it\/fr\/wp-json\/wp\/v2\/comments?post=7787"}],"version-history":[{"count":5,"href":"https:\/\/premek.it\/fr\/wp-json\/wp\/v2\/pages\/7787\/revisions"}],"predecessor-version":[{"id":27928,"href":"https:\/\/premek.it\/fr\/wp-json\/wp\/v2\/pages\/7787\/revisions\/27928"}],"wp:attachment":[{"href":"https:\/\/premek.it\/fr\/wp-json\/wp\/v2\/media?parent=7787"}],"curies":[{"name":"wp","href":"https:\/\/api.w.org\/{rel}","templated":true}]}}