{"id":7796,"date":"2022-09-27T11:32:23","date_gmt":"2022-09-27T09:32:23","guid":{"rendered":"https:\/\/premek.it\/produzione\/"},"modified":"2023-12-04T17:09:40","modified_gmt":"2023-12-04T16:09:40","slug":"production","status":"publish","type":"page","link":"https:\/\/premek.it\/fr\/production\/","title":{"rendered":"Production"},"content":{"rendered":"<div class=\"intro-page\">\n<h1>NOS PRODUITS<\/h1>\n<h2>Au-del\u00e0 des composants : les fournisseurs de syst\u00e8mes<\/h2>\n<p>\t<i>\u00ab\u00a0Passer du tournage conventionnel \u00e0 l&rsquo;assemblage de pr\u00e9cision signifie passer d&rsquo;une conscience ex\u00e9cutive locale \u00e0 une vision proactive.\u00a0\u00bb<\/i><br \/>\n\t<!--\n\n<div class=\"pk-anchor\"><a href=\"#settori\" class=\"pk-btn smooth\">Domaines d'application <span\n\t\t\t\tclass=\"link-icon\"><\/span><\/a><\/div>\n\n-->\n<\/div>\n<div class=\"rows-hp\">\n<div class=\"row-hp odd\">\n<div class=\"column-text\">\n<h2>LES TRAVAUX<\/h2>\n<div class=\"row-hp-text\">\n\t\t\t\t<strong>La production de Premek Hi Tech se concentre sur les pi\u00e8ces m\u00e9caniques de pr\u00e9cision et les petits assemblages selon les dessins des clients.<\/strong> L&rsquo;entreprise est sp\u00e9cialis\u00e9e dans l&rsquo;usinage des aciers inoxydables et des alliages d&rsquo;aluminium. Elle travaille \u00e9galement le bronze, le laiton, les mati\u00e8res plastiques et les mat\u00e9riaux sp\u00e9ciaux tels que le titane, l&rsquo;inconel et l&rsquo;hastelloy. Outre le tournage et le fraisage, des usinages compl\u00e9mentaires sont r\u00e9alis\u00e9s sous forme de per\u00e7age, de filetage par enl\u00e8vement de copeaux ou par roulage, d&rsquo;al\u00e9sage, de brochage, de cisaillement, de pliage et de meulage.  <\/p>\n<p>\t\t\t\t&nbsp;<\/p>\n<p>\t\t\t\tLes traitements thermiques et les finitions de surface sont confi\u00e9s \u00e0 un r\u00e9seau de partenaires locaux sp\u00e9cialis\u00e9s.<\/p><\/div>\n<\/p><\/div>\n<div class=\"column-img \">\n<div class=\"img-container reveal\"><img loading=\"lazy\" decoding=\"async\" width=\"700\" height=\"360\" src=\"https:\/\/premek.it\/wp-content\/uploads\/premek-produzione-lavorazioni.jpg\" class=\"\" alt=\"La produzione di Premek Hi Tech \u00e8 concentrata su particolari meccanici di precisione e piccoli assiemi conformi al disegno del cliente\" srcset=\"https:\/\/premek.it\/wp-content\/uploads\/premek-produzione-lavorazioni.jpg 700w, https:\/\/premek.it\/wp-content\/uploads\/premek-produzione-lavorazioni-300x154.jpg 300w, https:\/\/premek.it\/wp-content\/uploads\/premek-produzione-lavorazioni-480x247.jpg 480w\" sizes=\"auto, (max-width: 700px) 100vw, 700px\" \/><\/div>\n<\/p><\/div>\n<\/p><\/div>\n<div class=\"row-hp even\">\n<div class=\"column-text\">\n<h2>ASSEMBLAGES DE PR\u00c9CISION<\/h2>\n<div class=\"row-hp-text\">\n<p>\t\t\t\tUne part de plus en plus importante de la production de Premek Hi Tech est consacr\u00e9e \u00e0 l&rsquo;assemblage d&rsquo;ensembles m\u00e9caniques, dans deux domaines distincts :<\/p>\n<p>\t\t\t\t&nbsp;<\/p>\n<p>\t\t\t\t<strong>Salle d&rsquo;assemblage et salle blanche <\/strong><br \/>\n\t\t\t\tpour les petits assemblages ayant des exigences \u00e9lev\u00e9es en mati\u00e8re de propret\u00e9 et de pr\u00e9cision. Les performances des filtres peuvent atteindre la classe 7 selon la norme ISO 14644.1 dans cet environnement.<\/p><\/div>\n<\/p><\/div>\n<div class=\"column-img \">\n<div class=\"img-container reveal\"><img loading=\"lazy\" decoding=\"async\" width=\"700\" height=\"360\" src=\"https:\/\/premek.it\/wp-content\/uploads\/premek-produzione-clean-room.jpg\" class=\"\" alt=\"Assemblaggio d\u2019insiemi meccanici, in due aree distinte: Reparto Assemblaggi e Clean Room\" srcset=\"https:\/\/premek.it\/wp-content\/uploads\/premek-produzione-clean-room.jpg 700w, https:\/\/premek.it\/wp-content\/uploads\/premek-produzione-clean-room-300x154.jpg 300w, https:\/\/premek.it\/wp-content\/uploads\/premek-produzione-clean-room-480x247.jpg 480w\" sizes=\"auto, (max-width: 700px) 100vw, 700px\" \/><\/div>\n<\/p><\/div>\n<\/p><\/div>\n<\/div>\n<p><!--\n\n\n<div class=\"anchor-settori\" id=\"settori\">\n\t\n\n<h3 class=\"tit-sector\">Domaines d'application<\/h3>\n\n\n<\/div>\n\n\n\n\n<div class=\"prod_list\">[prod_list]<\/div>\n\n\n--><\/p>\n<style>\n.rows-hp:after,\n.rows-hp .row-hp.even:after {\n    display: none;\n}\n<\/style>\n","protected":false},"excerpt":{"rendered":"<p>NOS PRODUITS Au-del\u00e0 des composants : les fournisseurs de syst\u00e8mes \u00ab\u00a0Passer du tournage conventionnel \u00e0 l&rsquo;assemblage de pr\u00e9cision signifie passer d&rsquo;une conscience ex\u00e9cutive locale \u00e0 une vision proactive.\u00a0\u00bb LES TRAVAUX La production de Premek Hi Tech se concentre sur les pi\u00e8ces m\u00e9caniques de pr\u00e9cision et les petits assemblages selon les dessins des clients. L&rsquo;entreprise est [&hellip;]<\/p>\n","protected":false},"author":1,"featured_media":0,"parent":0,"menu_order":0,"comment_status":"closed","ping_status":"closed","template":"","meta":{"_acf_changed":false,"inline_featured_image":false,"footnotes":""},"class_list":["post-7796","page","type-page","status-publish","hentry"],"acf":[],"yoast_head":"<!-- This site is optimized with the Yoast SEO plugin v27.3 - https:\/\/yoast.com\/product\/yoast-seo-wordpress\/ -->\n<title>Production - Premek Hi Tech<\/title>\n<meta name=\"description\" content=\"NOS PRODUITS Au-del\u00e0 des composants : les fournisseurs de syst\u00e8mes &quot;Passer du tournage conventionnel \u00e0 l&#039;assemblage de pr\u00e9cision signifie passer d&#039;une\" \/>\n<meta name=\"robots\" content=\"index, follow, max-snippet:-1, max-image-preview:large, max-video-preview:-1\" \/>\n<link rel=\"canonical\" href=\"https:\/\/premek.it\/fr\/production\/\" \/>\n<meta property=\"og:locale\" content=\"fr_FR\" \/>\n<meta property=\"og:type\" content=\"article\" \/>\n<meta property=\"og:title\" content=\"Production - Premek Hi Tech\" \/>\n<meta property=\"og:description\" content=\"NOS PRODUITS Au-del\u00e0 des composants : les fournisseurs de syst\u00e8mes &quot;Passer du tournage conventionnel \u00e0 l&#039;assemblage de pr\u00e9cision signifie passer d&#039;une\" \/>\n<meta property=\"og:url\" content=\"https:\/\/premek.it\/fr\/production\/\" \/>\n<meta property=\"og:site_name\" content=\"Premek Hi Tech\" \/>\n<meta property=\"article:modified_time\" content=\"2023-12-04T16:09:40+00:00\" \/>\n<meta name=\"twitter:card\" content=\"summary_large_image\" \/>\n<meta name=\"twitter:label1\" content=\"Dur\u00e9e de lecture estim\u00e9e\" \/>\n\t<meta name=\"twitter:data1\" content=\"2 minutes\" \/>\n<script type=\"application\/ld+json\" class=\"yoast-schema-graph\">{\"@context\":\"https:\\\/\\\/schema.org\",\"@graph\":[{\"@type\":\"WebPage\",\"@id\":\"https:\\\/\\\/premek.it\\\/fr\\\/production\\\/\",\"url\":\"https:\\\/\\\/premek.it\\\/fr\\\/production\\\/\",\"name\":\"Production - Premek Hi Tech\",\"isPartOf\":{\"@id\":\"https:\\\/\\\/premek.it\\\/fr\\\/#website\"},\"datePublished\":\"2022-09-27T09:32:23+00:00\",\"dateModified\":\"2023-12-04T16:09:40+00:00\",\"description\":\"NOS PRODUITS Au-del\u00e0 des composants : les fournisseurs de syst\u00e8mes \\\"Passer du tournage conventionnel \u00e0 l'assemblage de pr\u00e9cision signifie passer d'une\",\"breadcrumb\":{\"@id\":\"https:\\\/\\\/premek.it\\\/fr\\\/production\\\/#breadcrumb\"},\"inLanguage\":\"fr-FR\",\"potentialAction\":[{\"@type\":\"ReadAction\",\"target\":[\"https:\\\/\\\/premek.it\\\/fr\\\/production\\\/\"]}]},{\"@type\":\"BreadcrumbList\",\"@id\":\"https:\\\/\\\/premek.it\\\/fr\\\/production\\\/#breadcrumb\",\"itemListElement\":[{\"@type\":\"ListItem\",\"position\":1,\"name\":\"Home\",\"item\":\"https:\\\/\\\/premek.it\\\/fr\\\/\"},{\"@type\":\"ListItem\",\"position\":2,\"name\":\"Production\"}]},{\"@type\":\"WebSite\",\"@id\":\"https:\\\/\\\/premek.it\\\/fr\\\/#website\",\"url\":\"https:\\\/\\\/premek.it\\\/fr\\\/\",\"name\":\"Premek Hi Tech\",\"description\":\"Meccanica di precisione\",\"potentialAction\":[{\"@type\":\"SearchAction\",\"target\":{\"@type\":\"EntryPoint\",\"urlTemplate\":\"https:\\\/\\\/premek.it\\\/fr\\\/?s={search_term_string}\"},\"query-input\":{\"@type\":\"PropertyValueSpecification\",\"valueRequired\":true,\"valueName\":\"search_term_string\"}}],\"inLanguage\":\"fr-FR\"}]}<\/script>\n<!-- \/ Yoast SEO plugin. -->","yoast_head_json":{"title":"Production - Premek Hi Tech","description":"NOS PRODUITS Au-del\u00e0 des composants : les fournisseurs de syst\u00e8mes \"Passer du tournage conventionnel \u00e0 l'assemblage de pr\u00e9cision signifie passer d'une","robots":{"index":"index","follow":"follow","max-snippet":"max-snippet:-1","max-image-preview":"max-image-preview:large","max-video-preview":"max-video-preview:-1"},"canonical":"https:\/\/premek.it\/fr\/production\/","og_locale":"fr_FR","og_type":"article","og_title":"Production - Premek Hi Tech","og_description":"NOS PRODUITS Au-del\u00e0 des composants : les fournisseurs de syst\u00e8mes \"Passer du tournage conventionnel \u00e0 l'assemblage de pr\u00e9cision signifie passer d'une","og_url":"https:\/\/premek.it\/fr\/production\/","og_site_name":"Premek Hi Tech","article_modified_time":"2023-12-04T16:09:40+00:00","twitter_card":"summary_large_image","twitter_misc":{"Dur\u00e9e de lecture estim\u00e9e":"2 minutes"},"schema":{"@context":"https:\/\/schema.org","@graph":[{"@type":"WebPage","@id":"https:\/\/premek.it\/fr\/production\/","url":"https:\/\/premek.it\/fr\/production\/","name":"Production - Premek Hi Tech","isPartOf":{"@id":"https:\/\/premek.it\/fr\/#website"},"datePublished":"2022-09-27T09:32:23+00:00","dateModified":"2023-12-04T16:09:40+00:00","description":"NOS PRODUITS Au-del\u00e0 des composants : les fournisseurs de syst\u00e8mes \"Passer du tournage conventionnel \u00e0 l'assemblage de pr\u00e9cision signifie passer d'une","breadcrumb":{"@id":"https:\/\/premek.it\/fr\/production\/#breadcrumb"},"inLanguage":"fr-FR","potentialAction":[{"@type":"ReadAction","target":["https:\/\/premek.it\/fr\/production\/"]}]},{"@type":"BreadcrumbList","@id":"https:\/\/premek.it\/fr\/production\/#breadcrumb","itemListElement":[{"@type":"ListItem","position":1,"name":"Home","item":"https:\/\/premek.it\/fr\/"},{"@type":"ListItem","position":2,"name":"Production"}]},{"@type":"WebSite","@id":"https:\/\/premek.it\/fr\/#website","url":"https:\/\/premek.it\/fr\/","name":"Premek Hi Tech","description":"Meccanica di precisione","potentialAction":[{"@type":"SearchAction","target":{"@type":"EntryPoint","urlTemplate":"https:\/\/premek.it\/fr\/?s={search_term_string}"},"query-input":{"@type":"PropertyValueSpecification","valueRequired":true,"valueName":"search_term_string"}}],"inLanguage":"fr-FR"}]}},"_links":{"self":[{"href":"https:\/\/premek.it\/fr\/wp-json\/wp\/v2\/pages\/7796","targetHints":{"allow":["GET"]}}],"collection":[{"href":"https:\/\/premek.it\/fr\/wp-json\/wp\/v2\/pages"}],"about":[{"href":"https:\/\/premek.it\/fr\/wp-json\/wp\/v2\/types\/page"}],"author":[{"embeddable":true,"href":"https:\/\/premek.it\/fr\/wp-json\/wp\/v2\/users\/1"}],"replies":[{"embeddable":true,"href":"https:\/\/premek.it\/fr\/wp-json\/wp\/v2\/comments?post=7796"}],"version-history":[{"count":2,"href":"https:\/\/premek.it\/fr\/wp-json\/wp\/v2\/pages\/7796\/revisions"}],"predecessor-version":[{"id":8791,"href":"https:\/\/premek.it\/fr\/wp-json\/wp\/v2\/pages\/7796\/revisions\/8791"}],"wp:attachment":[{"href":"https:\/\/premek.it\/fr\/wp-json\/wp\/v2\/media?parent=7796"}],"curies":[{"name":"wp","href":"https:\/\/api.w.org\/{rel}","templated":true}]}}