{"id":7979,"date":"2022-10-24T14:30:02","date_gmt":"2022-10-24T12:30:02","guid":{"rendered":"https:\/\/premek.it\/qualita-e-certificazione\/"},"modified":"2025-12-02T18:11:39","modified_gmt":"2025-12-02T17:11:39","slug":"qualite-et-certification","status":"publish","type":"page","link":"https:\/\/premek.it\/fr\/qualite-et-certification\/","title":{"rendered":"Qualit\u00e9 et certification"},"content":{"rendered":"<div class=\"intro-page\">\n<h1>QUALIT\u00c9 ET CERTIFICATION<\/h1>\n<h2>LA QUALIT\u00c9 : LE CENTRE DE GRAVIT\u00c9 DU SYST\u00c8ME PREMEK<\/h2>\n<p><i>\u201cL&rsquo;obtention de la premi\u00e8re certification ISO 9002 en 1997 n&rsquo;\u00e9tait que la formalisation d&rsquo;une orientation naturelle vers la qualit\u00e9, \u00e0 chaque \u00e9tape du processus de production.\u201d <\/i><\/p>\n<\/p><\/div>\n<div class=\"rows-hp anni\">\n<div class=\"row-hp odd\">\n<div class=\"column-text\">\n<div class=\"row-hp-text\">\n<p>Premek Hi Tech emploie aujourd&rsquo;hui 4 personnes exclusivement charg\u00e9es de l&rsquo;assurance qualit\u00e9. D\u00e8s 1997, elle a obtenu la certification de qualit\u00e9 ISO 9002 avec DNV (Det Norske Veritas), qui a ensuite \u00e9t\u00e9 am\u00e9lior\u00e9e \u00e0 ISO 9001, et de nouvelles certifications sont en cours de mise en \u0153uvre.<\/p>\n<p>\t\t\tDes efforts constants pour enrichir le syst\u00e8me de certification de l&rsquo;entreprise ont \u00e9galement permis \u00e0 Premek Hi Tech d&rsquo;obtenir la certification ISO 14001 en 2018.     <\/p>\n<\/p><\/div>\n<\/p><\/div>\n<div class=\"column-img\">\n<div class=\"img-container reveal\"><img loading=\"lazy\" decoding=\"async\" width=\"700\" height=\"360\" src=\"https:\/\/premek.it\/wp-content\/uploads\/premek-quality.jpg\" class=\"\" alt=\"\" srcset=\"https:\/\/premek.it\/wp-content\/uploads\/premek-quality.jpg 700w, https:\/\/premek.it\/wp-content\/uploads\/premek-quality-300x154.jpg 300w, https:\/\/premek.it\/wp-content\/uploads\/premek-quality-480x247.jpg 480w\" sizes=\"auto, (max-width: 700px) 100vw, 700px\" \/><\/div>\n<\/p><\/div>\n<\/p><\/div>\n<div class=\"row-hp even\">\n<div class=\"column-text\">\n<div class=\"row-hp-text\">\n<p>Pour Premek Hi Tech, cependant, la Qualit\u00e9 est bien plus qu&rsquo;un drapeau \u00e0 brandir, c&rsquo;est plut\u00f4t un style et une fa\u00e7on d&rsquo;\u00eatre : tout commence par la Qualit\u00e9. Tout doit aboutir \u00e0 cette Qualit\u00e9, qui doit \u00eatre garantie au client, poursuivie \u00e0 chaque phase du cycle de production, devenir partie int\u00e9grante du syst\u00e8me de l&rsquo;entreprise, soumise aux contr\u00f4les les plus rigoureux avant de mettre le produit sur le march\u00e9.<\/p>\n<p><a href=\"\/wp-content\/uploads\/premek-ISO-9001-en.pdf\" class=\"pk-btn\" download>T\u00e9l\u00e9chargez ISO 9001 <span class=\"link-icon\"><\/span><\/a><\/p>\n<p><a href=\"\/wp-content\/uploads\/premek-ISO-14001-en.pdf\" class=\"pk-btn\" download>T\u00e9l\u00e9chargez ISO 14001 <span class=\"link-icon\"><\/span><\/a><\/p>\n<p><a href=\"\/wp-content\/uploads\/premek-ISO-45001-en.pdf\" class=\"pk-btn\" download>T\u00e9l\u00e9chargez ISO 45001 <span class=\"link-icon\"><\/span><\/a>\n<\/p>\n<\/p><\/div>\n<\/p><\/div>\n<div class=\"column-img\">\n<div class=\"img-container reveal\"><img loading=\"lazy\" decoding=\"async\" width=\"700\" height=\"264\" src=\"https:\/\/premek.it\/wp-content\/uploads\/premek-quality-ISO-9001-ISO-14001-ISO-45001.jpg\" class=\"\" alt=\"\" srcset=\"https:\/\/premek.it\/wp-content\/uploads\/premek-quality-ISO-9001-ISO-14001-ISO-45001.jpg 700w, https:\/\/premek.it\/wp-content\/uploads\/premek-quality-ISO-9001-ISO-14001-ISO-45001-300x113.jpg 300w, https:\/\/premek.it\/wp-content\/uploads\/premek-quality-ISO-9001-ISO-14001-ISO-45001-480x181.jpg 480w\" sizes=\"auto, (max-width: 700px) 100vw, 700px\" \/><\/div>\n<\/p><\/div>\n<\/p><\/div>\n<div class=\"row-hp odd\">\n<div class=\"column-text\">\n<div class=\"row-hp-text\">\n<p>Premek Hi Tech a publi\u00e9 en 2024 son premier <strong>rapport de d\u00e9veloppement durable<\/strong>, un compte rendu complet des choix de l&rsquo;entreprise en mati\u00e8re de d\u00e9veloppement durable environnemental, social et de gouvernance d&rsquo;entreprise, constitu\u00e9 de donn\u00e9es pr\u00e9cises relatives \u00e0 l&rsquo;impact de ses activit\u00e9s selon le <strong>mod\u00e8le ESG. La m\u00e9daille de bronze d\u00e9cern\u00e9e par EcoVadis<\/strong>, une plateforme ind\u00e9pendante qui mesure la durabilit\u00e9 des entreprises \u00e0 l&rsquo;\u00e9chelle mondiale, t\u00e9moigne des bons r\u00e9sultats obtenus. <\/p>\n<\/p><\/div>\n<\/p><\/div>\n<div class=\"column-img\">\n<div class=\"img-container reveal\"><img loading=\"lazy\" decoding=\"async\" width=\"700\" height=\"360\" src=\"https:\/\/premek.it\/wp-content\/uploads\/premek-ecovadis-2025.jpg\" class=\"\" alt=\"\" srcset=\"https:\/\/premek.it\/wp-content\/uploads\/premek-ecovadis-2025.jpg 700w, https:\/\/premek.it\/wp-content\/uploads\/premek-ecovadis-2025-300x154.jpg 300w, https:\/\/premek.it\/wp-content\/uploads\/premek-ecovadis-2025-480x247.jpg 480w\" sizes=\"auto, (max-width: 700px) 100vw, 700px\" \/><\/div>\n<\/p><\/div>\n<\/p><\/div>\n<div class=\"row-hp even\">\n<div class=\"column-text\">\n<div class=\"row-hp-text\">\n<p>Premek Hi Tech a choisi d&rsquo;adh\u00e9rer au projet <strong>WHP<\/strong>, acronyme de <strong>Workplace Health Promotion<\/strong>, un programme international qui encourage les entreprises \u00e0 cr\u00e9er un environnement de travail favorable au bien-\u00eatre. Dans la r\u00e9gion Friuli Venezia Giulia, l&rsquo;initiative a pris la forme d&rsquo;un r\u00e9seau impliquant des entreprises, des institutions et des professionnels de la sant\u00e9\u00ec: en faire partie signifie pour l&rsquo;entreprise partager des valeurs, des exp\u00e9riences et des bonnes pratiques qui placent encore plus l&rsquo;individu au centre.\n        <\/p>\n<\/p><\/div>\n<\/p><\/div>\n<div class=\"column-img\">\n<div class=\"img-container reveal\"><img loading=\"lazy\" decoding=\"async\" width=\"700\" height=\"360\" src=\"https:\/\/premek.it\/wp-content\/uploads\/premek-whp.jpg\" class=\"\" alt=\"\" srcset=\"https:\/\/premek.it\/wp-content\/uploads\/premek-whp.jpg 700w, https:\/\/premek.it\/wp-content\/uploads\/premek-whp-300x154.jpg 300w, https:\/\/premek.it\/wp-content\/uploads\/premek-whp-480x247.jpg 480w\" sizes=\"auto, (max-width: 700px) 100vw, 700px\" \/><\/div>\n<\/p><\/div>\n<\/p><\/div>\n<div class=\"row-hp odd\">\n<div class=\"column-text\">\n<div class=\"row-hp-text\">\n<p>Premek Hi Tech a re\u00e7u, \u00e9galement en 2025, le <strong>certificat CRIBIS Prime Company<\/strong>, d\u00e9cern\u00e9 par CRIBIS, soci\u00e9t\u00e9 leader en Italie dans les services de gestion du cr\u00e9dit commercial et de d\u00e9veloppement des affaires, <strong>confirmant ainsi sa fiabilit\u00e9 et sa solidit\u00e9 financi\u00e8re<\/strong>.<\/p>\n<\/p><\/div>\n<\/p><\/div>\n<div class=\"column-img\">\n<div class=\"img-container reveal\"><img loading=\"lazy\" decoding=\"async\" width=\"700\" height=\"360\" src=\"https:\/\/premek.it\/wp-content\/uploads\/premek-cribis.jpg\" class=\"\" alt=\"\" srcset=\"https:\/\/premek.it\/wp-content\/uploads\/premek-cribis.jpg 700w, https:\/\/premek.it\/wp-content\/uploads\/premek-cribis-300x154.jpg 300w, https:\/\/premek.it\/wp-content\/uploads\/premek-cribis-480x247.jpg 480w\" sizes=\"auto, (max-width: 700px) 100vw, 700px\" \/><\/div>\n<\/p><\/div>\n<\/p><\/div>\n<\/div>\n","protected":false},"excerpt":{"rendered":"<p>QUALIT\u00c9 ET CERTIFICATION LA QUALIT\u00c9 : LE CENTRE DE GRAVIT\u00c9 DU SYST\u00c8ME PREMEK \u201cL&rsquo;obtention de la premi\u00e8re certification ISO 9002 en 1997 n&rsquo;\u00e9tait que la formalisation d&rsquo;une orientation naturelle vers la qualit\u00e9, \u00e0 chaque \u00e9tape du processus de production.\u201d Premek Hi Tech emploie aujourd&rsquo;hui 4 personnes exclusivement charg\u00e9es de l&rsquo;assurance qualit\u00e9. D\u00e8s 1997, elle a [&hellip;]<\/p>\n","protected":false},"author":1,"featured_media":0,"parent":0,"menu_order":0,"comment_status":"closed","ping_status":"closed","template":"","meta":{"_acf_changed":false,"inline_featured_image":false,"footnotes":""},"class_list":["post-7979","page","type-page","status-publish","hentry"],"acf":[],"yoast_head":"<!-- This site is optimized with the Yoast SEO plugin v27.3 - https:\/\/yoast.com\/product\/yoast-seo-wordpress\/ -->\n<title>Qualit\u00e9 et certification - Premek Hi Tech<\/title>\n<meta name=\"description\" content=\"QUALIT\u00c9 ET CERTIFICATION LA QUALIT\u00c9 : LE CENTRE DE GRAVIT\u00c9 DU SYST\u00c8ME PREMEK \u201cL&#039;obtention de la premi\u00e8re certification ISO 9002 en 1997 n&#039;\u00e9tait que la\" \/>\n<meta name=\"robots\" content=\"index, follow, max-snippet:-1, max-image-preview:large, max-video-preview:-1\" \/>\n<link rel=\"canonical\" href=\"https:\/\/premek.it\/fr\/qualite-et-certification\/\" \/>\n<meta property=\"og:locale\" content=\"fr_FR\" \/>\n<meta property=\"og:type\" content=\"article\" \/>\n<meta property=\"og:title\" content=\"Qualit\u00e9 et certification - Premek Hi Tech\" \/>\n<meta property=\"og:description\" content=\"QUALIT\u00c9 ET CERTIFICATION LA QUALIT\u00c9 : LE CENTRE DE GRAVIT\u00c9 DU SYST\u00c8ME PREMEK \u201cL&#039;obtention de la premi\u00e8re certification ISO 9002 en 1997 n&#039;\u00e9tait que la\" \/>\n<meta property=\"og:url\" content=\"https:\/\/premek.it\/fr\/qualite-et-certification\/\" \/>\n<meta property=\"og:site_name\" content=\"Premek Hi Tech\" \/>\n<meta property=\"article:modified_time\" content=\"2025-12-02T17:11:39+00:00\" \/>\n<meta name=\"twitter:card\" content=\"summary_large_image\" \/>\n<meta name=\"twitter:label1\" content=\"Dur\u00e9e de lecture estim\u00e9e\" \/>\n\t<meta name=\"twitter:data1\" content=\"2 minutes\" \/>\n<script type=\"application\/ld+json\" class=\"yoast-schema-graph\">{\"@context\":\"https:\\\/\\\/schema.org\",\"@graph\":[{\"@type\":\"WebPage\",\"@id\":\"https:\\\/\\\/premek.it\\\/fr\\\/qualite-et-certification\\\/\",\"url\":\"https:\\\/\\\/premek.it\\\/fr\\\/qualite-et-certification\\\/\",\"name\":\"Qualit\u00e9 et certification - Premek Hi Tech\",\"isPartOf\":{\"@id\":\"https:\\\/\\\/premek.it\\\/fr\\\/#website\"},\"datePublished\":\"2022-10-24T12:30:02+00:00\",\"dateModified\":\"2025-12-02T17:11:39+00:00\",\"description\":\"QUALIT\u00c9 ET CERTIFICATION LA QUALIT\u00c9 : LE CENTRE DE GRAVIT\u00c9 DU SYST\u00c8ME PREMEK \u201cL'obtention de la premi\u00e8re certification ISO 9002 en 1997 n'\u00e9tait que la\",\"breadcrumb\":{\"@id\":\"https:\\\/\\\/premek.it\\\/fr\\\/qualite-et-certification\\\/#breadcrumb\"},\"inLanguage\":\"fr-FR\",\"potentialAction\":[{\"@type\":\"ReadAction\",\"target\":[\"https:\\\/\\\/premek.it\\\/fr\\\/qualite-et-certification\\\/\"]}]},{\"@type\":\"BreadcrumbList\",\"@id\":\"https:\\\/\\\/premek.it\\\/fr\\\/qualite-et-certification\\\/#breadcrumb\",\"itemListElement\":[{\"@type\":\"ListItem\",\"position\":1,\"name\":\"Home\",\"item\":\"https:\\\/\\\/premek.it\\\/fr\\\/\"},{\"@type\":\"ListItem\",\"position\":2,\"name\":\"Qualit\u00e9 et certification\"}]},{\"@type\":\"WebSite\",\"@id\":\"https:\\\/\\\/premek.it\\\/fr\\\/#website\",\"url\":\"https:\\\/\\\/premek.it\\\/fr\\\/\",\"name\":\"Premek Hi Tech\",\"description\":\"Meccanica di precisione\",\"potentialAction\":[{\"@type\":\"SearchAction\",\"target\":{\"@type\":\"EntryPoint\",\"urlTemplate\":\"https:\\\/\\\/premek.it\\\/fr\\\/?s={search_term_string}\"},\"query-input\":{\"@type\":\"PropertyValueSpecification\",\"valueRequired\":true,\"valueName\":\"search_term_string\"}}],\"inLanguage\":\"fr-FR\"}]}<\/script>\n<!-- \/ Yoast SEO plugin. -->","yoast_head_json":{"title":"Qualit\u00e9 et certification - Premek Hi Tech","description":"QUALIT\u00c9 ET CERTIFICATION LA QUALIT\u00c9 : LE CENTRE DE GRAVIT\u00c9 DU SYST\u00c8ME PREMEK \u201cL'obtention de la premi\u00e8re certification ISO 9002 en 1997 n'\u00e9tait que la","robots":{"index":"index","follow":"follow","max-snippet":"max-snippet:-1","max-image-preview":"max-image-preview:large","max-video-preview":"max-video-preview:-1"},"canonical":"https:\/\/premek.it\/fr\/qualite-et-certification\/","og_locale":"fr_FR","og_type":"article","og_title":"Qualit\u00e9 et certification - Premek Hi Tech","og_description":"QUALIT\u00c9 ET CERTIFICATION LA QUALIT\u00c9 : LE CENTRE DE GRAVIT\u00c9 DU SYST\u00c8ME PREMEK \u201cL'obtention de la premi\u00e8re certification ISO 9002 en 1997 n'\u00e9tait que la","og_url":"https:\/\/premek.it\/fr\/qualite-et-certification\/","og_site_name":"Premek Hi Tech","article_modified_time":"2025-12-02T17:11:39+00:00","twitter_card":"summary_large_image","twitter_misc":{"Dur\u00e9e de lecture estim\u00e9e":"2 minutes"},"schema":{"@context":"https:\/\/schema.org","@graph":[{"@type":"WebPage","@id":"https:\/\/premek.it\/fr\/qualite-et-certification\/","url":"https:\/\/premek.it\/fr\/qualite-et-certification\/","name":"Qualit\u00e9 et certification - Premek Hi Tech","isPartOf":{"@id":"https:\/\/premek.it\/fr\/#website"},"datePublished":"2022-10-24T12:30:02+00:00","dateModified":"2025-12-02T17:11:39+00:00","description":"QUALIT\u00c9 ET CERTIFICATION LA QUALIT\u00c9 : LE CENTRE DE GRAVIT\u00c9 DU SYST\u00c8ME PREMEK \u201cL'obtention de la premi\u00e8re certification ISO 9002 en 1997 n'\u00e9tait que la","breadcrumb":{"@id":"https:\/\/premek.it\/fr\/qualite-et-certification\/#breadcrumb"},"inLanguage":"fr-FR","potentialAction":[{"@type":"ReadAction","target":["https:\/\/premek.it\/fr\/qualite-et-certification\/"]}]},{"@type":"BreadcrumbList","@id":"https:\/\/premek.it\/fr\/qualite-et-certification\/#breadcrumb","itemListElement":[{"@type":"ListItem","position":1,"name":"Home","item":"https:\/\/premek.it\/fr\/"},{"@type":"ListItem","position":2,"name":"Qualit\u00e9 et certification"}]},{"@type":"WebSite","@id":"https:\/\/premek.it\/fr\/#website","url":"https:\/\/premek.it\/fr\/","name":"Premek Hi Tech","description":"Meccanica di precisione","potentialAction":[{"@type":"SearchAction","target":{"@type":"EntryPoint","urlTemplate":"https:\/\/premek.it\/fr\/?s={search_term_string}"},"query-input":{"@type":"PropertyValueSpecification","valueRequired":true,"valueName":"search_term_string"}}],"inLanguage":"fr-FR"}]}},"_links":{"self":[{"href":"https:\/\/premek.it\/fr\/wp-json\/wp\/v2\/pages\/7979","targetHints":{"allow":["GET"]}}],"collection":[{"href":"https:\/\/premek.it\/fr\/wp-json\/wp\/v2\/pages"}],"about":[{"href":"https:\/\/premek.it\/fr\/wp-json\/wp\/v2\/types\/page"}],"author":[{"embeddable":true,"href":"https:\/\/premek.it\/fr\/wp-json\/wp\/v2\/users\/1"}],"replies":[{"embeddable":true,"href":"https:\/\/premek.it\/fr\/wp-json\/wp\/v2\/comments?post=7979"}],"version-history":[{"count":4,"href":"https:\/\/premek.it\/fr\/wp-json\/wp\/v2\/pages\/7979\/revisions"}],"predecessor-version":[{"id":27901,"href":"https:\/\/premek.it\/fr\/wp-json\/wp\/v2\/pages\/7979\/revisions\/27901"}],"wp:attachment":[{"href":"https:\/\/premek.it\/fr\/wp-json\/wp\/v2\/media?parent=7979"}],"curies":[{"name":"wp","href":"https:\/\/api.w.org\/{rel}","templated":true}]}}