{"id":7984,"date":"2022-09-30T11:09:21","date_gmt":"2022-09-30T09:09:21","guid":{"rendered":"https:\/\/premek.it\/download\/"},"modified":"2023-10-30T12:57:04","modified_gmt":"2023-10-30T11:57:04","slug":"telecharger","status":"publish","type":"page","link":"https:\/\/premek.it\/fr\/telecharger\/","title":{"rendered":"T\u00e9l\u00e9charger"},"content":{"rendered":"<div class=\"intro-page\">\n<h1>T\u00c9L\u00c9CHARGER<\/h1>\n<p>Vous souhaitez en savoir plus sur les activit\u00e9s de Premek Hi Tech ? Vous pouvez t\u00e9l\u00e9charger ici, d&rsquo;un simple clic, tout le mat\u00e9riel d&rsquo;information disponible sur l&rsquo;entreprise et ses certifications.<\/p>\n<\/p><\/div>\n<div class=\"prod_list down_list\"><div class=\"prod-list-cont\"><div class=\"sing-prod-list-item\">\n           <div class=\"prod-list-item\">\n             <a href=\"https:\/\/premek.it\/wp-content\/uploads\/Premek-Hitech-Machine-list-2026.pdf\"  download><h3>Premek Hi Tech Machine List<\/h3>\n             <\/a>\n             <a href=\"https:\/\/premek.it\/wp-content\/uploads\/Premek-Hitech-Machine-list-2026.pdf\" class=\"pk-btn\" download>Download <span class=\"link-icon\"><\/span><\/a>\n           <\/div>\n\n         <\/div><div class=\"sing-prod-list-item\">\n           <div class=\"prod-list-item\">\n             <a href=\"https:\/\/premek.it\/wp-content\/uploads\/Premek-Meditech_BROCHURE_ENG.pdf\"  download><h3>Enterprise Network MEDITECH GROUP<\/h3>\n             <\/a>\n             <a href=\"https:\/\/premek.it\/wp-content\/uploads\/Premek-Meditech_BROCHURE_ENG.pdf\" class=\"pk-btn\" download>Download <span class=\"link-icon\"><\/span><\/a>\n           <\/div>\n\n         <\/div><div class=\"sing-prod-list-item\">\n           <div class=\"prod-list-item\">\n             <a href=\"https:\/\/premek.it\/wp-content\/uploads\/PREMEK_Flyer.pdf\"  download><h3>Premek Hi Tech Company Profile<\/h3>\n             <\/a>\n             <a href=\"https:\/\/premek.it\/wp-content\/uploads\/PREMEK_Flyer.pdf\" class=\"pk-btn\" download>Download <span class=\"link-icon\"><\/span><\/a>\n           <\/div>\n\n         <\/div><div class=\"sing-prod-list-item\">\n           <div class=\"prod-list-item\">\n             <a href=\"https:\/\/premek.it\/wp-content\/uploads\/premek-ISO-9001-en.pdf\"  download><h3>Quality Certificate ISO 9001<\/h3>\n             <\/a>\n             <a href=\"https:\/\/premek.it\/wp-content\/uploads\/premek-ISO-9001-en.pdf\" class=\"pk-btn\" download>Download <span class=\"link-icon\"><\/span><\/a>\n           <\/div>\n\n         <\/div><div class=\"sing-prod-list-item\">\n           <div class=\"prod-list-item\">\n             <a href=\"https:\/\/premek.it\/wp-content\/uploads\/premek-ISO-14001-en.pdf\"  download><h3>Quality Certification ISO 14001<\/h3>\n             <\/a>\n             <a href=\"https:\/\/premek.it\/wp-content\/uploads\/premek-ISO-14001-en.pdf\" class=\"pk-btn\" download>Download <span class=\"link-icon\"><\/span><\/a>\n           <\/div>\n\n         <\/div><div class=\"sing-prod-list-item\">\n           <div class=\"prod-list-item\">\n             <a href=\"https:\/\/premek.it\/wp-content\/uploads\/premek-ISO-45001-en.pdf\"  download><h3>Quality Certification ISO 45001<\/h3>\n             <\/a>\n             <a href=\"https:\/\/premek.it\/wp-content\/uploads\/premek-ISO-45001-en.pdf\" class=\"pk-btn\" download>Download <span class=\"link-icon\"><\/span><\/a>\n           <\/div>\n\n         <\/div><\/div>\n","protected":false},"excerpt":{"rendered":"<p>T\u00c9L\u00c9CHARGER Vous souhaitez en savoir plus sur les activit\u00e9s de Premek Hi Tech ? Vous pouvez t\u00e9l\u00e9charger ici, d&rsquo;un simple clic, tout le mat\u00e9riel d&rsquo;information disponible sur l&rsquo;entreprise et ses certifications.<\/p>\n","protected":false},"author":1,"featured_media":0,"parent":0,"menu_order":0,"comment_status":"closed","ping_status":"closed","template":"","meta":{"_acf_changed":false,"inline_featured_image":false,"footnotes":""},"class_list":["post-7984","page","type-page","status-publish","hentry"],"acf":[],"yoast_head":"<!-- This site is optimized with the Yoast SEO plugin v27.4 - https:\/\/yoast.com\/product\/yoast-seo-wordpress\/ -->\n<title>T\u00e9l\u00e9charger - Premek Hi Tech<\/title>\n<meta name=\"description\" content=\"T\u00c9L\u00c9CHARGER Vous souhaitez en savoir plus sur les activit\u00e9s de Premek Hi Tech ? Vous pouvez t\u00e9l\u00e9charger ici, d&#039;un simple clic, tout le mat\u00e9riel\" \/>\n<meta name=\"robots\" content=\"index, follow, max-snippet:-1, max-image-preview:large, max-video-preview:-1\" \/>\n<link rel=\"canonical\" href=\"https:\/\/premek.it\/fr\/telecharger\/\" \/>\n<meta property=\"og:locale\" content=\"fr_FR\" \/>\n<meta property=\"og:type\" content=\"article\" \/>\n<meta property=\"og:title\" content=\"T\u00e9l\u00e9charger - Premek Hi Tech\" \/>\n<meta property=\"og:description\" content=\"T\u00c9L\u00c9CHARGER Vous souhaitez en savoir plus sur les activit\u00e9s de Premek Hi Tech ? Vous pouvez t\u00e9l\u00e9charger ici, d&#039;un simple clic, tout le mat\u00e9riel\" \/>\n<meta property=\"og:url\" content=\"https:\/\/premek.it\/fr\/telecharger\/\" \/>\n<meta property=\"og:site_name\" content=\"Premek Hi Tech\" \/>\n<meta property=\"article:modified_time\" content=\"2023-10-30T11:57:04+00:00\" \/>\n<meta name=\"twitter:card\" content=\"summary_large_image\" \/>\n<meta name=\"twitter:label1\" content=\"Dur\u00e9e de lecture estim\u00e9e\" \/>\n\t<meta name=\"twitter:data1\" content=\"1 minute\" \/>\n<script type=\"application\/ld+json\" class=\"yoast-schema-graph\">{\"@context\":\"https:\\\/\\\/schema.org\",\"@graph\":[{\"@type\":\"WebPage\",\"@id\":\"https:\\\/\\\/premek.it\\\/fr\\\/telecharger\\\/\",\"url\":\"https:\\\/\\\/premek.it\\\/fr\\\/telecharger\\\/\",\"name\":\"T\u00e9l\u00e9charger - Premek Hi Tech\",\"isPartOf\":{\"@id\":\"https:\\\/\\\/premek.it\\\/fr\\\/#website\"},\"datePublished\":\"2022-09-30T09:09:21+00:00\",\"dateModified\":\"2023-10-30T11:57:04+00:00\",\"description\":\"T\u00c9L\u00c9CHARGER Vous souhaitez en savoir plus sur les activit\u00e9s de Premek Hi Tech ? Vous pouvez t\u00e9l\u00e9charger ici, d'un simple clic, tout le mat\u00e9riel\",\"breadcrumb\":{\"@id\":\"https:\\\/\\\/premek.it\\\/fr\\\/telecharger\\\/#breadcrumb\"},\"inLanguage\":\"fr-FR\",\"potentialAction\":[{\"@type\":\"ReadAction\",\"target\":[\"https:\\\/\\\/premek.it\\\/fr\\\/telecharger\\\/\"]}]},{\"@type\":\"BreadcrumbList\",\"@id\":\"https:\\\/\\\/premek.it\\\/fr\\\/telecharger\\\/#breadcrumb\",\"itemListElement\":[{\"@type\":\"ListItem\",\"position\":1,\"name\":\"Home\",\"item\":\"https:\\\/\\\/premek.it\\\/fr\\\/\"},{\"@type\":\"ListItem\",\"position\":2,\"name\":\"T\u00e9l\u00e9charger\"}]},{\"@type\":\"WebSite\",\"@id\":\"https:\\\/\\\/premek.it\\\/fr\\\/#website\",\"url\":\"https:\\\/\\\/premek.it\\\/fr\\\/\",\"name\":\"Premek Hi Tech\",\"description\":\"Meccanica di precisione\",\"potentialAction\":[{\"@type\":\"SearchAction\",\"target\":{\"@type\":\"EntryPoint\",\"urlTemplate\":\"https:\\\/\\\/premek.it\\\/fr\\\/?s={search_term_string}\"},\"query-input\":{\"@type\":\"PropertyValueSpecification\",\"valueRequired\":true,\"valueName\":\"search_term_string\"}}],\"inLanguage\":\"fr-FR\"}]}<\/script>\n<!-- \/ Yoast SEO plugin. -->","yoast_head_json":{"title":"T\u00e9l\u00e9charger - Premek Hi Tech","description":"T\u00c9L\u00c9CHARGER Vous souhaitez en savoir plus sur les activit\u00e9s de Premek Hi Tech ? Vous pouvez t\u00e9l\u00e9charger ici, d'un simple clic, tout le mat\u00e9riel","robots":{"index":"index","follow":"follow","max-snippet":"max-snippet:-1","max-image-preview":"max-image-preview:large","max-video-preview":"max-video-preview:-1"},"canonical":"https:\/\/premek.it\/fr\/telecharger\/","og_locale":"fr_FR","og_type":"article","og_title":"T\u00e9l\u00e9charger - Premek Hi Tech","og_description":"T\u00c9L\u00c9CHARGER Vous souhaitez en savoir plus sur les activit\u00e9s de Premek Hi Tech ? Vous pouvez t\u00e9l\u00e9charger ici, d'un simple clic, tout le mat\u00e9riel","og_url":"https:\/\/premek.it\/fr\/telecharger\/","og_site_name":"Premek Hi Tech","article_modified_time":"2023-10-30T11:57:04+00:00","twitter_card":"summary_large_image","twitter_misc":{"Dur\u00e9e de lecture estim\u00e9e":"1 minute"},"schema":{"@context":"https:\/\/schema.org","@graph":[{"@type":"WebPage","@id":"https:\/\/premek.it\/fr\/telecharger\/","url":"https:\/\/premek.it\/fr\/telecharger\/","name":"T\u00e9l\u00e9charger - Premek Hi Tech","isPartOf":{"@id":"https:\/\/premek.it\/fr\/#website"},"datePublished":"2022-09-30T09:09:21+00:00","dateModified":"2023-10-30T11:57:04+00:00","description":"T\u00c9L\u00c9CHARGER Vous souhaitez en savoir plus sur les activit\u00e9s de Premek Hi Tech ? Vous pouvez t\u00e9l\u00e9charger ici, d'un simple clic, tout le mat\u00e9riel","breadcrumb":{"@id":"https:\/\/premek.it\/fr\/telecharger\/#breadcrumb"},"inLanguage":"fr-FR","potentialAction":[{"@type":"ReadAction","target":["https:\/\/premek.it\/fr\/telecharger\/"]}]},{"@type":"BreadcrumbList","@id":"https:\/\/premek.it\/fr\/telecharger\/#breadcrumb","itemListElement":[{"@type":"ListItem","position":1,"name":"Home","item":"https:\/\/premek.it\/fr\/"},{"@type":"ListItem","position":2,"name":"T\u00e9l\u00e9charger"}]},{"@type":"WebSite","@id":"https:\/\/premek.it\/fr\/#website","url":"https:\/\/premek.it\/fr\/","name":"Premek Hi Tech","description":"Meccanica di precisione","potentialAction":[{"@type":"SearchAction","target":{"@type":"EntryPoint","urlTemplate":"https:\/\/premek.it\/fr\/?s={search_term_string}"},"query-input":{"@type":"PropertyValueSpecification","valueRequired":true,"valueName":"search_term_string"}}],"inLanguage":"fr-FR"}]}},"_links":{"self":[{"href":"https:\/\/premek.it\/fr\/wp-json\/wp\/v2\/pages\/7984","targetHints":{"allow":["GET"]}}],"collection":[{"href":"https:\/\/premek.it\/fr\/wp-json\/wp\/v2\/pages"}],"about":[{"href":"https:\/\/premek.it\/fr\/wp-json\/wp\/v2\/types\/page"}],"author":[{"embeddable":true,"href":"https:\/\/premek.it\/fr\/wp-json\/wp\/v2\/users\/1"}],"replies":[{"embeddable":true,"href":"https:\/\/premek.it\/fr\/wp-json\/wp\/v2\/comments?post=7984"}],"version-history":[{"count":1,"href":"https:\/\/premek.it\/fr\/wp-json\/wp\/v2\/pages\/7984\/revisions"}],"predecessor-version":[{"id":7985,"href":"https:\/\/premek.it\/fr\/wp-json\/wp\/v2\/pages\/7984\/revisions\/7985"}],"wp:attachment":[{"href":"https:\/\/premek.it\/fr\/wp-json\/wp\/v2\/media?parent=7984"}],"curies":[{"name":"wp","href":"https:\/\/api.w.org\/{rel}","templated":true}]}}