{"id":7986,"date":"2022-10-24T16:06:04","date_gmt":"2022-10-24T14:06:04","guid":{"rendered":"https:\/\/premek.it\/contatti\/"},"modified":"2023-10-30T12:59:05","modified_gmt":"2023-10-30T11:59:05","slug":"contact","status":"publish","type":"page","link":"https:\/\/premek.it\/fr\/contact\/","title":{"rendered":"Contact"},"content":{"rendered":"<div class=\"intro-page\">\n<h1>CONTACT<\/h1>\n<p>Premek Hi Tech couvre l&rsquo;Europe et ses principaux march\u00e9s en coordonnant les activit\u00e9s de son si\u00e8ge en Italie, de sa filiale en Su\u00e8de et de son bureau de vente en Allemagne. Vous trouverez ci-dessous, pour tout contact \u00e9ventuel, leurs adresses compl\u00e8tes.<\/p>\n<\/p><\/div>\n<div class=\"intro-gruppo\">\n<div class=\"intro-gruppo-txt\">\n<div>\n<div>\n<h3>PREMEK HI TECH SRL<\/h3>\n<p>Via Jacopo Linussio 3-5<br \/>\n\t\t\t33170 Pordenone \u2013 Italie<\/p>\n<p>\t\t\tT. <a href=\"tel:+390434517511\">+39.0434.517511<\/a><br \/>\n\t\t\tF. +39.0434.573462<br \/>\n\t\t\tE. <a href=\"mailto:info@premek.it\">info@premek.it<\/a><\/p>\n<\/p><\/div>\n<\/p><\/div>\n<div>\n<div>\n<h3>PREMEK HI TECH SRL ITALIE &#8211; FILIALE SCANDINAVE<\/h3>\n<p>Lagergrens gata 2<br \/>\n\t\t\tSE-65226 Karlstad Su\u00e8de<\/p>\n<p>\t\t\tT. <a href=\"tel:+46706556678\">+46.70.655.6678<\/a><br \/>\n\t\t\tE. <a href=\"mailto:info@premek.se\">info@premek.se<\/a>\n\t\t  <\/p>\n<\/p><\/div>\n<\/p><\/div>\n<div>\n<div>\n<h3>PREMEK HI TECH SRL \u2013 BUREAU ALLEMAND<\/h3>\n<p>Sonnenstrasse 31<br \/>\n\t\t\t80331 M\u00fcnchen &#8211; Allemagne<\/p>\n<p>\t\t\tT. <a href=\"tel:+4989262074514\">+49.89.26207.4514<\/a><br \/>\n\t\t\tE. <a href=\"mailto:info@premek.de\">info@premek.de<\/a>\n\t\t  <\/p>\n<\/p><\/div>\n<\/p><\/div>\n<\/p><\/div>\n<\/p><\/div>\n<div class=\"row-mappa\">\n\t<div class=\"map-container\">\n  <div id=\"map_canvas\"><\/div>\n  <\/div><script>function isBreakpoint( alias ) {\n    return jQuery(\".device-\" + alias).is(\":visible\");\n}\nfunction initialize() {\n\tvar draggableOpt = true;\n\tvar mapZoom = 4;\n\n\t\/\/ if( Modernizr.touch ){\n\t\/\/ \tdraggableOpt = false;\n\t\/\/ }\n\tif( isBreakpoint(\"xs\") || isBreakpoint(\"sm\") ) {\n\t\tmapZoom = 3;\n\t}\n  var viewport_width = window.innerWidth;\n\n  if(viewport_width<=767){\n    mapZoom = 3;\n  }\n\n\tvar is_internetExplorer11= navigator.userAgent.toLowerCase().indexOf(\"trident\") > -1;\n\tvar marker_url = ( is_internetExplorer11 ) ?  \"\/wp-content\/themes\/premek\/img\/marker.png\" : \"\/wp-content\/themes\/premek\/img\/marker.svg\";\n\n\tvar mapOptions = {\n\t\tzoom: mapZoom,\n\t\tcenter: new google.maps.LatLng(52.937594,12.652022),\n\t\tmapTypeControl: false,\n\t\toverviewMapControl: false,\n\t\tpanControl: false,\n\t\trotateControl: false,\n\t\tscaleControl: false,\n\t\tscrollwheel: false,\n\t\tstreetViewControl: false,\n\t\tdraggable: draggableOpt,\n\t\tzoomControl: true,\n\t\tzoomControlOptions: {\n\t\t\t\tstyle: google.maps.ZoomControlStyle.SMALL,\n\t\t\t\tposition: google.maps.ControlPosition.RIGHT_CENTER\n\t\t},\n\t\tpanControlOptions: {\n\t\t\t\tposition: google.maps.ControlPosition.LEFT_CENTER\n\t\t},\n\t\tstyles: [\n\t\t\t{\n\t\t\t\t\"featureType\": \"administrative\",\n\t\t\t\t\"elementType\": \"labels.text.fill\",\n\t\t\t\t\"stylers\": [\n\t\t\t\t\t{\n\t\t\t\t\t\t\"color\": \"#444444\"\n\t\t\t\t\t}\n\t\t\t\t]\n\t\t\t},\n\t\t\t{\n\t\t\t\t\"featureType\": \"landscape\",\n\t\t\t\t\"elementType\": \"all\",\n\t\t\t\t\"stylers\": [\n\t\t\t\t\t{\n\t\t\t\t\t\t\"color\": \"#f2f2f2\"\n\t\t\t\t\t}\n\t\t\t\t]\n\t\t\t},\n\t\t\t{\n\t\t\t\t\"featureType\": \"poi\",\n\t\t\t\t\"elementType\": \"all\",\n\t\t\t\t\"stylers\": [\n\t\t\t\t\t{\n\t\t\t\t\t\t\"visibility\": \"off\"\n\t\t\t\t\t}\n\t\t\t\t]\n\t\t\t},\n\t\t\t{\n\t\t\t\t\"featureType\": \"road\",\n\t\t\t\t\"elementType\": \"all\",\n\t\t\t\t\"stylers\": [\n\t\t\t\t\t{\n\t\t\t\t\t\t\"saturation\": -100\n\t\t\t\t\t},\n\t\t\t\t\t{\n\t\t\t\t\t\t\"lightness\": 45\n\t\t\t\t\t}\n\t\t\t\t]\n\t\t\t},\n\t\t\t{\n\t\t\t\t\"featureType\": \"road.highway\",\n\t\t\t\t\"elementType\": \"all\",\n\t\t\t\t\"stylers\": [\n\t\t\t\t\t{\n\t\t\t\t\t\t\"visibility\": \"simplified\"\n\t\t\t\t\t}\n\t\t\t\t]\n\t\t\t},\n\t\t\t{\n\t\t\t\t\"featureType\": \"road.arterial\",\n\t\t\t\t\"elementType\": \"labels.icon\",\n\t\t\t\t\"stylers\": [\n\t\t\t\t\t{\n\t\t\t\t\t\t\"visibility\": \"off\"\n\t\t\t\t\t}\n\t\t\t\t]\n\t\t\t},\n\t\t\t{\n\t\t\t\t\"featureType\": \"transit\",\n\t\t\t\t\"elementType\": \"all\",\n\t\t\t\t\"stylers\": [\n\t\t\t\t\t{\n\t\t\t\t\t\t\"visibility\": \"off\"\n\t\t\t\t\t}\n\t\t\t\t]\n\t\t\t},\n\t\t\t{\n\t\t\t\t\"featureType\": \"water\",\n\t\t\t\t\"elementType\": \"all\",\n\t\t\t\t\"stylers\": [\n\t\t\t\t\t{\n\t\t\t\t\t\t\"color\": \"#c3dfec\"\n\t\t\t\t\t},\n\t\t\t\t\t{\n\t\t\t\t\t\t\"visibility\": \"on\"\n\t\t\t\t\t}\n\t\t\t\t]\n\t\t\t}\n\t\t]\n\t};\n\n\tvar mapElement = document.getElementById(\"map_canvas\");\n\tvar map = new google.maps.Map(mapElement, mapOptions);\n\n\tvar marker0 = new google.maps.Marker({\n\t\tposition: new google.maps.LatLng(45.937594,12.652022),\n\t\tmap: map,\n\t\ticon: marker_url\n\t});\n\n\tvar marker1 = new google.maps.Marker({\n\t\tposition: new google.maps.LatLng(59.374211, 13.508842),\n\t\tmap: map,\n\t\ticon: marker_url\n\t});\n\tvar marker2 = new google.maps.Marker({\n\t\tposition: new google.maps.LatLng(48.134610, 11.566300),\n\t\tmap: map,\n\t\ticon: marker_url\n\t});\n}\n\nfunction loadScript() {\n\tvar script = document.createElement(\"script\");\n\tscript.type = \"text\/javascript\";\n\tscript.src = \"https:\/\/maps.googleapis.com\/maps\/api\/js?key=AIzaSyD7uKMuus317cCcoc9lnFJL063E4Q-Rp5I&callback=initialize\";\n\tdocument.body.appendChild(script);\n}\n\nif( document.getElementById(\"map_canvas\") ){\n\twindow.onload = loadScript;\n}<\/script>\n  <\/div>\n","protected":false},"excerpt":{"rendered":"<p>CONTACT Premek Hi Tech couvre l&rsquo;Europe et ses principaux march\u00e9s en coordonnant les activit\u00e9s de son si\u00e8ge en Italie, de sa filiale en Su\u00e8de et de son bureau de vente en Allemagne. Vous trouverez ci-dessous, pour tout contact \u00e9ventuel, leurs adresses compl\u00e8tes. PREMEK HI TECH SRL Via Jacopo Linussio 3-5 33170 Pordenone \u2013 Italie T. [&hellip;]<\/p>\n","protected":false},"author":1,"featured_media":0,"parent":0,"menu_order":0,"comment_status":"closed","ping_status":"closed","template":"","meta":{"_acf_changed":false,"inline_featured_image":false,"footnotes":""},"class_list":["post-7986","page","type-page","status-publish","hentry"],"acf":[],"yoast_head":"<!-- This site is optimized with the Yoast SEO plugin v27.4 - https:\/\/yoast.com\/product\/yoast-seo-wordpress\/ -->\n<title>Contact - Premek Hi Tech<\/title>\n<meta name=\"description\" content=\"CONTACT Premek Hi Tech couvre l&#039;Europe et ses principaux march\u00e9s en coordonnant les activit\u00e9s de son si\u00e8ge en Italie, de sa filiale en Su\u00e8de et de son\" \/>\n<meta name=\"robots\" content=\"index, follow, max-snippet:-1, max-image-preview:large, max-video-preview:-1\" \/>\n<link rel=\"canonical\" href=\"https:\/\/premek.it\/fr\/contact\/\" \/>\n<meta property=\"og:locale\" content=\"fr_FR\" \/>\n<meta property=\"og:type\" content=\"article\" \/>\n<meta property=\"og:title\" content=\"Contact - Premek Hi Tech\" \/>\n<meta property=\"og:description\" content=\"CONTACT Premek Hi Tech couvre l&#039;Europe et ses principaux march\u00e9s en coordonnant les activit\u00e9s de son si\u00e8ge en Italie, de sa filiale en Su\u00e8de et de son\" \/>\n<meta property=\"og:url\" content=\"https:\/\/premek.it\/fr\/contact\/\" \/>\n<meta property=\"og:site_name\" content=\"Premek Hi Tech\" \/>\n<meta property=\"article:modified_time\" content=\"2023-10-30T11:59:05+00:00\" \/>\n<meta name=\"twitter:card\" content=\"summary_large_image\" \/>\n<meta name=\"twitter:label1\" content=\"Dur\u00e9e de lecture estim\u00e9e\" \/>\n\t<meta name=\"twitter:data1\" content=\"1 minute\" \/>\n<script type=\"application\/ld+json\" class=\"yoast-schema-graph\">{\"@context\":\"https:\\\/\\\/schema.org\",\"@graph\":[{\"@type\":\"WebPage\",\"@id\":\"https:\\\/\\\/premek.it\\\/fr\\\/contact\\\/\",\"url\":\"https:\\\/\\\/premek.it\\\/fr\\\/contact\\\/\",\"name\":\"Contact - Premek Hi Tech\",\"isPartOf\":{\"@id\":\"https:\\\/\\\/premek.it\\\/fr\\\/#website\"},\"datePublished\":\"2022-10-24T14:06:04+00:00\",\"dateModified\":\"2023-10-30T11:59:05+00:00\",\"description\":\"CONTACT Premek Hi Tech couvre l'Europe et ses principaux march\u00e9s en coordonnant les activit\u00e9s de son si\u00e8ge en Italie, de sa filiale en Su\u00e8de et de son\",\"breadcrumb\":{\"@id\":\"https:\\\/\\\/premek.it\\\/fr\\\/contact\\\/#breadcrumb\"},\"inLanguage\":\"fr-FR\",\"potentialAction\":[{\"@type\":\"ReadAction\",\"target\":[\"https:\\\/\\\/premek.it\\\/fr\\\/contact\\\/\"]}]},{\"@type\":\"BreadcrumbList\",\"@id\":\"https:\\\/\\\/premek.it\\\/fr\\\/contact\\\/#breadcrumb\",\"itemListElement\":[{\"@type\":\"ListItem\",\"position\":1,\"name\":\"Home\",\"item\":\"https:\\\/\\\/premek.it\\\/fr\\\/\"},{\"@type\":\"ListItem\",\"position\":2,\"name\":\"Contact\"}]},{\"@type\":\"WebSite\",\"@id\":\"https:\\\/\\\/premek.it\\\/fr\\\/#website\",\"url\":\"https:\\\/\\\/premek.it\\\/fr\\\/\",\"name\":\"Premek Hi Tech\",\"description\":\"Meccanica di precisione\",\"potentialAction\":[{\"@type\":\"SearchAction\",\"target\":{\"@type\":\"EntryPoint\",\"urlTemplate\":\"https:\\\/\\\/premek.it\\\/fr\\\/?s={search_term_string}\"},\"query-input\":{\"@type\":\"PropertyValueSpecification\",\"valueRequired\":true,\"valueName\":\"search_term_string\"}}],\"inLanguage\":\"fr-FR\"}]}<\/script>\n<!-- \/ Yoast SEO plugin. -->","yoast_head_json":{"title":"Contact - Premek Hi Tech","description":"CONTACT Premek Hi Tech couvre l'Europe et ses principaux march\u00e9s en coordonnant les activit\u00e9s de son si\u00e8ge en Italie, de sa filiale en Su\u00e8de et de son","robots":{"index":"index","follow":"follow","max-snippet":"max-snippet:-1","max-image-preview":"max-image-preview:large","max-video-preview":"max-video-preview:-1"},"canonical":"https:\/\/premek.it\/fr\/contact\/","og_locale":"fr_FR","og_type":"article","og_title":"Contact - Premek Hi Tech","og_description":"CONTACT Premek Hi Tech couvre l'Europe et ses principaux march\u00e9s en coordonnant les activit\u00e9s de son si\u00e8ge en Italie, de sa filiale en Su\u00e8de et de son","og_url":"https:\/\/premek.it\/fr\/contact\/","og_site_name":"Premek Hi Tech","article_modified_time":"2023-10-30T11:59:05+00:00","twitter_card":"summary_large_image","twitter_misc":{"Dur\u00e9e de lecture estim\u00e9e":"1 minute"},"schema":{"@context":"https:\/\/schema.org","@graph":[{"@type":"WebPage","@id":"https:\/\/premek.it\/fr\/contact\/","url":"https:\/\/premek.it\/fr\/contact\/","name":"Contact - Premek Hi Tech","isPartOf":{"@id":"https:\/\/premek.it\/fr\/#website"},"datePublished":"2022-10-24T14:06:04+00:00","dateModified":"2023-10-30T11:59:05+00:00","description":"CONTACT Premek Hi Tech couvre l'Europe et ses principaux march\u00e9s en coordonnant les activit\u00e9s de son si\u00e8ge en Italie, de sa filiale en Su\u00e8de et de son","breadcrumb":{"@id":"https:\/\/premek.it\/fr\/contact\/#breadcrumb"},"inLanguage":"fr-FR","potentialAction":[{"@type":"ReadAction","target":["https:\/\/premek.it\/fr\/contact\/"]}]},{"@type":"BreadcrumbList","@id":"https:\/\/premek.it\/fr\/contact\/#breadcrumb","itemListElement":[{"@type":"ListItem","position":1,"name":"Home","item":"https:\/\/premek.it\/fr\/"},{"@type":"ListItem","position":2,"name":"Contact"}]},{"@type":"WebSite","@id":"https:\/\/premek.it\/fr\/#website","url":"https:\/\/premek.it\/fr\/","name":"Premek Hi Tech","description":"Meccanica di precisione","potentialAction":[{"@type":"SearchAction","target":{"@type":"EntryPoint","urlTemplate":"https:\/\/premek.it\/fr\/?s={search_term_string}"},"query-input":{"@type":"PropertyValueSpecification","valueRequired":true,"valueName":"search_term_string"}}],"inLanguage":"fr-FR"}]}},"_links":{"self":[{"href":"https:\/\/premek.it\/fr\/wp-json\/wp\/v2\/pages\/7986","targetHints":{"allow":["GET"]}}],"collection":[{"href":"https:\/\/premek.it\/fr\/wp-json\/wp\/v2\/pages"}],"about":[{"href":"https:\/\/premek.it\/fr\/wp-json\/wp\/v2\/types\/page"}],"author":[{"embeddable":true,"href":"https:\/\/premek.it\/fr\/wp-json\/wp\/v2\/users\/1"}],"replies":[{"embeddable":true,"href":"https:\/\/premek.it\/fr\/wp-json\/wp\/v2\/comments?post=7986"}],"version-history":[{"count":2,"href":"https:\/\/premek.it\/fr\/wp-json\/wp\/v2\/pages\/7986\/revisions"}],"predecessor-version":[{"id":7987,"href":"https:\/\/premek.it\/fr\/wp-json\/wp\/v2\/pages\/7986\/revisions\/7987"}],"wp:attachment":[{"href":"https:\/\/premek.it\/fr\/wp-json\/wp\/v2\/media?parent=7986"}],"curies":[{"name":"wp","href":"https:\/\/api.w.org\/{rel}","templated":true}]}}