{"id":8022,"date":"2022-10-24T08:38:59","date_gmt":"2022-10-24T06:38:59","guid":{"rendered":"https:\/\/premek.it\/about-us\/"},"modified":"2023-10-30T15:33:07","modified_gmt":"2023-10-30T14:33:07","slug":"om-oss","status":"publish","type":"page","link":"https:\/\/premek.it\/sv\/om-oss\/","title":{"rendered":"Om oss"},"content":{"rendered":"<div class=\"intro-page\">\n<h1>OM OSS<\/h1>\n<h2>Nya scenarier: riktningen f\u00f6r v\u00e5r erfarenhet<\/h2>\n<p><i>\u201cVi g\u00f6r, och har alltid gjort, det andra inte g\u00f6r. Detta, fr\u00e5n v\u00e5r synvinkel, \u00e4r att se l\u00e4ngre.\u201d<\/i><\/p>\n<p>\tSedan 1978 har Premek Hi Tech valt v\u00e4gen av teknisk f\u00f6rb\u00e4ttring och kontinuerlig innovation. Detta inf\u00f6r nya industrier p\u00e5 en allt bredare marknad: en tillv\u00e4xtresa med ett fast och exakt steg, som f\u00f6r med sig ett bagage av f\u00f6rv\u00e4rvade f\u00e4rdigheter.\n\t<\/p>\n<\/p><\/div>\n<div class=\"rows-hp anni\">\n<div class=\"row-hp odd\">\n<div class=\"column-text\">\n<div class=\"cont2img\">\n<div class=\"gallery-container\" id=\"animated-thumbnails-gallery\"><a data-lg-size=\"1200-800\" class=\"gallery-item\" data-src=\"\/wp-content\/uploads\/premek-chi-siamo-i-primi-dipendenti.jpg\"><br \/>\n\t<img loading=\"lazy\" decoding=\"async\" width=\"1200\" height=\"800\" src=\"https:\/\/premek.it\/wp-content\/uploads\/premek-chi-siamo-i-primi-dipendenti.jpg\" class=\"\" alt=\"I primi dipendenti - Premek\" srcset=\"https:\/\/premek.it\/wp-content\/uploads\/premek-chi-siamo-i-primi-dipendenti.jpg 1200w, https:\/\/premek.it\/wp-content\/uploads\/premek-chi-siamo-i-primi-dipendenti-300x200.jpg 300w, https:\/\/premek.it\/wp-content\/uploads\/premek-chi-siamo-i-primi-dipendenti-1024x683.jpg 1024w, https:\/\/premek.it\/wp-content\/uploads\/premek-chi-siamo-i-primi-dipendenti-768x512.jpg 768w, https:\/\/premek.it\/wp-content\/uploads\/premek-chi-siamo-i-primi-dipendenti-480x320.jpg 480w\" sizes=\"auto, (max-width: 1200px) 100vw, 1200px\" \/><br \/>\n\t<\/a><br \/>\n\t<a data-lg-size=\"1200-800\" class=\"gallery-item\" data-src=\"\/wp-content\/uploads\/premek-chi-siamo-il-primo-mezzo.jpg\"><br \/>\n\t<img loading=\"lazy\" decoding=\"async\" width=\"1200\" height=\"800\" src=\"https:\/\/premek.it\/wp-content\/uploads\/premek-chi-siamo-il-primo-mezzo.jpg\" class=\"\" alt=\"Il primo mezzo - Premek\" srcset=\"https:\/\/premek.it\/wp-content\/uploads\/premek-chi-siamo-il-primo-mezzo.jpg 1200w, https:\/\/premek.it\/wp-content\/uploads\/premek-chi-siamo-il-primo-mezzo-300x200.jpg 300w, https:\/\/premek.it\/wp-content\/uploads\/premek-chi-siamo-il-primo-mezzo-1024x683.jpg 1024w, https:\/\/premek.it\/wp-content\/uploads\/premek-chi-siamo-il-primo-mezzo-768x512.jpg 768w, https:\/\/premek.it\/wp-content\/uploads\/premek-chi-siamo-il-primo-mezzo-480x320.jpg 480w\" sizes=\"auto, (max-width: 1200px) 100vw, 1200px\" \/><br \/>\n\t<\/a><\/div>\n<\/p><\/div>\n<div class=\"row-hp-text\">P\u00e5 70- och 80-talen erbj\u00f6d Premek Hi Tech konventionella metallsvarvningstj\u00e4nster f\u00f6r italienska kunder inom n\u00e5gra specifika sektorer.<\/div>\n<\/p><\/div>\n<div class=\"column-year column-img reveal\">\n<div><span class=\"year y70\">70<\/span><br \/>\n\t<span class=\"year y80-1\">80<\/span><\/div>\n<\/p><\/div>\n<\/p><\/div>\n<div class=\"row-hp even\">\n<div class=\"column-text\">\n<div class=\"row-hp-text\">\n<p>\t\tP\u00e5 80- och 90-talen b\u00f6rjade Premek Hi Tech tillhandah\u00e5lla aff\u00e4rstj\u00e4nster till en bredare internationell kundkrets. Dess k\u00e4rnverksamhet gick fr\u00e5n enkla metallbearbetningsprocesser (CNC-svarvning och fr\u00e4sning) till att \u00e4ven leverera r\u00e5material, v\u00e4rmebehandlingar och ytfinish.<\/p><\/div>\n<\/p><\/div>\n<div class=\"column-year column-img reveal\">\n<div>\n<p>\t<span class=\"year y90\">90<\/span><br \/>\n\t<span class=\"year y80-2\">80<\/span><\/p><\/div>\n<\/p><\/div>\n<\/p><\/div>\n<div class=\"row-hp odd\">\n<div class=\"column-text\">\n<div class=\"cont2img\">\n<div class=\"gallery-container\" id=\"animated-thumbnails-gallery\"><a data-lg-size=\"1200-800\" class=\"gallery-item\" data-src=\"\/wp-content\/uploads\/premek-chi-siamo-produzione.jpg\"><br \/>\n\t<img loading=\"lazy\" decoding=\"async\" width=\"1200\" height=\"800\" src=\"https:\/\/premek.it\/wp-content\/uploads\/premek-chi-siamo-produzione.jpg\" class=\"\" alt=\"Produzione - Premek\" srcset=\"https:\/\/premek.it\/wp-content\/uploads\/premek-chi-siamo-produzione.jpg 1200w, https:\/\/premek.it\/wp-content\/uploads\/premek-chi-siamo-produzione-300x200.jpg 300w, https:\/\/premek.it\/wp-content\/uploads\/premek-chi-siamo-produzione-1024x683.jpg 1024w, https:\/\/premek.it\/wp-content\/uploads\/premek-chi-siamo-produzione-768x512.jpg 768w, https:\/\/premek.it\/wp-content\/uploads\/premek-chi-siamo-produzione-480x320.jpg 480w\" sizes=\"auto, (max-width: 1200px) 100vw, 1200px\" \/><br \/>\n\t<\/a><br \/>\n\t<a data-lg-size=\"1200-800\" class=\"gallery-item\" data-src=\"\/wp-content\/uploads\/premek-chi-siamo-controlli.jpg\"><br \/>\n\t<img loading=\"lazy\" decoding=\"async\" width=\"1200\" height=\"800\" src=\"https:\/\/premek.it\/wp-content\/uploads\/premek-chi-siamo-controlli.jpg\" class=\"\" alt=\"\" srcset=\"https:\/\/premek.it\/wp-content\/uploads\/premek-chi-siamo-controlli.jpg 1200w, https:\/\/premek.it\/wp-content\/uploads\/premek-chi-siamo-controlli-300x200.jpg 300w, https:\/\/premek.it\/wp-content\/uploads\/premek-chi-siamo-controlli-1024x683.jpg 1024w, https:\/\/premek.it\/wp-content\/uploads\/premek-chi-siamo-controlli-768x512.jpg 768w, https:\/\/premek.it\/wp-content\/uploads\/premek-chi-siamo-controlli-480x320.jpg 480w\" sizes=\"auto, (max-width: 1200px) 100vw, 1200px\" \/><br \/>\n\t<\/a><\/div>\n<\/p><\/div>\n<div class=\"row-hp-text\">Under det tredje millenniet var Premek Hi Tech engagerad i en s\u00e4rskilt intensiv tillv\u00e4xtperiod. F\u00f6rutom bearbetningsprocesser, r\u00e5varuf\u00f6rs\u00f6rjning, v\u00e4rmebehandlingar och ytbehandlingar startade Premek Hi tech att erbjuda systemmontering. F\u00f6retaget kan nu m\u00f6ta kraven fr\u00e5n mer \u00e4n 400 kunder runt om i v\u00e4rlden, inom en m\u00e4ngd olika branscher.<\/div>\n<\/p><\/div>\n<div class=\"column-year column-img reveal\">\n<div>\n<p class=\"year ny\">Nytt<span><\/span>\u00e5r<span><\/span>tusen<span><\/span>de<\/p>\n<\/p><\/div>\n<\/p><\/div>\n<\/p><\/div>\n<\/p><\/div>\n<div class=\"vision\">\n<h2>VISION<\/h2>\n<p>\t\u201cPrinciperna hj\u00e4lper oss att g\u00e5 l\u00e5ngt, om vi alltid har dem inom oss och till\u00e4mpar dem konsekvent.\u201d<\/p>\n<div class=\"\"><picture><source media=\"(min-width: 481px)\" srcset=\"\/wp-content\/uploads\/premek-vision-desk-sv.jpg\" \/><\/picture>\n\t<picture><source media=\"(max-width: 480px)\" srcset=\"\/wp-content\/uploads\/premek-vision-mobile-sv.jpg\" \/><\/picture>\n\t<picture><img decoding=\"async\" src=\"\/wp-content\/uploads\/premek-vision-desk-sv.jpg\" alt=\"\" \/><\/picture><\/div>\n<\/p><\/div>\n<div class=\"yt-video\">\n<h2>F\u00d6RETAGSFILM<\/h2>\n<p>\t\t<iframe loading=\"lazy\" width=\"1120\" height=\"630\" src=\"https:\/\/www.youtube-nocookie.com\/embed\/ncUxEBVm3nE?si=2RZ-ZmvPf1xwXu4b&amp;controls=0\" title=\"YouTube video player\" frameborder=\"0\" allow=\"accelerometer; autoplay; clipboard-write; encrypted-media; gyroscope; picture-in-picture; web-share\" allowfullscreen><\/iframe>\n\t<\/div>\n","protected":false},"excerpt":{"rendered":"<p>OM OSS Nya scenarier: riktningen f\u00f6r v\u00e5r erfarenhet \u201cVi g\u00f6r, och har alltid gjort, det andra inte g\u00f6r. Detta, fr\u00e5n v\u00e5r synvinkel, \u00e4r att se l\u00e4ngre.\u201d Sedan 1978 har Premek Hi Tech valt v\u00e4gen av teknisk f\u00f6rb\u00e4ttring och kontinuerlig innovation. Detta inf\u00f6r nya industrier p\u00e5 en allt bredare marknad: en tillv\u00e4xtresa med ett fast och [&hellip;]<\/p>\n","protected":false},"author":1,"featured_media":0,"parent":0,"menu_order":0,"comment_status":"closed","ping_status":"closed","template":"","meta":{"_acf_changed":false,"inline_featured_image":false,"footnotes":""},"class_list":["post-8022","page","type-page","status-publish","hentry"],"acf":[],"yoast_head":"<!-- This site is optimized with the Yoast SEO plugin v27.3 - https:\/\/yoast.com\/product\/yoast-seo-wordpress\/ -->\n<title>Om oss - Premek Hi Tech<\/title>\n<meta name=\"description\" content=\"OM OSS Nya scenarier: riktningen f\u00f6r v\u00e5r erfarenhet \u201cVi g\u00f6r, och har alltid gjort, det andra inte g\u00f6r. Detta, fr\u00e5n v\u00e5r synvinkel, \u00e4r att se l\u00e4ngre.\u201d Sedan\" \/>\n<meta name=\"robots\" content=\"index, follow, max-snippet:-1, max-image-preview:large, max-video-preview:-1\" \/>\n<link rel=\"canonical\" href=\"https:\/\/premek.it\/sv\/om-oss\/\" \/>\n<meta property=\"og:locale\" content=\"sv_SE\" \/>\n<meta property=\"og:type\" content=\"article\" \/>\n<meta property=\"og:title\" content=\"Om oss - Premek Hi Tech\" \/>\n<meta property=\"og:description\" content=\"OM OSS Nya scenarier: riktningen f\u00f6r v\u00e5r erfarenhet \u201cVi g\u00f6r, och har alltid gjort, det andra inte g\u00f6r. Detta, fr\u00e5n v\u00e5r synvinkel, \u00e4r att se l\u00e4ngre.\u201d Sedan\" \/>\n<meta property=\"og:url\" content=\"https:\/\/premek.it\/sv\/om-oss\/\" \/>\n<meta property=\"og:site_name\" content=\"Premek Hi Tech\" \/>\n<meta property=\"article:modified_time\" content=\"2023-10-30T14:33:07+00:00\" \/>\n<meta name=\"twitter:card\" content=\"summary_large_image\" \/>\n<meta name=\"twitter:label1\" content=\"Ber\u00e4knad l\u00e4stid\" \/>\n\t<meta name=\"twitter:data1\" content=\"2 minuter\" \/>\n<script type=\"application\/ld+json\" class=\"yoast-schema-graph\">{\"@context\":\"https:\\\/\\\/schema.org\",\"@graph\":[{\"@type\":\"WebPage\",\"@id\":\"https:\\\/\\\/premek.it\\\/sv\\\/om-oss\\\/\",\"url\":\"https:\\\/\\\/premek.it\\\/sv\\\/om-oss\\\/\",\"name\":\"Om oss - Premek Hi Tech\",\"isPartOf\":{\"@id\":\"https:\\\/\\\/premek.it\\\/sv\\\/#website\"},\"datePublished\":\"2022-10-24T06:38:59+00:00\",\"dateModified\":\"2023-10-30T14:33:07+00:00\",\"description\":\"OM OSS Nya scenarier: riktningen f\u00f6r v\u00e5r erfarenhet \u201cVi g\u00f6r, och har alltid gjort, det andra inte g\u00f6r. Detta, fr\u00e5n v\u00e5r synvinkel, \u00e4r att se l\u00e4ngre.\u201d Sedan\",\"breadcrumb\":{\"@id\":\"https:\\\/\\\/premek.it\\\/sv\\\/om-oss\\\/#breadcrumb\"},\"inLanguage\":\"sv-SE\",\"potentialAction\":[{\"@type\":\"ReadAction\",\"target\":[\"https:\\\/\\\/premek.it\\\/sv\\\/om-oss\\\/\"]}]},{\"@type\":\"BreadcrumbList\",\"@id\":\"https:\\\/\\\/premek.it\\\/sv\\\/om-oss\\\/#breadcrumb\",\"itemListElement\":[{\"@type\":\"ListItem\",\"position\":1,\"name\":\"Home\",\"item\":\"https:\\\/\\\/premek.it\\\/sv\\\/\"},{\"@type\":\"ListItem\",\"position\":2,\"name\":\"Om oss\"}]},{\"@type\":\"WebSite\",\"@id\":\"https:\\\/\\\/premek.it\\\/sv\\\/#website\",\"url\":\"https:\\\/\\\/premek.it\\\/sv\\\/\",\"name\":\"Premek Hi Tech\",\"description\":\"Meccanica di precisione\",\"potentialAction\":[{\"@type\":\"SearchAction\",\"target\":{\"@type\":\"EntryPoint\",\"urlTemplate\":\"https:\\\/\\\/premek.it\\\/sv\\\/?s={search_term_string}\"},\"query-input\":{\"@type\":\"PropertyValueSpecification\",\"valueRequired\":true,\"valueName\":\"search_term_string\"}}],\"inLanguage\":\"sv-SE\"}]}<\/script>\n<!-- \/ Yoast SEO plugin. -->","yoast_head_json":{"title":"Om oss - Premek Hi Tech","description":"OM OSS Nya scenarier: riktningen f\u00f6r v\u00e5r erfarenhet \u201cVi g\u00f6r, och har alltid gjort, det andra inte g\u00f6r. Detta, fr\u00e5n v\u00e5r synvinkel, \u00e4r att se l\u00e4ngre.\u201d Sedan","robots":{"index":"index","follow":"follow","max-snippet":"max-snippet:-1","max-image-preview":"max-image-preview:large","max-video-preview":"max-video-preview:-1"},"canonical":"https:\/\/premek.it\/sv\/om-oss\/","og_locale":"sv_SE","og_type":"article","og_title":"Om oss - Premek Hi Tech","og_description":"OM OSS Nya scenarier: riktningen f\u00f6r v\u00e5r erfarenhet \u201cVi g\u00f6r, och har alltid gjort, det andra inte g\u00f6r. Detta, fr\u00e5n v\u00e5r synvinkel, \u00e4r att se l\u00e4ngre.\u201d Sedan","og_url":"https:\/\/premek.it\/sv\/om-oss\/","og_site_name":"Premek Hi Tech","article_modified_time":"2023-10-30T14:33:07+00:00","twitter_card":"summary_large_image","twitter_misc":{"Ber\u00e4knad l\u00e4stid":"2 minuter"},"schema":{"@context":"https:\/\/schema.org","@graph":[{"@type":"WebPage","@id":"https:\/\/premek.it\/sv\/om-oss\/","url":"https:\/\/premek.it\/sv\/om-oss\/","name":"Om oss - Premek Hi Tech","isPartOf":{"@id":"https:\/\/premek.it\/sv\/#website"},"datePublished":"2022-10-24T06:38:59+00:00","dateModified":"2023-10-30T14:33:07+00:00","description":"OM OSS Nya scenarier: riktningen f\u00f6r v\u00e5r erfarenhet \u201cVi g\u00f6r, och har alltid gjort, det andra inte g\u00f6r. Detta, fr\u00e5n v\u00e5r synvinkel, \u00e4r att se l\u00e4ngre.\u201d Sedan","breadcrumb":{"@id":"https:\/\/premek.it\/sv\/om-oss\/#breadcrumb"},"inLanguage":"sv-SE","potentialAction":[{"@type":"ReadAction","target":["https:\/\/premek.it\/sv\/om-oss\/"]}]},{"@type":"BreadcrumbList","@id":"https:\/\/premek.it\/sv\/om-oss\/#breadcrumb","itemListElement":[{"@type":"ListItem","position":1,"name":"Home","item":"https:\/\/premek.it\/sv\/"},{"@type":"ListItem","position":2,"name":"Om oss"}]},{"@type":"WebSite","@id":"https:\/\/premek.it\/sv\/#website","url":"https:\/\/premek.it\/sv\/","name":"Premek Hi Tech","description":"Meccanica di precisione","potentialAction":[{"@type":"SearchAction","target":{"@type":"EntryPoint","urlTemplate":"https:\/\/premek.it\/sv\/?s={search_term_string}"},"query-input":{"@type":"PropertyValueSpecification","valueRequired":true,"valueName":"search_term_string"}}],"inLanguage":"sv-SE"}]}},"_links":{"self":[{"href":"https:\/\/premek.it\/sv\/wp-json\/wp\/v2\/pages\/8022","targetHints":{"allow":["GET"]}}],"collection":[{"href":"https:\/\/premek.it\/sv\/wp-json\/wp\/v2\/pages"}],"about":[{"href":"https:\/\/premek.it\/sv\/wp-json\/wp\/v2\/types\/page"}],"author":[{"embeddable":true,"href":"https:\/\/premek.it\/sv\/wp-json\/wp\/v2\/users\/1"}],"replies":[{"embeddable":true,"href":"https:\/\/premek.it\/sv\/wp-json\/wp\/v2\/comments?post=8022"}],"version-history":[{"count":4,"href":"https:\/\/premek.it\/sv\/wp-json\/wp\/v2\/pages\/8022\/revisions"}],"predecessor-version":[{"id":8024,"href":"https:\/\/premek.it\/sv\/wp-json\/wp\/v2\/pages\/8022\/revisions\/8024"}],"wp:attachment":[{"href":"https:\/\/premek.it\/sv\/wp-json\/wp\/v2\/media?parent=8022"}],"curies":[{"name":"wp","href":"https:\/\/api.w.org\/{rel}","templated":true}]}}