{"id":8035,"date":"2022-10-24T12:47:47","date_gmt":"2022-10-24T10:47:47","guid":{"rendered":"https:\/\/premek.it\/il-gruppo\/"},"modified":"2025-12-05T11:02:30","modified_gmt":"2025-12-05T10:02:30","slug":"gruppen","status":"publish","type":"page","link":"https:\/\/premek.it\/sv\/gruppen\/","title":{"rendered":"Gruppen"},"content":{"rendered":"<div class=\"intro-page\">\n<h1>GRUPPEN<\/h1>\n<h2>Ett korrekt lagarbete<\/h2>\n<p><i>\u201cFramg\u00e5ngen f\u00f6r ett produktionsbolag beror huvudsakligen p\u00e5 val som g\u00f6rs uppstr\u00f6ms eller nedstr\u00f6ms g\u00e4llande den industriella processen.\u201d<\/i><\/p>\n<p>Skapa ordning och organisation \u00e4r nyckelord f\u00f6r ett f\u00f6retag som vuxit inte bara i sin specialtillverkning, utan ocks\u00e5 i sitt f\u00f6rh\u00e5llningss\u00e4tt till marknaden.<\/p>\n<\/p><\/div>\n<div class=\"intro-gruppo alto\">\n<div class=\"intro-gruppo-txt\">\n<div>\n<div>\n<h3>Premek Hi Tech<\/h3>\n<p>Premek Hi Tech, specialiserat p\u00e5 tillverkning och montering av precisionskomponenter fr\u00e4mst avsedda f\u00f6r den internationella marknaden, st\u00e5r i spetsen f\u00f6r en grupp n\u00e4rst\u00e5ende f\u00f6retag. H\u00e4r arbetar sextio anst\u00e4llda, inklusive maskinf\u00f6rare och anst\u00e4llda p\u00e5 f\u00f6retagskontoren.<\/p>\n<p>\t\t\tTill st\u00f6d f\u00f6r produktionsaktiviteterna finns ocks\u00e5 ett n\u00e4tverk av aff\u00e4rspartners, specialiserade p\u00e5 specifik bearbetning och behandlingar. Den stora utvecklingen av marknaden i norra Europa har ocks\u00e5 lett till \u00f6ppnandet av <strong>Premek Hi Tech Sweden<\/strong>, filialkontor i Karlstad och <strong>Premek Hi Tech Tyskland<\/strong>, filialkontor baserat i Monaco.\n\t\t  <\/p>\n<\/p><\/div>\n<\/p><\/div>\n<\/p><\/div>\n<\/p><\/div>\n<div class=\"rows-hp\">\n<div class=\"row-hp odd\">\n<div class=\"column-text\">\n<h2>MARKNADER<\/h2>\n<div class=\"row-hp-text\">\n<p><i>\u201cDen kontinuerliga j\u00e4mf\u00f6relsen avseende kr\u00e4vande marknader, som de i Centraleuropa och Nordamerika, \u00e4r en integrerad del av v\u00e5r f\u00f6retagskultur.\u201d <\/i><\/p>\n<\/p><\/div>\n<\/p><\/div>\n<div class=\"column-img \">\n<div class=\"img-container reveal gallery-container-\">\n\t\t\t  <img loading=\"lazy\" decoding=\"async\" width=\"1000\" height=\"625\" src=\"https:\/\/premek.it\/wp-content\/uploads\/premek-mercati.jpg\" class=\"\" alt=\"\" srcset=\"https:\/\/premek.it\/wp-content\/uploads\/premek-mercati.jpg 1000w, https:\/\/premek.it\/wp-content\/uploads\/premek-mercati-300x188.jpg 300w, https:\/\/premek.it\/wp-content\/uploads\/premek-mercati-768x480.jpg 768w, https:\/\/premek.it\/wp-content\/uploads\/premek-mercati-480x300.jpg 480w\" sizes=\"auto, (max-width: 1000px) 100vw, 1000px\" \/>\n\t\t<\/div>\n<\/p><\/div>\n<\/p><\/div>\n<div class=\"row-hp even\">\n<div class=\"column-text\">\n<h2>HUVUDSAKLIGA EXPORTOMR\u00c5DEN<\/h2>\n<div class=\"row-hp-text\">\n<p>\n\t\t\tIdag g\u00e5r \u00f6ver 75 % av produktionen p\u00e5 export, i konsoliderade omr\u00e5den som norra Europa och nya marknader utanf\u00f6r Europa under den senaste expansionen.<\/p>\n<p>\n\t\t\t\tBortom siffrorna framtr\u00e4der tryggheten och tillfredsst\u00e4llelsen av l\u00e5ngsiktiga relationer med stora industrikoncerner, vilket ger grunden f\u00f6r stabilitet och f\u00f6r utveckling i en n\u00e4ra framtid.\n\t\t\t<\/p>\n<\/p><\/div>\n<\/p><\/div>\n<div class=\"column-img \">\n<div class=\"img-container reveall\">\n<div class=\"chart-cont\">\n\t\t\t<canvas id=\"myChart2\" width=\"400\" height=\"400\"><\/canvas>\n  <div id=\"legend-container2\">\n    <ul>\n\n    <\/ul>\n\n  <\/div>\n          <script>\n          \/\/gestione legenda custom\n          const getOrCreateLegendList2 = (chart, id) => {\n            const legendContainer2 = document.getElementById(id);\n            let listContainer2 = legendContainer2.querySelector(\"ul\");\n\n            if (!listContainer2) {\n              listContainer2 = document.createElement(\"ul\");\n              listContainer2.style.display = \"flex\";\n              listContainer2.style.flexDirection = \"row\";\n              listContainer2.style.margin = 0;\n              listContainer2.style.padding = 0;\n\n              legendContainer2.appendChild(listContainer2);\n            }\n\n            return listContainer2;\n          };\n\n          const htmlLegendPlugin2 = {\n            id: \"htmlLegend2\",\n            afterUpdate(chart, args, options) {\n              const ul2 = getOrCreateLegendList2(chart, options.containerID);\n\n              \/\/ Remove old legend items\n              while (ul2.firstChild) {\n                ul2.firstChild.remove();\n              }\n\n              \/\/ Reuse the built-in legendItems generator\n              const items2 = chart.options.plugins.legend.labels.generateLabels(chart);\n\n              items2.forEach(item => {\n                const li2 = document.createElement(\"li\");\n                li2.style.alignItems = \"center\";\n                li2.style.cursor = \"pointer\";\n                li2.style.display = \"flex\";\n                li2.style.flexDirection = \"row\";\n                li2.style.marginLeft = \"10px\";\n\n                li2.onclick = () => {\n                  const {type2} = chart.config;\n                  if (type2 === \"pie\" || type2 === \"doughnut\") {\n                    \/\/ Pie and doughnut charts only have a single dataset and visibility is per item\n                    chart.toggleDataVisibility(item.index);\n                  } else {\n                    chart.setDatasetVisibility(item.datasetIndex, !chart.isDatasetVisible(item.datasetIndex));\n                  }\n                  chart.update();\n                };\n\n                \/\/ Color box\n                const boxSpan = document.createElement(\"span\");\n                boxSpan.style.background = item.fillStyle;\n                boxSpan.style.borderColor = item.strokeStyle;\n                boxSpan.style.borderWidth = item.lineWidth + \"px\";\n                boxSpan.style.display = \"inline-block\";\n                boxSpan.style.height = \"20px\";\n                boxSpan.style.marginRight = \"10px\";\n                boxSpan.style.width = \"20px\";\n\n                \/\/ Text\n                const textContainer = document.createElement(\"p\");\n                textContainer.style.color = item.fontColor;\n                textContainer.style.margin = 0;\n                textContainer.style.padding = 0;\n                textContainer.style.textDecoration = item.hidden ? \"line-through\" : \"\";\n\n                const myvalue=(chart.config._config.data.datasets[0].data[item.index]);\n                const text = document.createTextNode(item.text +\" - \"+ myvalue +\"%\");\n                textContainer.appendChild(text);\n\n                li2.appendChild(boxSpan);\n                li2.appendChild(textContainer);\n                ul2.appendChild(li2);\n              });\n            }\n          };\n          \/\/fine gestione legenda custom\n          var viewport_width = window.innerWidth;\n          var leg_position=\"right\";\n\n          if(viewport_width<=767){\n            leg_position=\"bottom\";\n          }\n          var ctx = document.getElementById(\"myChart2\");\n          var myChart = new Chart(ctx, {\n            type: \"pie\",\n            data: {\n              labels: [\n                \"Italy\",\n                \"Sweden\",\n                \"France\",\n                \"Germany\",\n                \"Denmark\",\n                \"Switzerland\",\n                \"Czech Republic\",\n                \"Great Britan\",\n                \"Others\",\n                \"Austria\",\n                \"Norway\",\n                \"Hungary\",\n              ],\n              datasets: [{\n                label: \"Dataset\",\n                data: [27,25,15,13,4,3,3,3,3,2,1,1],\n                backgroundColor: [\n                  \"#4673b1\",\n                  \"#b44745\",\n                  \"#8cae4d\",\n                  \"#79609b\",\n                  \"#3a9ab7\",\n                  \"#e58036\",\n                  \"#538bd4\",\n                  \"#d54d4a\",\n                  \"#a2cb4d\",\n                  \"#8765b1\",\n                  \"#41bada\",\n                  \"#ff942e\",\n                ],\n                hoverOffset: 4\n              }]\n            },\n            options: {\n              plugins: {\n                htmlLegend2: {\n                  \/\/ ID of the container to put the legend in\n                  containerID: \"legend-container2\",\n                },\n                legend: {\n                  display: false,\n                  position: leg_position,\n                  labels: {\n                    color: \"rgb(0,0,0)\",\n                    boxWidth:15,\n                  }\n                },\n                tooltip :{\n                  enabled: true,\n                  callbacks : {\n                    label: function(context) {\n                      console.log(context);\n                        let label = context.label + \" - \" + context.parsed +\"%\";\n                        return label;\n                    }\n                  }\n                }\n              }\n            },\n            plugins: [htmlLegendPlugin2],\n\n          }\n        );\n\n\n      <\/script>\n\t\t\t<\/div>\n<\/p><\/div>\n<\/p><\/div>\n<\/p><\/div>\n<div class=\"row-hp odd\">\n<div class=\"column-text\">\n<h2>DIVERSIFIERING<\/h2>\n<div class=\"row-hp-text\">\n<p>\n\t\t\t<i>\u201cI en v\u00e4rld som st\u00e4ndigt f\u00f6r\u00e4ndras \u00e4r produktdifferentiering en &#8221;naturlig&#8221; form av anpassning. Men f\u00f6r oss \u00e4r det ocks\u00e5 en kreativ puls.\u201d <\/i><br \/>\u00d6ver fyrahundra kunder \u00f6ver hela v\u00e4rlden, inklusive m\u00e5nga multinationella f\u00f6retag, med ett extraordin\u00e4rt utbud av tillverkningssektorer och som v\u00e4xer kontinuerligt: <strong>fordon, industrifordon, livsmedels- och medicinindustri, optomekanik, flyg, hydraulik och pneumatik, energi- och kemisk industri, industriell automation, allm\u00e4nt teknik, fritidsprodukter, konstruktion<\/strong> och <strong>andra sektorer<\/strong> (telekommunikation, textilmaskiner, hush\u00e5llsapparater, badrumsm\u00f6bler).\n\t\t\t<\/p>\n<\/p><\/div>\n<\/p><\/div>\n<div class=\"column-img \">\n<div class=\"img-container reveal\"><img loading=\"lazy\" decoding=\"async\" width=\"570\" height=\"350\" src=\"https:\/\/premek.it\/wp-content\/uploads\/premek-prodotti-energia-chimico.jpg\" class=\"\" alt=\"\" srcset=\"https:\/\/premek.it\/wp-content\/uploads\/premek-prodotti-energia-chimico.jpg 570w, https:\/\/premek.it\/wp-content\/uploads\/premek-prodotti-energia-chimico-300x184.jpg 300w, https:\/\/premek.it\/wp-content\/uploads\/premek-prodotti-energia-chimico-480x295.jpg 480w\" sizes=\"auto, (max-width: 570px) 100vw, 570px\" \/>  <\/div>\n<\/p><\/div>\n<\/p><\/div>\n<div class=\"row-hp even\">\n<div class=\"column-text\">\n<div class=\"row-hp-text\">\n<p>\n\t\t\tDifferentiering \u00e4r st\u00e4ndigt inspirerad av dynamiken p\u00e5 marknaden: n\u00e5got i DNA\u2019t hos Premek Hi Tech att ta sig an nya utmaningar, d\u00e4r tekniskt innovativt inneh\u00e5ll erbjuder ytterligare m\u00f6jligheter f\u00f6r produktion.\n\t\t\t<\/p>\n<\/p><\/div>\n<\/p><\/div>\n<div class=\"column-img \">\n<div class=\"img-container reveall\">\n<div class=\"chart-cont\">\n\t\t\t<canvas id=\"myChart3\" width=\"200\" height=\"200\"><\/canvas>\n  <div id=\"legend-container3\">\n    <ul>\n    <\/ul>\n\n  <\/div>\n          <script>\n          \/\/gestione legenda custom\n          const getOrCreateLegendList3 = (chart, id) => {\n            const legendContainer3 = document.getElementById(id);\n            let listContainer3 = legendContainer3.querySelector(\"ul\");\n\n            if (!listContainer3) {\n              listContainer3 = document.createElement(\"ul\");\n              listContainer3.style.display = \"flex\";\n              listContainer3.style.flexDirection = \"row\";\n              listContainer3.style.margin = 0;\n              listContainer3.style.padding = 0;\n\n              legendContainer3.appendChild(listContainer3);\n            }\n\n            return listContainer3;\n          };\n\n          const htmlLegendPlugin3 = {\n            id: \"htmlLegend3\",\n            afterUpdate(chart, args, options) {\n              const ul3 = getOrCreateLegendList3(chart, options.containerID);\n\n              \/\/ Remove old legend items\n              while (ul3.firstChild) {\n                ul3.firstChild.remove();\n              }\n\n              \/\/ Reuse the built-in legendItems generator\n              const items3 = chart.options.plugins.legend.labels.generateLabels(chart);\n\n              items3.forEach(item => {\n                const li3 = document.createElement(\"li\");\n                li3.style.alignItems = \"top\";\n                li3.style.cursor = \"pointer\";\n                li3.style.display = \"flex\";\n                li3.style.flexDirection = \"row\";\n                li3.style.marginLeft = \"10px\";\n\n                li3.onclick = () => {\n                  const {type3} = chart.config;\n                  if (type3 === \"pie\" || type3 === \"doughnut\") {\n                    \/\/ Pie and doughnut charts only have a single dataset and visibility is per item\n                    chart.toggleDataVisibility(item.index);\n                  } else {\n                    chart.setDatasetVisibility(item.datasetIndex, !chart.isDatasetVisible(item.datasetIndex));\n                  }\n                  chart.update();\n                };\n\n                \/\/ Color box\n                const boxSpan = document.createElement(\"span\");\n                boxSpan.style.background = item.fillStyle;\n                boxSpan.style.borderColor = item.strokeStyle;\n                boxSpan.style.borderWidth = item.lineWidth + \"px\";\n                boxSpan.style.display = \"inline-block\";\n                boxSpan.style.height = \"20px\";\n                boxSpan.style.marginRight = \"10px\";\n                boxSpan.style.width = \"20px\";\n\n                \/\/ Text\n                const textContainer = document.createElement(\"p\");\n                textContainer.style.color = item.fontColor;\n                textContainer.style.margin = 0;\n                textContainer.style.padding = 0;\n                textContainer.style.textDecoration = item.hidden ? \"line-through\" : \"\";\n\n                const myvalue=(chart.config._config.data.datasets[0].data[item.index]);\n                const text = document.createTextNode(item.text +\" - \"+ myvalue +\"%\");\n                textContainer.appendChild(text);\n\n                li3.appendChild(boxSpan);\n                li3.appendChild(textContainer);\n                ul3.appendChild(li3);\n              });\n            }\n          };\n          \/\/fine gestione legenda custom\n\n\n          var ctx = document.getElementById(\"myChart3\");\n          var myChart = new Chart(ctx, {\n            type: \"pie\",\n            data: {\n              labels: [\n                \"Industrial automation\",\n                \"Aerospace\",\n                \"Optical and measurement devices\",\n                \"Medical, food & pharmaceutical industry\",\n                \"Hydraulics & pneumatics\",\n                \"Industrial transportation\",\n                \"Other industries\",\n              ],\n              datasets: [{\n                label: \"Dataset\",\n                data: [36,8,9,24,17,2,3],\n                backgroundColor: [\n                  \"#4673b1\",\n                  \"#b44745\",\n                  \"#8cae4d\",\n                  \"#79609b\",\n                  \"#3a9ab7\",\n                  \"#e58036\",\n                  \"#538bd4\",\n                ],\n                hoverOffset: 4\n              }]\n            },\n            options: {\n              plugins: {\n                htmlLegend3: {\n                  \/\/ ID of the container to put the legend in\n                  containerID: \"legend-container3\",\n                },\n                legend: {\n                  display: false,\n                  labels: {\n                    color: \"rgb(0,0,0)\",\n                    boxWidth:15,\n                  }\n                },\n                tooltip :{\n                  enabled: true,\n\n                  callbacks : {\n                    label: function(context) {\n                        let label = context.label + \" - \" + context.parsed +\"%\";\n                        return label;\n                    }\n                  }\n                }\n              }\n            },plugins: [htmlLegendPlugin3],\n\n\n\n          }\n        );\n      <\/script>\n\t\t\t<\/div>\n<\/div><\/div>\n<\/p><\/div>\n<\/p><\/div>\n<div class=\"intro-page enlarged\">\n<\/p>\n<h2>PREMEK HI TECH \u00c4R LEDARE F\u00d6R TV\u00c5 F\u00d6RETAGSN\u00c4TVERK,<br \/>MEDITECH GROUP OCH VIS AQUA.<\/h2>\n<p><strong>Meditech Group \u00e4r specialiserat p\u00e5 l\u00f6sningar f\u00f6r medicin- och l\u00e4kemedelsindustrin.<\/strong> Den sammanf\u00f6r verkligheter av excellens inom precisionsmekanik, elektronik, plastbearbetning och anodisering av aluminium och titan, f\u00f6renade enligt en logik av komplementaritet av kompetens f\u00f6r att tillhandah\u00e5lla en komplett leveranstj\u00e4nst, allt fr\u00e5n samdesign till den f\u00e4rdiga produkten. F\u00f6rutom Premek Hi Tech ing\u00e5r Alfa Elettronica, Al Ti Color, Brovedani, Carniaflex eller SIOM Termoplast.<\/p>\n<p><strong>Vis Aqua ansvarar f\u00f6r att utveckla innovationsprojekt inom vattenkraftsomr\u00e5det.<\/strong> Sedan 2016 har det varit engagerat i utvecklingen av en innovativ mikro-vattenkraftteknik, med l\u00e5g lyfth\u00f6jd och mycket l\u00e5gt milj\u00f6p\u00e5verkan, vilket hittills har lett till realiseringen av en experimentell prototyp f\u00f6r att testa den genererade str\u00f6mmen. Sandro Targa, expert inom vattenkraftssektorn, och Goriziane S.p.A., en grupp som tillhandah\u00e5ller ingenj\u00f6rsl\u00f6sningar till olje- och gas-, marin- och industrisektorerna, samt underh\u00e5ll och uppgraderingar av fordon, maskiner och anl\u00e4ggningar, ing\u00e5r ocks\u00e5 i n\u00e4tverket.<\/p>\n<\/p><\/div>\n","protected":false},"excerpt":{"rendered":"<p>GRUPPEN Ett korrekt lagarbete \u201cFramg\u00e5ngen f\u00f6r ett produktionsbolag beror huvudsakligen p\u00e5 val som g\u00f6rs uppstr\u00f6ms eller nedstr\u00f6ms g\u00e4llande den industriella processen.\u201d Skapa ordning och organisation \u00e4r nyckelord f\u00f6r ett f\u00f6retag som vuxit inte bara i sin specialtillverkning, utan ocks\u00e5 i sitt f\u00f6rh\u00e5llningss\u00e4tt till marknaden. Premek Hi Tech Premek Hi Tech, specialiserat p\u00e5 tillverkning och montering [&hellip;]<\/p>\n","protected":false},"author":1,"featured_media":0,"parent":0,"menu_order":0,"comment_status":"closed","ping_status":"closed","template":"","meta":{"_acf_changed":false,"inline_featured_image":false,"footnotes":""},"class_list":["post-8035","page","type-page","status-publish","hentry"],"acf":[],"yoast_head":"<!-- This site is optimized with the Yoast SEO plugin v27.4 - https:\/\/yoast.com\/product\/yoast-seo-wordpress\/ -->\n<title>Gruppen - Premek Hi Tech<\/title>\n<meta name=\"description\" content=\"GRUPPEN Ett korrekt lagarbete \u201cFramg\u00e5ngen f\u00f6r ett produktionsbolag beror huvudsakligen p\u00e5 val som g\u00f6rs uppstr\u00f6ms eller nedstr\u00f6ms g\u00e4llande den industriella\" \/>\n<meta name=\"robots\" content=\"index, follow, max-snippet:-1, max-image-preview:large, max-video-preview:-1\" \/>\n<link rel=\"canonical\" href=\"https:\/\/premek.it\/sv\/gruppen\/\" \/>\n<meta property=\"og:locale\" content=\"sv_SE\" \/>\n<meta property=\"og:type\" content=\"article\" \/>\n<meta property=\"og:title\" content=\"Gruppen - Premek Hi Tech\" \/>\n<meta property=\"og:description\" content=\"GRUPPEN Ett korrekt lagarbete \u201cFramg\u00e5ngen f\u00f6r ett produktionsbolag beror huvudsakligen p\u00e5 val som g\u00f6rs uppstr\u00f6ms eller nedstr\u00f6ms g\u00e4llande den industriella\" \/>\n<meta property=\"og:url\" content=\"https:\/\/premek.it\/sv\/gruppen\/\" \/>\n<meta property=\"og:site_name\" content=\"Premek Hi Tech\" \/>\n<meta property=\"article:modified_time\" content=\"2025-12-05T10:02:30+00:00\" \/>\n<meta name=\"twitter:card\" content=\"summary_large_image\" \/>\n<meta name=\"twitter:label1\" content=\"Ber\u00e4knad l\u00e4stid\" \/>\n\t<meta name=\"twitter:data1\" content=\"3 minuter\" \/>\n<script type=\"application\/ld+json\" class=\"yoast-schema-graph\">{\"@context\":\"https:\\\/\\\/schema.org\",\"@graph\":[{\"@type\":\"WebPage\",\"@id\":\"https:\\\/\\\/premek.it\\\/sv\\\/gruppen\\\/\",\"url\":\"https:\\\/\\\/premek.it\\\/sv\\\/gruppen\\\/\",\"name\":\"Gruppen - Premek Hi Tech\",\"isPartOf\":{\"@id\":\"https:\\\/\\\/premek.it\\\/sv\\\/#website\"},\"datePublished\":\"2022-10-24T10:47:47+00:00\",\"dateModified\":\"2025-12-05T10:02:30+00:00\",\"description\":\"GRUPPEN Ett korrekt lagarbete \u201cFramg\u00e5ngen f\u00f6r ett produktionsbolag beror huvudsakligen p\u00e5 val som g\u00f6rs uppstr\u00f6ms eller nedstr\u00f6ms g\u00e4llande den industriella\",\"breadcrumb\":{\"@id\":\"https:\\\/\\\/premek.it\\\/sv\\\/gruppen\\\/#breadcrumb\"},\"inLanguage\":\"sv-SE\",\"potentialAction\":[{\"@type\":\"ReadAction\",\"target\":[\"https:\\\/\\\/premek.it\\\/sv\\\/gruppen\\\/\"]}]},{\"@type\":\"BreadcrumbList\",\"@id\":\"https:\\\/\\\/premek.it\\\/sv\\\/gruppen\\\/#breadcrumb\",\"itemListElement\":[{\"@type\":\"ListItem\",\"position\":1,\"name\":\"Home\",\"item\":\"https:\\\/\\\/premek.it\\\/sv\\\/\"},{\"@type\":\"ListItem\",\"position\":2,\"name\":\"Gruppen\"}]},{\"@type\":\"WebSite\",\"@id\":\"https:\\\/\\\/premek.it\\\/sv\\\/#website\",\"url\":\"https:\\\/\\\/premek.it\\\/sv\\\/\",\"name\":\"Premek Hi Tech\",\"description\":\"Meccanica di precisione\",\"potentialAction\":[{\"@type\":\"SearchAction\",\"target\":{\"@type\":\"EntryPoint\",\"urlTemplate\":\"https:\\\/\\\/premek.it\\\/sv\\\/?s={search_term_string}\"},\"query-input\":{\"@type\":\"PropertyValueSpecification\",\"valueRequired\":true,\"valueName\":\"search_term_string\"}}],\"inLanguage\":\"sv-SE\"}]}<\/script>\n<!-- \/ Yoast SEO plugin. -->","yoast_head_json":{"title":"Gruppen - Premek Hi Tech","description":"GRUPPEN Ett korrekt lagarbete \u201cFramg\u00e5ngen f\u00f6r ett produktionsbolag beror huvudsakligen p\u00e5 val som g\u00f6rs uppstr\u00f6ms eller nedstr\u00f6ms g\u00e4llande den industriella","robots":{"index":"index","follow":"follow","max-snippet":"max-snippet:-1","max-image-preview":"max-image-preview:large","max-video-preview":"max-video-preview:-1"},"canonical":"https:\/\/premek.it\/sv\/gruppen\/","og_locale":"sv_SE","og_type":"article","og_title":"Gruppen - Premek Hi Tech","og_description":"GRUPPEN Ett korrekt lagarbete \u201cFramg\u00e5ngen f\u00f6r ett produktionsbolag beror huvudsakligen p\u00e5 val som g\u00f6rs uppstr\u00f6ms eller nedstr\u00f6ms g\u00e4llande den industriella","og_url":"https:\/\/premek.it\/sv\/gruppen\/","og_site_name":"Premek Hi Tech","article_modified_time":"2025-12-05T10:02:30+00:00","twitter_card":"summary_large_image","twitter_misc":{"Ber\u00e4knad l\u00e4stid":"3 minuter"},"schema":{"@context":"https:\/\/schema.org","@graph":[{"@type":"WebPage","@id":"https:\/\/premek.it\/sv\/gruppen\/","url":"https:\/\/premek.it\/sv\/gruppen\/","name":"Gruppen - Premek Hi Tech","isPartOf":{"@id":"https:\/\/premek.it\/sv\/#website"},"datePublished":"2022-10-24T10:47:47+00:00","dateModified":"2025-12-05T10:02:30+00:00","description":"GRUPPEN Ett korrekt lagarbete \u201cFramg\u00e5ngen f\u00f6r ett produktionsbolag beror huvudsakligen p\u00e5 val som g\u00f6rs uppstr\u00f6ms eller nedstr\u00f6ms g\u00e4llande den industriella","breadcrumb":{"@id":"https:\/\/premek.it\/sv\/gruppen\/#breadcrumb"},"inLanguage":"sv-SE","potentialAction":[{"@type":"ReadAction","target":["https:\/\/premek.it\/sv\/gruppen\/"]}]},{"@type":"BreadcrumbList","@id":"https:\/\/premek.it\/sv\/gruppen\/#breadcrumb","itemListElement":[{"@type":"ListItem","position":1,"name":"Home","item":"https:\/\/premek.it\/sv\/"},{"@type":"ListItem","position":2,"name":"Gruppen"}]},{"@type":"WebSite","@id":"https:\/\/premek.it\/sv\/#website","url":"https:\/\/premek.it\/sv\/","name":"Premek Hi Tech","description":"Meccanica di precisione","potentialAction":[{"@type":"SearchAction","target":{"@type":"EntryPoint","urlTemplate":"https:\/\/premek.it\/sv\/?s={search_term_string}"},"query-input":{"@type":"PropertyValueSpecification","valueRequired":true,"valueName":"search_term_string"}}],"inLanguage":"sv-SE"}]}},"_links":{"self":[{"href":"https:\/\/premek.it\/sv\/wp-json\/wp\/v2\/pages\/8035","targetHints":{"allow":["GET"]}}],"collection":[{"href":"https:\/\/premek.it\/sv\/wp-json\/wp\/v2\/pages"}],"about":[{"href":"https:\/\/premek.it\/sv\/wp-json\/wp\/v2\/types\/page"}],"author":[{"embeddable":true,"href":"https:\/\/premek.it\/sv\/wp-json\/wp\/v2\/users\/1"}],"replies":[{"embeddable":true,"href":"https:\/\/premek.it\/sv\/wp-json\/wp\/v2\/comments?post=8035"}],"version-history":[{"count":3,"href":"https:\/\/premek.it\/sv\/wp-json\/wp\/v2\/pages\/8035\/revisions"}],"predecessor-version":[{"id":27931,"href":"https:\/\/premek.it\/sv\/wp-json\/wp\/v2\/pages\/8035\/revisions\/27931"}],"wp:attachment":[{"href":"https:\/\/premek.it\/sv\/wp-json\/wp\/v2\/media?parent=8035"}],"curies":[{"name":"wp","href":"https:\/\/api.w.org\/{rel}","templated":true}]}}