{"id":8041,"date":"2022-09-27T11:32:23","date_gmt":"2022-09-27T09:32:23","guid":{"rendered":"https:\/\/premek.it\/produzione\/"},"modified":"2023-12-04T17:14:59","modified_gmt":"2023-12-04T16:14:59","slug":"produktion","status":"publish","type":"page","link":"https:\/\/premek.it\/sv\/produktion\/","title":{"rendered":"Produktion"},"content":{"rendered":"<div class=\"intro-page\">\n<h1>V\u00c5RA PRODUKTER<\/h1>\n<h2>Ut\u00f6ver komponenterna: systemleverant\u00f6rer<\/h2>\n<p>\t<i>&#8221;Att byta fr\u00e5n en konventionell svarvning till en precisionsmontering inneb\u00e4r att g\u00e5 fr\u00e5n ett lokalt verkst\u00e4llande medvetande till en proaktiv vision av helheten.&#8221;<\/i><br \/>\n\t<!--\n\n<div class=\"pk-anchor\"><a href=\"#settori\" class=\"pk-btn smooth\">Anv\u00e4ndningsomr\u00e5den <span\n\t\t\t\tclass=\"link-icon\"><\/span><\/a><\/div>\n\n-->\n<\/div>\n<div class=\"rows-hp\">\n<div class=\"row-hp odd\">\n<div class=\"column-text\">\n<h2>BEARBETNING<\/h2>\n<div class=\"row-hp-text\">\n<p>\t\t\t\t<strong>Produktionen fr\u00e5n Premek Hi Tech har alltid fokuserat p\u00e5 precisionsmekanik och sm\u00e5 monteringar i enlighet med kundens design.<\/strong> F\u00f6retaget \u00e4r specialiserat p\u00e5 bearbetning av rostfritt st\u00e5l och aluminiumlegeringar och arbetar \u00e4ven med brons, m\u00e4ssing, plast och specialmaterial som titan, Inconel, Hastelloy. F\u00f6rutom svarvning och fr\u00e4sning utf\u00f6r Premek Hi Tech kompletterande operationer s\u00e5som borrning, g\u00e4ngning, broschning, stansning, bockning och slipning.<\/p>\n<p>\t\t\t\t&nbsp;<\/p>\n<p>\t\t\t\tV\u00e4rmebehandlingarna och ytbehandlingarna l\u00e4ggs ut p\u00e5 ett n\u00e4tverk av specialiserade lokala partners.<\/p><\/div>\n<\/p><\/div>\n<div class=\"column-img \">\n<div class=\"img-container reveal\"><img loading=\"lazy\" decoding=\"async\" width=\"700\" height=\"360\" src=\"https:\/\/premek.it\/wp-content\/uploads\/premek-produzione-lavorazioni.jpg\" class=\"\" alt=\"La produzione di Premek Hi Tech \u00e8 concentrata su particolari meccanici di precisione e piccoli assiemi conformi al disegno del cliente\" srcset=\"https:\/\/premek.it\/wp-content\/uploads\/premek-produzione-lavorazioni.jpg 700w, https:\/\/premek.it\/wp-content\/uploads\/premek-produzione-lavorazioni-300x154.jpg 300w, https:\/\/premek.it\/wp-content\/uploads\/premek-produzione-lavorazioni-480x247.jpg 480w\" sizes=\"auto, (max-width: 700px) 100vw, 700px\" \/><\/div>\n<\/p><\/div>\n<\/p><\/div>\n<div class=\"row-hp even\">\n<div class=\"column-text\">\n<h2>PRECISIONS MONTERING<\/h2>\n<div class=\"row-hp-text\">\n<p>\t\t\t\tEn allt st\u00f6rre del av produktionen hos Premek Hi Tech \u00e4r dedikerad till montering av mekaniska system, inom tv\u00e5 olika omr\u00e5den:<\/p>\n<p>\t\t\t\t&nbsp;<\/p>\n<p>\t\t\t\tPrecisionsmontering och renrum f\u00f6r sammans\u00e4ttningar av sm\u00e5 dimensioner, med h\u00f6ga krav p\u00e5 reng\u00f6ring och noggrannhet. I denna milj\u00f6 kan filterprestanda erh\u00e5llas upp till klass 7 enligt ISO 14644.1.<\/p><\/div>\n<\/p><\/div>\n<div class=\"column-img \">\n<div class=\"img-container reveal\"><img loading=\"lazy\" decoding=\"async\" width=\"700\" height=\"360\" src=\"https:\/\/premek.it\/wp-content\/uploads\/premek-produzione-clean-room.jpg\" class=\"\" alt=\"Assemblaggio d\u2019insiemi meccanici, in due aree distinte: Reparto Assemblaggi e Clean Room\" srcset=\"https:\/\/premek.it\/wp-content\/uploads\/premek-produzione-clean-room.jpg 700w, https:\/\/premek.it\/wp-content\/uploads\/premek-produzione-clean-room-300x154.jpg 300w, https:\/\/premek.it\/wp-content\/uploads\/premek-produzione-clean-room-480x247.jpg 480w\" sizes=\"auto, (max-width: 700px) 100vw, 700px\" \/><\/div>\n<\/p><\/div>\n<\/p><\/div>\n<\/div>\n<p><!--\n\n\n<div class=\"anchor-settori\" id=\"settori\">\n\t\n\n<h3 class=\"tit-sector\">Anv\u00e4ndningsomr\u00e5den<\/h3>\n\n\n<\/div>\n\n\n\n\n<div class=\"prod_list\">[prod_list]<\/div>\n\n\n--><\/p>\n<style>\n.rows-hp:after,\n.rows-hp .row-hp.even:after {\n    display: none;\n}\n<\/style>\n","protected":false},"excerpt":{"rendered":"<p>V\u00c5RA PRODUKTER Ut\u00f6ver komponenterna: systemleverant\u00f6rer &#8221;Att byta fr\u00e5n en konventionell svarvning till en precisionsmontering inneb\u00e4r att g\u00e5 fr\u00e5n ett lokalt verkst\u00e4llande medvetande till en proaktiv vision av helheten.&#8221; BEARBETNING Produktionen fr\u00e5n Premek Hi Tech har alltid fokuserat p\u00e5 precisionsmekanik och sm\u00e5 monteringar i enlighet med kundens design. F\u00f6retaget \u00e4r specialiserat p\u00e5 bearbetning av rostfritt st\u00e5l [&hellip;]<\/p>\n","protected":false},"author":1,"featured_media":0,"parent":0,"menu_order":0,"comment_status":"closed","ping_status":"closed","template":"","meta":{"_acf_changed":false,"inline_featured_image":false,"footnotes":""},"class_list":["post-8041","page","type-page","status-publish","hentry"],"acf":[],"yoast_head":"<!-- This site is optimized with the Yoast SEO plugin v27.3 - https:\/\/yoast.com\/product\/yoast-seo-wordpress\/ -->\n<title>Produktion - Premek Hi Tech<\/title>\n<meta name=\"description\" content=\"V\u00c5RA PRODUKTER Ut\u00f6ver komponenterna: systemleverant\u00f6rer &quot;Att byta fr\u00e5n en konventionell svarvning till en precisionsmontering inneb\u00e4r att g\u00e5 fr\u00e5n ett\" \/>\n<meta name=\"robots\" content=\"index, follow, max-snippet:-1, max-image-preview:large, max-video-preview:-1\" \/>\n<link rel=\"canonical\" href=\"https:\/\/premek.it\/sv\/produktion\/\" \/>\n<meta property=\"og:locale\" content=\"sv_SE\" \/>\n<meta property=\"og:type\" content=\"article\" \/>\n<meta property=\"og:title\" content=\"Produktion - Premek Hi Tech\" \/>\n<meta property=\"og:description\" content=\"V\u00c5RA PRODUKTER Ut\u00f6ver komponenterna: systemleverant\u00f6rer &quot;Att byta fr\u00e5n en konventionell svarvning till en precisionsmontering inneb\u00e4r att g\u00e5 fr\u00e5n ett\" \/>\n<meta property=\"og:url\" content=\"https:\/\/premek.it\/sv\/produktion\/\" \/>\n<meta property=\"og:site_name\" content=\"Premek Hi Tech\" \/>\n<meta property=\"article:modified_time\" content=\"2023-12-04T16:14:59+00:00\" \/>\n<meta name=\"twitter:card\" content=\"summary_large_image\" \/>\n<meta name=\"twitter:label1\" content=\"Ber\u00e4knad l\u00e4stid\" \/>\n\t<meta name=\"twitter:data1\" content=\"1 minut\" \/>\n<script type=\"application\/ld+json\" class=\"yoast-schema-graph\">{\"@context\":\"https:\\\/\\\/schema.org\",\"@graph\":[{\"@type\":\"WebPage\",\"@id\":\"https:\\\/\\\/premek.it\\\/sv\\\/produktion\\\/\",\"url\":\"https:\\\/\\\/premek.it\\\/sv\\\/produktion\\\/\",\"name\":\"Produktion - Premek Hi Tech\",\"isPartOf\":{\"@id\":\"https:\\\/\\\/premek.it\\\/sv\\\/#website\"},\"datePublished\":\"2022-09-27T09:32:23+00:00\",\"dateModified\":\"2023-12-04T16:14:59+00:00\",\"description\":\"V\u00c5RA PRODUKTER Ut\u00f6ver komponenterna: systemleverant\u00f6rer \\\"Att byta fr\u00e5n en konventionell svarvning till en precisionsmontering inneb\u00e4r att g\u00e5 fr\u00e5n ett\",\"breadcrumb\":{\"@id\":\"https:\\\/\\\/premek.it\\\/sv\\\/produktion\\\/#breadcrumb\"},\"inLanguage\":\"sv-SE\",\"potentialAction\":[{\"@type\":\"ReadAction\",\"target\":[\"https:\\\/\\\/premek.it\\\/sv\\\/produktion\\\/\"]}]},{\"@type\":\"BreadcrumbList\",\"@id\":\"https:\\\/\\\/premek.it\\\/sv\\\/produktion\\\/#breadcrumb\",\"itemListElement\":[{\"@type\":\"ListItem\",\"position\":1,\"name\":\"Home\",\"item\":\"https:\\\/\\\/premek.it\\\/sv\\\/\"},{\"@type\":\"ListItem\",\"position\":2,\"name\":\"Produktion\"}]},{\"@type\":\"WebSite\",\"@id\":\"https:\\\/\\\/premek.it\\\/sv\\\/#website\",\"url\":\"https:\\\/\\\/premek.it\\\/sv\\\/\",\"name\":\"Premek Hi Tech\",\"description\":\"Meccanica di precisione\",\"potentialAction\":[{\"@type\":\"SearchAction\",\"target\":{\"@type\":\"EntryPoint\",\"urlTemplate\":\"https:\\\/\\\/premek.it\\\/sv\\\/?s={search_term_string}\"},\"query-input\":{\"@type\":\"PropertyValueSpecification\",\"valueRequired\":true,\"valueName\":\"search_term_string\"}}],\"inLanguage\":\"sv-SE\"}]}<\/script>\n<!-- \/ Yoast SEO plugin. -->","yoast_head_json":{"title":"Produktion - Premek Hi Tech","description":"V\u00c5RA PRODUKTER Ut\u00f6ver komponenterna: systemleverant\u00f6rer \"Att byta fr\u00e5n en konventionell svarvning till en precisionsmontering inneb\u00e4r att g\u00e5 fr\u00e5n ett","robots":{"index":"index","follow":"follow","max-snippet":"max-snippet:-1","max-image-preview":"max-image-preview:large","max-video-preview":"max-video-preview:-1"},"canonical":"https:\/\/premek.it\/sv\/produktion\/","og_locale":"sv_SE","og_type":"article","og_title":"Produktion - Premek Hi Tech","og_description":"V\u00c5RA PRODUKTER Ut\u00f6ver komponenterna: systemleverant\u00f6rer \"Att byta fr\u00e5n en konventionell svarvning till en precisionsmontering inneb\u00e4r att g\u00e5 fr\u00e5n ett","og_url":"https:\/\/premek.it\/sv\/produktion\/","og_site_name":"Premek Hi Tech","article_modified_time":"2023-12-04T16:14:59+00:00","twitter_card":"summary_large_image","twitter_misc":{"Ber\u00e4knad l\u00e4stid":"1 minut"},"schema":{"@context":"https:\/\/schema.org","@graph":[{"@type":"WebPage","@id":"https:\/\/premek.it\/sv\/produktion\/","url":"https:\/\/premek.it\/sv\/produktion\/","name":"Produktion - Premek Hi Tech","isPartOf":{"@id":"https:\/\/premek.it\/sv\/#website"},"datePublished":"2022-09-27T09:32:23+00:00","dateModified":"2023-12-04T16:14:59+00:00","description":"V\u00c5RA PRODUKTER Ut\u00f6ver komponenterna: systemleverant\u00f6rer \"Att byta fr\u00e5n en konventionell svarvning till en precisionsmontering inneb\u00e4r att g\u00e5 fr\u00e5n ett","breadcrumb":{"@id":"https:\/\/premek.it\/sv\/produktion\/#breadcrumb"},"inLanguage":"sv-SE","potentialAction":[{"@type":"ReadAction","target":["https:\/\/premek.it\/sv\/produktion\/"]}]},{"@type":"BreadcrumbList","@id":"https:\/\/premek.it\/sv\/produktion\/#breadcrumb","itemListElement":[{"@type":"ListItem","position":1,"name":"Home","item":"https:\/\/premek.it\/sv\/"},{"@type":"ListItem","position":2,"name":"Produktion"}]},{"@type":"WebSite","@id":"https:\/\/premek.it\/sv\/#website","url":"https:\/\/premek.it\/sv\/","name":"Premek Hi Tech","description":"Meccanica di precisione","potentialAction":[{"@type":"SearchAction","target":{"@type":"EntryPoint","urlTemplate":"https:\/\/premek.it\/sv\/?s={search_term_string}"},"query-input":{"@type":"PropertyValueSpecification","valueRequired":true,"valueName":"search_term_string"}}],"inLanguage":"sv-SE"}]}},"_links":{"self":[{"href":"https:\/\/premek.it\/sv\/wp-json\/wp\/v2\/pages\/8041","targetHints":{"allow":["GET"]}}],"collection":[{"href":"https:\/\/premek.it\/sv\/wp-json\/wp\/v2\/pages"}],"about":[{"href":"https:\/\/premek.it\/sv\/wp-json\/wp\/v2\/types\/page"}],"author":[{"embeddable":true,"href":"https:\/\/premek.it\/sv\/wp-json\/wp\/v2\/users\/1"}],"replies":[{"embeddable":true,"href":"https:\/\/premek.it\/sv\/wp-json\/wp\/v2\/comments?post=8041"}],"version-history":[{"count":2,"href":"https:\/\/premek.it\/sv\/wp-json\/wp\/v2\/pages\/8041\/revisions"}],"predecessor-version":[{"id":8792,"href":"https:\/\/premek.it\/sv\/wp-json\/wp\/v2\/pages\/8041\/revisions\/8792"}],"wp:attachment":[{"href":"https:\/\/premek.it\/sv\/wp-json\/wp\/v2\/media?parent=8041"}],"curies":[{"name":"wp","href":"https:\/\/api.w.org\/{rel}","templated":true}]}}