{"id":8072,"date":"2022-10-24T14:30:02","date_gmt":"2022-10-24T12:30:02","guid":{"rendered":"https:\/\/premek.it\/qualita-e-certificazione\/"},"modified":"2025-12-12T15:31:29","modified_gmt":"2025-12-12T14:31:29","slug":"kvalite-certifiering","status":"publish","type":"page","link":"https:\/\/premek.it\/sv\/kvalite-certifiering\/","title":{"rendered":"Kvalit\u00e9 &#038; certifiering"},"content":{"rendered":"<div class=\"intro-page\">\n<h1>KVALIT\u00c9 &#038; CERTIFIERING<\/h1>\n<h2>KVALITET: GRAVITATIONSSYSTEMET I PREMEK<\/h2>\n<p><i>\u201cAtt f\u00e5 den f\u00f6rsta ISO 9002-certifieringen 1997 var bara en formalisering av en naturlig inriktning p\u00e5 kvalitet i varje steg av produktionsprocessen.\u201d <\/i><\/p>\n<\/p><\/div>\n<div class=\"rows-hp anni\">\n<div class=\"row-hp odd\">\n<div class=\"column-text\">\n<div class=\"row-hp-text\">\n<p>Premek Hi Tech har nu 4 personer exklusivt engagerade i kvalitetss\u00e4kring. Redan 1997 har Premek Hi Tech erh\u00e5llit kvalitetscertifieringen ISO 9002, med certifieringsenheten DNV (Det Norske Veritas), sedan uppgraderad till ISO 9001 och h\u00e5ller nu p\u00e5 att implementera nya certifieringar.<\/p>\n<p>\t\t\tDet st\u00e4ndiga engagemanget f\u00f6r att berika f\u00f6retagets certifieringssystem har lett till att Premek Hi Tech \u00e4ven uppn\u00e5r ISO 14001-certifiering under 2018.     <\/p>\n<\/p><\/div>\n<\/p><\/div>\n<div class=\"column-img\">\n<div class=\"img-container reveal\"><img loading=\"lazy\" decoding=\"async\" width=\"700\" height=\"360\" src=\"https:\/\/premek.it\/wp-content\/uploads\/premek-quality.jpg\" class=\"\" alt=\"\" srcset=\"https:\/\/premek.it\/wp-content\/uploads\/premek-quality.jpg 700w, https:\/\/premek.it\/wp-content\/uploads\/premek-quality-300x154.jpg 300w, https:\/\/premek.it\/wp-content\/uploads\/premek-quality-480x247.jpg 480w\" sizes=\"auto, (max-width: 700px) 100vw, 700px\" \/><\/div>\n<\/p><\/div>\n<\/p><\/div>\n<div class=\"row-hp even\">\n<div class=\"column-text\">\n<div class=\"row-hp-text\">\n<p>F\u00f6r Premek Hi Tech s\u00e5 \u00e4r kvalit\u00e9 \u00e4r fortfarande mycket mer en flagga att vifta, det \u00e4r snarare en stil och ett s\u00e4tt att vara: allt utg\u00e5r fr\u00e5n kvalit\u00e9. Allt m\u00e5ste sluta med att den kvalitet som b\u00f6r s\u00e4kerst\u00e4llas f\u00f6r kunden, efterstr\u00e4vas i varje steg av produktionscykeln, blev en integrerad del av f\u00f6retagssystemet, f\u00f6rem\u00e5l f\u00f6r str\u00e4ngare kontroller innan produkten sl\u00e4pps ut p\u00e5 marknaden.<\/p>\n<p><a href=\"\/wp-content\/uploads\/premek-ISO-9001-en.pdf\" class=\"pk-btn\" download>Ladda ner ISO 9001 <span class=\"link-icon\"><\/span><\/a><\/p>\n<p><a href=\"\/wp-content\/uploads\/premek-ISO-14001-en.pdf\" class=\"pk-btn\" download>Ladda ner ISO 14001 <span class=\"link-icon\"><\/span><\/a><\/p>\n<p><a href=\"\/wp-content\/uploads\/premek-ISO-45001-en.pdf\" class=\"pk-btn\" download>Ladda ner ISO 45001 <span class=\"link-icon\"><\/span><\/a>\n<\/p>\n<\/p><\/div>\n<\/p><\/div>\n<div class=\"column-img\">\n<div class=\"img-container reveal\"><img loading=\"lazy\" decoding=\"async\" width=\"700\" height=\"264\" src=\"https:\/\/premek.it\/wp-content\/uploads\/premek-quality-ISO-9001-ISO-14001-ISO-45001.jpg\" class=\"\" alt=\"\" srcset=\"https:\/\/premek.it\/wp-content\/uploads\/premek-quality-ISO-9001-ISO-14001-ISO-45001.jpg 700w, https:\/\/premek.it\/wp-content\/uploads\/premek-quality-ISO-9001-ISO-14001-ISO-45001-300x113.jpg 300w, https:\/\/premek.it\/wp-content\/uploads\/premek-quality-ISO-9001-ISO-14001-ISO-45001-480x181.jpg 480w\" sizes=\"auto, (max-width: 700px) 100vw, 700px\" \/><\/div>\n<\/p><\/div>\n<\/p><\/div>\n<div class=\"row-hp odd\">\n<div class=\"column-text\">\n<div class=\"row-hp-text\">\n<p>\u00c5r 2024 genomf\u00f6rde Premek Hi Tech sin <strong>f\u00f6rsta h\u00e5llbarhetsrapport<\/strong>, en omfattande redog\u00f6relse f\u00f6r f\u00f6retagets val n\u00e4r det g\u00e4ller milj\u00f6m\u00e4ssig, social och bolagsstyrningsrelaterad h\u00e5llbarhet. Rapporten best\u00e5r av precisa data om p\u00e5verkan fr\u00e5n f\u00f6retagets verksamhet enligt <strong>ESG-modellen<\/strong>. Ett bevis p\u00e5 de goda resultat som uppn\u00e5tts \u00e4r <strong>bronsmedaljen som tilldelats av EcoVadis<\/strong>, en oberoende plattform som m\u00e4ter f\u00f6retags h\u00e5llbarhet ur ett globalt perspektiv.<\/p>\n<\/p><\/div>\n<\/p><\/div>\n<div class=\"column-img\">\n<div class=\"img-container reveal\"><img loading=\"lazy\" decoding=\"async\" width=\"700\" height=\"360\" src=\"https:\/\/premek.it\/wp-content\/uploads\/premek-ecovadis-2025.jpg\" class=\"\" alt=\"\" srcset=\"https:\/\/premek.it\/wp-content\/uploads\/premek-ecovadis-2025.jpg 700w, https:\/\/premek.it\/wp-content\/uploads\/premek-ecovadis-2025-300x154.jpg 300w, https:\/\/premek.it\/wp-content\/uploads\/premek-ecovadis-2025-480x247.jpg 480w\" sizes=\"auto, (max-width: 700px) 100vw, 700px\" \/><\/div>\n<\/p><\/div>\n<\/p><\/div>\n<div class=\"row-hp even\">\n<div class=\"column-text\">\n<div class=\"row-hp-text\">\n<p>Premek Hi Tech valde att ansluta sig till <strong>WHP-projektet<\/strong>, vilket st\u00e5r f\u00f6r <strong>Workplace Health Promotion<\/strong>, ett internationellt program som uppmuntrar f\u00f6retag att skapa en arbetsmilj\u00f6 som fr\u00e4mjar v\u00e4lbefinnande. I Friuli Venezia Giulia tog initiativet form genom ett n\u00e4tverk som involverar f\u00f6retag, institutioner och h\u00e4lsoprofessionella. Att vara en del av n\u00e4tverket inneb\u00e4r att dela v\u00e4rderingar, erfarenheter och b\u00e4sta praxis som i \u00e4nnu h\u00f6gre grad s\u00e4tter m\u00e4nniskan i centrum.<\/p>\n<\/p><\/div>\n<\/p><\/div>\n<div class=\"column-img\">\n<div class=\"img-container reveal\"><img loading=\"lazy\" decoding=\"async\" width=\"700\" height=\"360\" src=\"https:\/\/premek.it\/wp-content\/uploads\/premek-whp.jpg\" class=\"\" alt=\"\" srcset=\"https:\/\/premek.it\/wp-content\/uploads\/premek-whp.jpg 700w, https:\/\/premek.it\/wp-content\/uploads\/premek-whp-300x154.jpg 300w, https:\/\/premek.it\/wp-content\/uploads\/premek-whp-480x247.jpg 480w\" sizes=\"auto, (max-width: 700px) 100vw, 700px\" \/><\/div>\n<\/p><\/div>\n<\/p><\/div>\n<div class=\"row-hp odd\">\n<div class=\"column-text\">\n<div class=\"row-hp-text\">\n<p>Premek Hi Tech mottog \u00e5terigen <strong>certifikatet CRIBIS Prime Company<\/strong> \u00e5r 2025, utf\u00e4rdat av CRIBIS, Italiens ledande f\u00f6retag inom kommersiell kreditv\u00e4rdering och aff\u00e4rsutvecklingstj\u00e4nster,<strong> vilket bekr\u00e4ftar f\u00f6retagets p\u00e5litlighet och finansiella styrka.<\/strong><\/p>\n<\/p><\/div>\n<\/p><\/div>\n<div class=\"column-img\">\n<div class=\"img-container reveal\"><img loading=\"lazy\" decoding=\"async\" width=\"700\" height=\"360\" src=\"https:\/\/premek.it\/wp-content\/uploads\/premek-cribis.jpg\" class=\"\" alt=\"\" srcset=\"https:\/\/premek.it\/wp-content\/uploads\/premek-cribis.jpg 700w, https:\/\/premek.it\/wp-content\/uploads\/premek-cribis-300x154.jpg 300w, https:\/\/premek.it\/wp-content\/uploads\/premek-cribis-480x247.jpg 480w\" sizes=\"auto, (max-width: 700px) 100vw, 700px\" \/><\/div>\n<\/p><\/div>\n<\/p><\/div>\n<\/div>\n","protected":false},"excerpt":{"rendered":"<p>KVALIT\u00c9 &#038; CERTIFIERING KVALITET: GRAVITATIONSSYSTEMET I PREMEK \u201cAtt f\u00e5 den f\u00f6rsta ISO 9002-certifieringen 1997 var bara en formalisering av en naturlig inriktning p\u00e5 kvalitet i varje steg av produktionsprocessen.\u201d Premek Hi Tech har nu 4 personer exklusivt engagerade i kvalitetss\u00e4kring. Redan 1997 har Premek Hi Tech erh\u00e5llit kvalitetscertifieringen ISO 9002, med certifieringsenheten DNV (Det Norske [&hellip;]<\/p>\n","protected":false},"author":1,"featured_media":0,"parent":0,"menu_order":0,"comment_status":"closed","ping_status":"closed","template":"","meta":{"_acf_changed":false,"inline_featured_image":false,"footnotes":""},"class_list":["post-8072","page","type-page","status-publish","hentry"],"acf":[],"yoast_head":"<!-- This site is optimized with the Yoast SEO plugin v27.4 - https:\/\/yoast.com\/product\/yoast-seo-wordpress\/ -->\n<title>Kvalit\u00e9 &amp; certifiering - Premek Hi Tech<\/title>\n<meta name=\"description\" content=\"KVALIT\u00c9 &amp; CERTIFIERING KVALITET: GRAVITATIONSSYSTEMET I PREMEK \u201cAtt f\u00e5 den f\u00f6rsta ISO 9002-certifieringen 1997 var bara en formalisering av en naturlig\" \/>\n<meta name=\"robots\" content=\"index, follow, max-snippet:-1, max-image-preview:large, max-video-preview:-1\" \/>\n<link rel=\"canonical\" href=\"https:\/\/premek.it\/sv\/kvalite-certifiering\/\" \/>\n<meta property=\"og:locale\" content=\"sv_SE\" \/>\n<meta property=\"og:type\" content=\"article\" \/>\n<meta property=\"og:title\" content=\"Kvalit\u00e9 &amp; certifiering - Premek Hi Tech\" \/>\n<meta property=\"og:description\" content=\"KVALIT\u00c9 &amp; CERTIFIERING KVALITET: GRAVITATIONSSYSTEMET I PREMEK \u201cAtt f\u00e5 den f\u00f6rsta ISO 9002-certifieringen 1997 var bara en formalisering av en naturlig\" \/>\n<meta property=\"og:url\" content=\"https:\/\/premek.it\/sv\/kvalite-certifiering\/\" \/>\n<meta property=\"og:site_name\" content=\"Premek Hi Tech\" \/>\n<meta property=\"article:modified_time\" content=\"2025-12-12T14:31:29+00:00\" \/>\n<meta name=\"twitter:card\" content=\"summary_large_image\" \/>\n<meta name=\"twitter:label1\" content=\"Ber\u00e4knad l\u00e4stid\" \/>\n\t<meta name=\"twitter:data1\" content=\"1 minut\" \/>\n<script type=\"application\/ld+json\" class=\"yoast-schema-graph\">{\"@context\":\"https:\\\/\\\/schema.org\",\"@graph\":[{\"@type\":\"WebPage\",\"@id\":\"https:\\\/\\\/premek.it\\\/sv\\\/kvalite-certifiering\\\/\",\"url\":\"https:\\\/\\\/premek.it\\\/sv\\\/kvalite-certifiering\\\/\",\"name\":\"Kvalit\u00e9 & certifiering - Premek Hi Tech\",\"isPartOf\":{\"@id\":\"https:\\\/\\\/premek.it\\\/sv\\\/#website\"},\"datePublished\":\"2022-10-24T12:30:02+00:00\",\"dateModified\":\"2025-12-12T14:31:29+00:00\",\"description\":\"KVALIT\u00c9 & CERTIFIERING KVALITET: GRAVITATIONSSYSTEMET I PREMEK \u201cAtt f\u00e5 den f\u00f6rsta ISO 9002-certifieringen 1997 var bara en formalisering av en naturlig\",\"breadcrumb\":{\"@id\":\"https:\\\/\\\/premek.it\\\/sv\\\/kvalite-certifiering\\\/#breadcrumb\"},\"inLanguage\":\"sv-SE\",\"potentialAction\":[{\"@type\":\"ReadAction\",\"target\":[\"https:\\\/\\\/premek.it\\\/sv\\\/kvalite-certifiering\\\/\"]}]},{\"@type\":\"BreadcrumbList\",\"@id\":\"https:\\\/\\\/premek.it\\\/sv\\\/kvalite-certifiering\\\/#breadcrumb\",\"itemListElement\":[{\"@type\":\"ListItem\",\"position\":1,\"name\":\"Home\",\"item\":\"https:\\\/\\\/premek.it\\\/sv\\\/\"},{\"@type\":\"ListItem\",\"position\":2,\"name\":\"Kvalit\u00e9 &#038; certifiering\"}]},{\"@type\":\"WebSite\",\"@id\":\"https:\\\/\\\/premek.it\\\/sv\\\/#website\",\"url\":\"https:\\\/\\\/premek.it\\\/sv\\\/\",\"name\":\"Premek Hi Tech\",\"description\":\"Meccanica di precisione\",\"potentialAction\":[{\"@type\":\"SearchAction\",\"target\":{\"@type\":\"EntryPoint\",\"urlTemplate\":\"https:\\\/\\\/premek.it\\\/sv\\\/?s={search_term_string}\"},\"query-input\":{\"@type\":\"PropertyValueSpecification\",\"valueRequired\":true,\"valueName\":\"search_term_string\"}}],\"inLanguage\":\"sv-SE\"}]}<\/script>\n<!-- \/ Yoast SEO plugin. -->","yoast_head_json":{"title":"Kvalit\u00e9 & certifiering - Premek Hi Tech","description":"KVALIT\u00c9 & CERTIFIERING KVALITET: GRAVITATIONSSYSTEMET I PREMEK \u201cAtt f\u00e5 den f\u00f6rsta ISO 9002-certifieringen 1997 var bara en formalisering av en naturlig","robots":{"index":"index","follow":"follow","max-snippet":"max-snippet:-1","max-image-preview":"max-image-preview:large","max-video-preview":"max-video-preview:-1"},"canonical":"https:\/\/premek.it\/sv\/kvalite-certifiering\/","og_locale":"sv_SE","og_type":"article","og_title":"Kvalit\u00e9 & certifiering - Premek Hi Tech","og_description":"KVALIT\u00c9 & CERTIFIERING KVALITET: GRAVITATIONSSYSTEMET I PREMEK \u201cAtt f\u00e5 den f\u00f6rsta ISO 9002-certifieringen 1997 var bara en formalisering av en naturlig","og_url":"https:\/\/premek.it\/sv\/kvalite-certifiering\/","og_site_name":"Premek Hi Tech","article_modified_time":"2025-12-12T14:31:29+00:00","twitter_card":"summary_large_image","twitter_misc":{"Ber\u00e4knad l\u00e4stid":"1 minut"},"schema":{"@context":"https:\/\/schema.org","@graph":[{"@type":"WebPage","@id":"https:\/\/premek.it\/sv\/kvalite-certifiering\/","url":"https:\/\/premek.it\/sv\/kvalite-certifiering\/","name":"Kvalit\u00e9 & certifiering - Premek Hi Tech","isPartOf":{"@id":"https:\/\/premek.it\/sv\/#website"},"datePublished":"2022-10-24T12:30:02+00:00","dateModified":"2025-12-12T14:31:29+00:00","description":"KVALIT\u00c9 & CERTIFIERING KVALITET: GRAVITATIONSSYSTEMET I PREMEK \u201cAtt f\u00e5 den f\u00f6rsta ISO 9002-certifieringen 1997 var bara en formalisering av en naturlig","breadcrumb":{"@id":"https:\/\/premek.it\/sv\/kvalite-certifiering\/#breadcrumb"},"inLanguage":"sv-SE","potentialAction":[{"@type":"ReadAction","target":["https:\/\/premek.it\/sv\/kvalite-certifiering\/"]}]},{"@type":"BreadcrumbList","@id":"https:\/\/premek.it\/sv\/kvalite-certifiering\/#breadcrumb","itemListElement":[{"@type":"ListItem","position":1,"name":"Home","item":"https:\/\/premek.it\/sv\/"},{"@type":"ListItem","position":2,"name":"Kvalit\u00e9 &#038; certifiering"}]},{"@type":"WebSite","@id":"https:\/\/premek.it\/sv\/#website","url":"https:\/\/premek.it\/sv\/","name":"Premek Hi Tech","description":"Meccanica di precisione","potentialAction":[{"@type":"SearchAction","target":{"@type":"EntryPoint","urlTemplate":"https:\/\/premek.it\/sv\/?s={search_term_string}"},"query-input":{"@type":"PropertyValueSpecification","valueRequired":true,"valueName":"search_term_string"}}],"inLanguage":"sv-SE"}]}},"_links":{"self":[{"href":"https:\/\/premek.it\/sv\/wp-json\/wp\/v2\/pages\/8072","targetHints":{"allow":["GET"]}}],"collection":[{"href":"https:\/\/premek.it\/sv\/wp-json\/wp\/v2\/pages"}],"about":[{"href":"https:\/\/premek.it\/sv\/wp-json\/wp\/v2\/types\/page"}],"author":[{"embeddable":true,"href":"https:\/\/premek.it\/sv\/wp-json\/wp\/v2\/users\/1"}],"replies":[{"embeddable":true,"href":"https:\/\/premek.it\/sv\/wp-json\/wp\/v2\/comments?post=8072"}],"version-history":[{"count":4,"href":"https:\/\/premek.it\/sv\/wp-json\/wp\/v2\/pages\/8072\/revisions"}],"predecessor-version":[{"id":27969,"href":"https:\/\/premek.it\/sv\/wp-json\/wp\/v2\/pages\/8072\/revisions\/27969"}],"wp:attachment":[{"href":"https:\/\/premek.it\/sv\/wp-json\/wp\/v2\/media?parent=8072"}],"curies":[{"name":"wp","href":"https:\/\/api.w.org\/{rel}","templated":true}]}}